{"id":10197,"date":"2022-10-06T12:32:01","date_gmt":"2022-10-06T10:32:01","guid":{"rendered":"https:\/\/cozy2wear.com\/?post_type=product&#038;p=10197"},"modified":"2025-12-04T09:35:50","modified_gmt":"2025-12-04T08:35:50","slug":"poklon-kartica-6000-rsd","status":"publish","type":"product","link":"https:\/\/cozy2wear.com\/ba\/poklon-kartice\/poklon-kartica-6000-rsd\/","title":{"rendered":"POKLON KARTICA 6000 RSD"},"content":{"rendered":"<p>Pravila za kori\u0161tenje poklon kartice:<\/p>\n<p>- Prilikom kupovine, na va\u0161u email adresu \u0107ete dobiti upute za uplatu na ra\u010dun kompanije.<br \/>\n- Nakon kupovine, po\u0161tom \u0107ete dobiti vau\u010der sa jedinstvenim kodom koji \u0107e va\u0161a voljena osoba mo\u0107i koristiti prilikom kupovine na na\u0161oj web stranici.<br \/>\n- Svi artikli naru\u010deni putem poklon kartice bit \u0107e zapakirani u na\u0161u poklon kutiju, a u napomeni mo\u017eete napisati poruku za korisnika kartice, koju \u0107emo ubaciti zajedno s poklonom.<br \/>\n- Poklon kartica se mo\u017ee koristiti samo za kupovinu proizvoda do iznosa navedenog na njoj i ne mo\u017ee se zamijeniti za novac.<br \/>\n- Ukoliko iznos prelazi cifru na kartici, korisnik kartice \u0107e platiti razliku u cijeni (podizanjem gotovine, uplatom na ra\u010dun ili kreditnom\/debitnom karticom).<br \/>\n- Nakon kupovine kartice, nije mogu\u0107e vratiti je niti tra\u017eiti povrat upla\u0107enih sredstava.<br \/>\n- Broj karata koje jedna osoba mo\u017ee kupiti nije ograni\u010den.<br \/>\n- Kupac poklon kartice mo\u017ee koristiti karticu li\u010dno ili je mo\u017ee pokloniti drugoj osobi, odnosno krajnjem korisniku.<br \/>\n- Jedan kupon va\u017ei samo za jednu kupovinu, kori\u0161tenjem kupona automatski se poni\u0161tava kod.<br \/>\n- Rok va\u017eenja kartice je 12 mjeseci od datuma kupovine.<\/p>","protected":false},"excerpt":{"rendered":"<p>Savr\u0161en poklon za svaku priliku! Ako \u017eelite obradovati dragu osobu koja voli nositi udobne i lijepe stvari, ali jo\u0161 uvijek ne znate ta\u010dno \u0161ta da joj kupite, COZY nudi poklon karticu u datom iznosu.<\/p>","protected":false},"featured_media":10198,"comment_status":"open","ping_status":"closed","template":"","meta":{"_acf_changed":false},"product_brand":[],"product_cat":[136,298],"product_tag":[],"class_list":{"0":"post-10197","1":"product","2":"type-product","3":"status-publish","4":"has-post-thumbnail","6":"product_cat-poklon-kartice","7":"product_cat-gift-shop","9":"first","10":"instock","11":"taxable","12":"shipping-taxable","13":"purchasable","14":"product-type-simple"},"acf":[],"_links":{"self":[{"href":"https:\/\/cozy2wear.com\/ba\/wp-json\/wp\/v2\/product\/10197","targetHints":{"allow":["GET"]}}],"collection":[{"href":"https:\/\/cozy2wear.com\/ba\/wp-json\/wp\/v2\/product"}],"about":[{"href":"https:\/\/cozy2wear.com\/ba\/wp-json\/wp\/v2\/types\/product"}],"replies":[{"embeddable":true,"href":"https:\/\/cozy2wear.com\/ba\/wp-json\/wp\/v2\/comments?post=10197"}],"version-history":[{"count":0,"href":"https:\/\/cozy2wear.com\/ba\/wp-json\/wp\/v2\/product\/10197\/revisions"}],"wp:featuredmedia":[{"embeddable":true,"href":"https:\/\/cozy2wear.com\/ba\/wp-json\/wp\/v2\/media\/10198"}],"wp:attachment":[{"href":"https:\/\/cozy2wear.com\/ba\/wp-json\/wp\/v2\/media?parent=10197"}],"wp:term":[{"taxonomy":"product_brand","embeddable":true,"href":"https:\/\/cozy2wear.com\/ba\/wp-json\/wp\/v2\/product_brand?post=10197"},{"taxonomy":"product_cat","embeddable":true,"href":"https:\/\/cozy2wear.com\/ba\/wp-json\/wp\/v2\/product_cat?post=10197"},{"taxonomy":"product_tag","embeddable":true,"href":"https:\/\/cozy2wear.com\/ba\/wp-json\/wp\/v2\/product_tag?post=10197"}],"curies":[{"name":"wp","href":"https:\/\/api.w.org\/{rel}","templated":true}]}}