{"id":12847,"date":"2025-09-25T08:04:28","date_gmt":"2025-09-25T06:04:28","guid":{"rendered":"https:\/\/cozy2wear.com\/?post_type=product&#038;p=12847"},"modified":"2026-04-06T08:55:20","modified_gmt":"2026-04-06T06:55:20","slug":"organski-bijeli-dzemper","status":"publish","type":"product","link":"https:\/\/cozy2wear.com\/ba\/rolka\/rolka-organic-off-white\/","title":{"rendered":"ROLKA ZOE ORGANIC OFF WHITE"},"content":{"rendered":"<p data-start=\"140\" data-end=\"748\">Zoe rol-kragna je oli\u010denje jednostavnosti i elegancije \u2013 klasi\u010dan model s plitkom rol-kragnom i dugim rukavima koji nikada ne izlazi iz mode. Dizajnirana je da bude jedan od onih komada bez kojih ne mo\u017eete \u017eivjeti, jer se lako kombinira sa svime - od poslovnih hla\u010da i suknji do farmerki i le\u017eernih kombinacija. Zahvaljuju\u0107i ugodnom i rastezljivom materijalu, pru\u017ea osje\u0107aj udobnosti tokom cijelog dana, dok minimalisti\u010dka silueta omogu\u0107ava da izgledate uredno uz minimalan napor. Nije iznena\u0111enje da je Zoe jedan od na\u0161ih najprodavanijih i najponovljenijih proizvoda - jer je pravi &quot;must-have&quot; u ormaru svake \u017eene.<\/p>\n<p>Materijal koji smo odabrali je najmek\u0161i organski pamu\u010dni piling 100%, koji se obi\u010dno koristi za dje\u010dje bodije, jer va\u0161a ko\u017ea zaslu\u017euje najbolje. Mo\u017ee se nositi u svim godi\u0161njim dobima. Proizvedeno s ljubavlju u humanim radnim uvjetima, s velikom pa\u017enjom posve\u0107enom detaljima, kroju i kvaliteti proizvoda.<\/p>\n<p>Djevojka na fotografiji je visoka 172 cm i nosi veli\u010dinu 36\/38 - za pomo\u0107 pri odabiru veli\u010dina, pogledajte dimenzije proizvoda.<\/p>\n<p>Proizvedeno u Srbiji.<\/p>","protected":false},"excerpt":{"rendered":"<p>Rol kragna s plitkom rol kragnom i dugim rukavima. Jedan od na\u0161ih najprodavanijih i naj\u010de\u0161\u0107e kori\u0161tenih proizvoda, jer je savr\u0161en za kombiniranje.<\/p>","protected":false},"featured_media":45354,"comment_status":"open","ping_status":"closed","template":"","meta":{"_acf_changed":false},"product_brand":[],"product_cat":[213,84,75],"product_tag":[275,276,272],"class_list":{"0":"post-12847","1":"product","2":"type-product","3":"status-publish","4":"has-post-thumbnail","6":"product_cat-rolka","7":"product_cat-dug-rukav","8":"product_cat-majice","9":"product_tag-100-organski-pamuk","10":"product_tag-fall25","11":"product_tag-jesen-25","12":"pa_kolekcije-organic","13":"pa_odaberi-velicinu-125","14":"pa_odaberi-velicinu-126","15":"pa_odaberi-velicinu-131","17":"first","18":"instock","19":"taxable","20":"shipping-taxable","21":"purchasable","22":"product-type-variable"},"acf":[],"_links":{"self":[{"href":"https:\/\/cozy2wear.com\/ba\/wp-json\/wp\/v2\/product\/12847","targetHints":{"allow":["GET"]}}],"collection":[{"href":"https:\/\/cozy2wear.com\/ba\/wp-json\/wp\/v2\/product"}],"about":[{"href":"https:\/\/cozy2wear.com\/ba\/wp-json\/wp\/v2\/types\/product"}],"replies":[{"embeddable":true,"href":"https:\/\/cozy2wear.com\/ba\/wp-json\/wp\/v2\/comments?post=12847"}],"version-history":[{"count":0,"href":"https:\/\/cozy2wear.com\/ba\/wp-json\/wp\/v2\/product\/12847\/revisions"}],"wp:featuredmedia":[{"embeddable":true,"href":"https:\/\/cozy2wear.com\/ba\/wp-json\/wp\/v2\/media\/45354"}],"wp:attachment":[{"href":"https:\/\/cozy2wear.com\/ba\/wp-json\/wp\/v2\/media?parent=12847"}],"wp:term":[{"taxonomy":"product_brand","embeddable":true,"href":"https:\/\/cozy2wear.com\/ba\/wp-json\/wp\/v2\/product_brand?post=12847"},{"taxonomy":"product_cat","embeddable":true,"href":"https:\/\/cozy2wear.com\/ba\/wp-json\/wp\/v2\/product_cat?post=12847"},{"taxonomy":"product_tag","embeddable":true,"href":"https:\/\/cozy2wear.com\/ba\/wp-json\/wp\/v2\/product_tag?post=12847"}],"curies":[{"name":"wp","href":"https:\/\/api.w.org\/{rel}","templated":true}]}}