{"id":14011,"date":"2025-03-14T08:15:21","date_gmt":"2025-03-14T07:15:21","guid":{"rendered":"https:\/\/cozy2wear.com\/?post_type=product&#038;p=14011"},"modified":"2026-04-06T08:55:20","modified_gmt":"2026-04-06T06:55:20","slug":"majica-antigona-organic-off-white","status":"publish","type":"product","link":"https:\/\/cozy2wear.com\/ba\/majice\/majica-antigona-organic-off-white\/","title":{"rendered":"MAJICA ANTIGONA ORGANIC OFF WHITE"},"content":{"rendered":"<p>Na\u0161a najprodavanija majica ikad, najverovatnije je volite zbog karakteristi\u010dnog \u0161ava na prednjici, lepe siluete sa V izrezom, lako\u0107i kombinovanja uz sve, i najmekanijeg pamuka na svetu.<\/p>\n<p>Materijal koji smo odabrali je najmek\u0161i Missoni pamu\u010dni singlet napravljen od 100% ORGANSKOG pamuka, jer va\u0161a ko\u017ea zaslu\u017euje najbolje. Proizvedeno s ljubavlju u humanim radnim uslovima, s velikom pa\u017enjom posve\u0107enom detaljima, kroju i kvaliteti proizvoda. *Organski pamuk se proizvodi na tradicionalan na\u010din, koji je, u pore\u0111enju s konvencionalnim pamukom, mnogo prihvatljiviji za globalni ekosistem i ljudsko zdravlje. Daleko je bolji izbor za ko\u017eu, posebno osjetljivu i sklonu alergijama, jer se za njegovu proizvodnju ne koriste hemikalije, herbicidi, pesticidi ili insekticidi, te stoga ne \u0161teti radnicima koji su uklju\u010deni u njegovu proizvodnju. Tako\u0111er, proizvodnja organskog pamuka koristi 70% manje vode i 60% manje energije od standardne proizvodnje pamuka.<\/p>\n<p>**GOTS certifikat garantuje da se proizvodnja pamuka temeljito provjerava i prati od izvora do kona\u010dnog proizvoda (dostupno na zahtjev).**.<\/p>\n<p>Djevojka na fotografiji je visoka 177 cm i nosi veli\u010dinu 36\/38.<\/p>\n<p>Proizvedeno u Srbiji.<\/p>","protected":false},"excerpt":{"rendered":"<p>Na\u0161a najprodavanija majica ikad, najverovatnije je volite zbog karakteristi\u010dnog \u0161ava na prednjici, lepe siluete sa V izrezom, lako\u0107i kombinovanja uz sve, i najmekanijeg pamuka na svetu.<\/p>","protected":false},"featured_media":38157,"comment_status":"open","ping_status":"closed","template":"","meta":{"_acf_changed":false},"product_brand":[],"product_cat":[75,83],"product_tag":[],"class_list":{"0":"post-14011","1":"product","2":"type-product","3":"status-publish","4":"has-post-thumbnail","6":"product_cat-majice","7":"product_cat-kratak-rukav","8":"pa_kolekcije-organic","9":"pa_odaberi-velicinu-125","10":"pa_odaberi-velicinu-126","11":"pa_odaberi-velicinu-131","13":"first","14":"outofstock","15":"taxable","16":"shipping-taxable","17":"purchasable","18":"product-type-variable"},"acf":[],"_links":{"self":[{"href":"https:\/\/cozy2wear.com\/ba\/wp-json\/wp\/v2\/product\/14011","targetHints":{"allow":["GET"]}}],"collection":[{"href":"https:\/\/cozy2wear.com\/ba\/wp-json\/wp\/v2\/product"}],"about":[{"href":"https:\/\/cozy2wear.com\/ba\/wp-json\/wp\/v2\/types\/product"}],"replies":[{"embeddable":true,"href":"https:\/\/cozy2wear.com\/ba\/wp-json\/wp\/v2\/comments?post=14011"}],"version-history":[{"count":0,"href":"https:\/\/cozy2wear.com\/ba\/wp-json\/wp\/v2\/product\/14011\/revisions"}],"wp:featuredmedia":[{"embeddable":true,"href":"https:\/\/cozy2wear.com\/ba\/wp-json\/wp\/v2\/media\/38157"}],"wp:attachment":[{"href":"https:\/\/cozy2wear.com\/ba\/wp-json\/wp\/v2\/media?parent=14011"}],"wp:term":[{"taxonomy":"product_brand","embeddable":true,"href":"https:\/\/cozy2wear.com\/ba\/wp-json\/wp\/v2\/product_brand?post=14011"},{"taxonomy":"product_cat","embeddable":true,"href":"https:\/\/cozy2wear.com\/ba\/wp-json\/wp\/v2\/product_cat?post=14011"},{"taxonomy":"product_tag","embeddable":true,"href":"https:\/\/cozy2wear.com\/ba\/wp-json\/wp\/v2\/product_tag?post=14011"}],"curies":[{"name":"wp","href":"https:\/\/api.w.org\/{rel}","templated":true}]}}