{"id":21454,"date":"2026-01-23T08:00:01","date_gmt":"2026-01-23T07:00:01","guid":{"rendered":"https:\/\/cozy2wear.com\/?post_type=product&#038;p=21454"},"modified":"2026-04-21T18:55:22","modified_gmt":"2026-04-21T16:55:22","slug":"joy-organske-gacice-od-pijeska-2","status":"publish","type":"product","link":"https:\/\/cozy2wear.com\/ba\/donji-ves\/gacice-joy-organic-sand-2\/","title":{"rendered":"JOY ORGANSKI PJE\u0160\u010cANI HLA\u010cE"},"content":{"rendered":"<p><span style=\"font-weight: 400;\">Proizvedeno u Srbiji od organskog pamuka sa certifikatom 100%* (GOTS**).\u00a0<\/span><\/p>\n<p><span style=\"font-weight: 400;\">*Organski pamuk se proizvodi na tradicionalan na\u010din, koji je, u pore\u0111enju sa konvencionalnim pamukom, mnogo prihvatljiviji za globalni ekosistem i ljudsko zdravlje. Daleko je bolji izbor za ko\u017eu, posebno osjetljivu i sklonu alergijama, jer se za njegovu proizvodnju ne koriste hemikalije, herbicidi, pesticidi ili insekticidi, te stoga ne \u0161teti radnicima koji su uklju\u010deni u njegovu proizvodnju. Tako\u0111er, proizvodnja organskog pamuka koristi 70% manje vode i 60% manje energije od standardne proizvodnje pamuka.\u00a0<\/span><\/p>\n<p><span style=\"font-weight: 400;\">**GOTS certifikat garantuje da se proizvodnja pamuka temeljito provjerava i prati od izvora do kona\u010dnog proizvoda (dostupno na zahtjev).**.\u00a0<\/span><\/p>\n<p>Devojka na fotografiji nosi veli\u010dinu 36-38.<\/p>\n<p>IZ HIGIJENSKIH RAZLOGA NE MO\u017dETE VRATITI\/ZAMIJENITI OVAJ PROIZVOD.<\/p>","protected":false},"excerpt":{"rendered":"<p><span style=\"font-weight: 400;\">Ove savr\u0161ene ga\u0107ice izra\u0111ene su od organskog pamuka, koji omogu\u0107ava ko\u017ei da di\u0161e. Bez suvi\u0161nih detalja i jednostavnog kroja, pru\u017eaju ti ose\u0107aj slobode, samouverenosti i udobnosti bez kompromisa. Etiketa na zadnjem delu.\u00a0<\/span><\/p>","protected":false},"featured_media":50847,"comment_status":"open","ping_status":"closed","template":"","meta":{"_acf_changed":false},"product_brand":[],"product_cat":[95,97,76],"product_tag":[],"class_list":{"0":"post-21454","1":"product","2":"type-product","3":"status-publish","4":"has-post-thumbnail","6":"product_cat-donji-ves","7":"product_cat-gacice","8":"product_cat-novo","9":"pa_kolekcije-organic","10":"pa_odaberi-velicinu-125","11":"pa_odaberi-velicinu-126","12":"pa_odaberi-velicinu-131","14":"first","15":"instock","16":"taxable","17":"shipping-taxable","18":"purchasable","19":"product-type-variable"},"acf":[],"_links":{"self":[{"href":"https:\/\/cozy2wear.com\/ba\/wp-json\/wp\/v2\/product\/21454","targetHints":{"allow":["GET"]}}],"collection":[{"href":"https:\/\/cozy2wear.com\/ba\/wp-json\/wp\/v2\/product"}],"about":[{"href":"https:\/\/cozy2wear.com\/ba\/wp-json\/wp\/v2\/types\/product"}],"replies":[{"embeddable":true,"href":"https:\/\/cozy2wear.com\/ba\/wp-json\/wp\/v2\/comments?post=21454"}],"version-history":[{"count":0,"href":"https:\/\/cozy2wear.com\/ba\/wp-json\/wp\/v2\/product\/21454\/revisions"}],"wp:featuredmedia":[{"embeddable":true,"href":"https:\/\/cozy2wear.com\/ba\/wp-json\/wp\/v2\/media\/50847"}],"wp:attachment":[{"href":"https:\/\/cozy2wear.com\/ba\/wp-json\/wp\/v2\/media?parent=21454"}],"wp:term":[{"taxonomy":"product_brand","embeddable":true,"href":"https:\/\/cozy2wear.com\/ba\/wp-json\/wp\/v2\/product_brand?post=21454"},{"taxonomy":"product_cat","embeddable":true,"href":"https:\/\/cozy2wear.com\/ba\/wp-json\/wp\/v2\/product_cat?post=21454"},{"taxonomy":"product_tag","embeddable":true,"href":"https:\/\/cozy2wear.com\/ba\/wp-json\/wp\/v2\/product_tag?post=21454"}],"curies":[{"name":"wp","href":"https:\/\/api.w.org\/{rel}","templated":true}]}}