{"id":23782,"date":"2025-09-05T08:00:00","date_gmt":"2025-09-05T06:00:00","guid":{"rendered":"https:\/\/cozy2wear.com\/?post_type=product&#038;p=23782"},"modified":"2026-04-06T08:55:20","modified_gmt":"2026-04-06T06:55:20","slug":"majica-s-prugama-na-parizu","status":"publish","type":"product","link":"https:\/\/cozy2wear.com\/ba\/majice\/majica-paris-stripes\/","title":{"rendered":"MAJICA S PRUGAMA PARIS"},"content":{"rendered":"<p data-start=\"475\" data-end=\"725\">Prugasta majica s brodskim izrezom spaja udobnost i sofisticiranost u jednom klasi\u010dnom komadu. Inspirisana bezvremenskim pari\u0161kim stilom, ova majica je napravljena za one trenutke kada \u017eelite izgledati elegantno, a istovremeno se osje\u0107ati potpuno opu\u0161teno. Ova majica je savr\u0161en izbor i za le\u017eerne dnevne odjevne kombinacije i za ve\u010dernje \u0161etnje gradom. Mo\u017eete je upariti s farmerkama za le\u017eeran izgled ili s elegantnim hla\u010dama i nakitom za sofisticiraniji stil.<\/p>\n<p data-start=\"727\" data-end=\"986\">Napravljen je od 100% pamu\u010dnog single missoni materijala - laganog, prozra\u010dnog i ugodnog za ko\u017eu. Proizveden s ljubavlju u humanim radnim uslovima, uz veliku pa\u017enju posve\u0107enu detaljima, kroju i kvaliteti proizvoda.<\/p>\n<p data-start=\"727\" data-end=\"986\">Djevojka na fotografiji je visoka 173 cm i nosi veli\u010dinu 36\/38 - za pomo\u0107 pri odabiru veli\u010dina, pogledajte dimenzije proizvoda.<\/p>\n<p>Proizvedeno u Srbiji.<\/p>","protected":false},"excerpt":{"rendered":"<p>Pamu\u010dna majica s prugastim izrezom, elegantna i udobna u isto vrijeme. Napravljena za biciklizam s pletenom korpom koja sadr\u017ei baget i cvije\u0107e.<\/p>\n<p>&nbsp;<\/p>","protected":false},"featured_media":44111,"comment_status":"open","ping_status":"closed","template":"","meta":{"_acf_changed":false},"product_brand":[],"product_cat":[75,281,84],"product_tag":[],"class_list":{"0":"post-23782","1":"product","2":"type-product","3":"status-publish","4":"has-post-thumbnail","6":"product_cat-majice","7":"product_cat-bestsellers","8":"product_cat-dug-rukav","9":"pa_kolekcije-basic","10":"pa_odaberi-velicinu-125","11":"pa_odaberi-velicinu-126","12":"pa_odaberi-velicinu-131","14":"first","15":"outofstock","16":"taxable","17":"shipping-taxable","18":"purchasable","19":"product-type-variable"},"acf":[],"_links":{"self":[{"href":"https:\/\/cozy2wear.com\/ba\/wp-json\/wp\/v2\/product\/23782","targetHints":{"allow":["GET"]}}],"collection":[{"href":"https:\/\/cozy2wear.com\/ba\/wp-json\/wp\/v2\/product"}],"about":[{"href":"https:\/\/cozy2wear.com\/ba\/wp-json\/wp\/v2\/types\/product"}],"replies":[{"embeddable":true,"href":"https:\/\/cozy2wear.com\/ba\/wp-json\/wp\/v2\/comments?post=23782"}],"version-history":[{"count":0,"href":"https:\/\/cozy2wear.com\/ba\/wp-json\/wp\/v2\/product\/23782\/revisions"}],"wp:featuredmedia":[{"embeddable":true,"href":"https:\/\/cozy2wear.com\/ba\/wp-json\/wp\/v2\/media\/44111"}],"wp:attachment":[{"href":"https:\/\/cozy2wear.com\/ba\/wp-json\/wp\/v2\/media?parent=23782"}],"wp:term":[{"taxonomy":"product_brand","embeddable":true,"href":"https:\/\/cozy2wear.com\/ba\/wp-json\/wp\/v2\/product_brand?post=23782"},{"taxonomy":"product_cat","embeddable":true,"href":"https:\/\/cozy2wear.com\/ba\/wp-json\/wp\/v2\/product_cat?post=23782"},{"taxonomy":"product_tag","embeddable":true,"href":"https:\/\/cozy2wear.com\/ba\/wp-json\/wp\/v2\/product_tag?post=23782"}],"curies":[{"name":"wp","href":"https:\/\/api.w.org\/{rel}","templated":true}]}}