{"id":23833,"date":"2025-11-18T08:00:16","date_gmt":"2025-11-18T07:00:16","guid":{"rendered":"https:\/\/cozy2wear.com\/?post_type=product&#038;p=23833"},"modified":"2026-03-10T08:30:43","modified_gmt":"2026-03-10T07:30:43","slug":"majica-s-prugama-belle","status":"publish","type":"product","link":"https:\/\/cozy2wear.com\/ba\/majice\/majica-belle-stripes\/","title":{"rendered":"MAJICA S PRUGAMA BELLE"},"content":{"rendered":"<p>Majica Belle - romanti\u010dna majica s dugim zvonastim rukavima i blago pro\u0161irenim rukavima, du\u017eine koja savr\u0161eno pristaje uz va\u0161e traperice s dubokim zvonastim rukavima, natjerat \u0107e vas da po\u017eelite sjesti na podij s korpom i oti\u0107i na pijacu po cvije\u0107e i baget. Va\u0161 novi osnovni izbor kada su u pitanju dugi rukavi.<\/p>\n<p>Materijal koji smo odabrali je 100% pamu\u010dni single missoni. Proizveden s ljubavlju u humanim radnim uslovima, s velikom pa\u017enjom posve\u0107enom detaljima, kroju i kvaliteti proizvoda.<\/p>\n<p>Djevojka na fotografiji je visoka 173 cm i nosi veli\u010dinu 36\/38 - za pomo\u0107 pri odabiru veli\u010dina, pogledajte dimenzije proizvoda.<\/p>\n<p>Proizvedeno u Srbiji.<\/p>","protected":false},"excerpt":{"rendered":"<p>Majica Belle prugastog oblika - romanti\u010dna majica s dugim zvonastim rukavima i blago pro\u0161irenim rukavima, du\u017eine koja savr\u0161eno pristaje uz va\u0161e traperice s dubokim zvonastim uzorkom, natjerat \u0107e vas da sjednete s korpom i odete na pijacu po cvije\u0107e i baget. Va\u0161 novi osnovni izbor kada su u pitanju dugi rukavi.<\/p>","protected":false},"featured_media":48071,"comment_status":"open","ping_status":"closed","template":"","meta":{"_acf_changed":false},"product_brand":[],"product_cat":[75,281,84],"product_tag":[],"class_list":{"0":"post-23833","1":"product","2":"type-product","3":"status-publish","4":"has-post-thumbnail","6":"product_cat-majice","7":"product_cat-bestsellers","8":"product_cat-dug-rukav","9":"pa_kolekcije-basic","10":"pa_odaberi-velicinu-125","11":"pa_odaberi-velicinu-126","12":"pa_odaberi-velicinu-131","14":"first","15":"outofstock","16":"taxable","17":"shipping-taxable","18":"purchasable","19":"product-type-variable"},"acf":[],"_links":{"self":[{"href":"https:\/\/cozy2wear.com\/ba\/wp-json\/wp\/v2\/product\/23833","targetHints":{"allow":["GET"]}}],"collection":[{"href":"https:\/\/cozy2wear.com\/ba\/wp-json\/wp\/v2\/product"}],"about":[{"href":"https:\/\/cozy2wear.com\/ba\/wp-json\/wp\/v2\/types\/product"}],"replies":[{"embeddable":true,"href":"https:\/\/cozy2wear.com\/ba\/wp-json\/wp\/v2\/comments?post=23833"}],"version-history":[{"count":0,"href":"https:\/\/cozy2wear.com\/ba\/wp-json\/wp\/v2\/product\/23833\/revisions"}],"wp:featuredmedia":[{"embeddable":true,"href":"https:\/\/cozy2wear.com\/ba\/wp-json\/wp\/v2\/media\/48071"}],"wp:attachment":[{"href":"https:\/\/cozy2wear.com\/ba\/wp-json\/wp\/v2\/media?parent=23833"}],"wp:term":[{"taxonomy":"product_brand","embeddable":true,"href":"https:\/\/cozy2wear.com\/ba\/wp-json\/wp\/v2\/product_brand?post=23833"},{"taxonomy":"product_cat","embeddable":true,"href":"https:\/\/cozy2wear.com\/ba\/wp-json\/wp\/v2\/product_cat?post=23833"},{"taxonomy":"product_tag","embeddable":true,"href":"https:\/\/cozy2wear.com\/ba\/wp-json\/wp\/v2\/product_tag?post=23833"}],"curies":[{"name":"wp","href":"https:\/\/api.w.org\/{rel}","templated":true}]}}