{"id":25565,"date":"2025-05-12T08:01:09","date_gmt":"2025-05-12T06:01:09","guid":{"rendered":"https:\/\/cozy2wear.com\/?post_type=product&#038;p=25565"},"modified":"2026-04-28T08:58:09","modified_gmt":"2026-04-28T06:58:09","slug":"pantalone-laganini-olive","status":"publish","type":"product","link":"https:\/\/cozy2wear.com\/ba\/pantalone\/pantalone-laganini-olive\/","title":{"rendered":"PANTALONE LAGANINI OLIVE"},"content":{"rendered":"<p><span style=\"font-weight: 400;\">Ljetna verzija Palazzo trenerke, lagane viskozne hla\u010de, savr\u0161ene za visoke temperature i vru\u0107e ljetne no\u0107i. Precizno dizajnirane i proizvedene po najvi\u0161im standardima, predstavljaju vam Palazzo hla\u010de s prekrasnom siluetom koja je opu\u0161tenija u bokovima i prote\u017ee se sve do poda. Imaju duge nogavice, visoki struk s elasti\u010dnom trakom, kose prednje d\u017eepove i dva preklopa na prednjoj strani. Mogu se nositi u kombinaciji s Laganini majicom bez rukava, a op\u0107enito se lako kombiniraju sa svim ljetnim topovima.\u00a0<\/span><\/p>\n<p>Materijal koji smo odabrali je viskoza 100%. Proizvedeno s ljubavlju u humanim radnim uslovima, s velikom pa\u017enjom posve\u0107enom detaljima, kroju i kvaliteti proizvoda.<\/p>\n<p>Djevojka na fotografiji je visoka 170 cm i nosi veli\u010dinu 36\/38 - za pomo\u0107 pri odabiru veli\u010dina, pogledajte dimenzije proizvoda.<\/p>\n<p>Proizvedeno u Srbiji.<\/p>","protected":false},"excerpt":{"rendered":"<p><span style=\"font-weight: 400;\">Ljetna verzija Palazzo trenerke, lagane viskozne hla\u010de, savr\u0161ene za visoke temperature i vru\u0107e ljetne no\u0107i.<\/span><\/p>","protected":false},"featured_media":40020,"comment_status":"open","ping_status":"closed","template":"","meta":[],"product_brand":[],"product_cat":[90,76],"product_tag":[],"class_list":{"0":"post-25565","1":"product","2":"type-product","3":"status-publish","4":"has-post-thumbnail","6":"product_cat-pantalone","7":"product_cat-novo","8":"pa_kolekcije-leto","9":"pa_odaberi-velicinu-241","10":"pa_odaberi-velicinu-125","11":"pa_odaberi-velicinu-3638tall","12":"pa_odaberi-velicinu-126","13":"pa_odaberi-velicinu-4042tall","14":"pa_odaberi-velicinu-131","15":"pa_odaberi-velicinu-4446tall","17":"first","18":"instock","19":"taxable","20":"shipping-taxable","21":"purchasable","22":"product-type-variable"},"_links":{"self":[{"href":"https:\/\/cozy2wear.com\/ba\/wp-json\/wp\/v2\/product\/25565","targetHints":{"allow":["GET"]}}],"collection":[{"href":"https:\/\/cozy2wear.com\/ba\/wp-json\/wp\/v2\/product"}],"about":[{"href":"https:\/\/cozy2wear.com\/ba\/wp-json\/wp\/v2\/types\/product"}],"replies":[{"embeddable":true,"href":"https:\/\/cozy2wear.com\/ba\/wp-json\/wp\/v2\/comments?post=25565"}],"version-history":[{"count":1,"href":"https:\/\/cozy2wear.com\/ba\/wp-json\/wp\/v2\/product\/25565\/revisions"}],"predecessor-version":[{"id":55793,"href":"https:\/\/cozy2wear.com\/ba\/wp-json\/wp\/v2\/product\/25565\/revisions\/55793"}],"wp:featuredmedia":[{"embeddable":true,"href":"https:\/\/cozy2wear.com\/ba\/wp-json\/wp\/v2\/media\/40020"}],"wp:attachment":[{"href":"https:\/\/cozy2wear.com\/ba\/wp-json\/wp\/v2\/media?parent=25565"}],"wp:term":[{"taxonomy":"product_brand","embeddable":true,"href":"https:\/\/cozy2wear.com\/ba\/wp-json\/wp\/v2\/product_brand?post=25565"},{"taxonomy":"product_cat","embeddable":true,"href":"https:\/\/cozy2wear.com\/ba\/wp-json\/wp\/v2\/product_cat?post=25565"},{"taxonomy":"product_tag","embeddable":true,"href":"https:\/\/cozy2wear.com\/ba\/wp-json\/wp\/v2\/product_tag?post=25565"}],"curies":[{"name":"wp","href":"https:\/\/api.w.org\/{rel}","templated":true}]}}