{"id":25676,"date":"2025-05-12T08:02:00","date_gmt":"2025-05-12T06:02:00","guid":{"rendered":"https:\/\/cozy2wear.com\/?post_type=product&#038;p=25676"},"modified":"2026-04-06T11:58:01","modified_gmt":"2026-04-06T09:58:01","slug":"vrste-svijetlo-crne","status":"publish","type":"product","link":"https:\/\/cozy2wear.com\/ba\/sorcevi\/sorts-laganini-black\/","title":{"rendered":"KRATKE HLA\u010cE LAGANINI CRNE"},"content":{"rendered":"<p>Ljetne lagane viskozne kratke hla\u010de, savr\u0161ene za visoke temperature i vru\u0107e ljetne no\u0107i. Precizno dizajnirane i proizvedene po najvi\u0161im standardima. Imaju visoki struk s elasti\u010dnom trakom, kose prednje d\u017eepove i dva nabora na prednjoj strani. Mogu se nositi u kombinaciji s Laganini majicom bez rukava i op\u0107enito se lako sla\u017eu sa svim ljetnim majicama.<\/p>\n<p>Materijal koji smo odabrali je viskoza 100%. Proizvedeno s ljubavlju u humanim radnim uslovima, s velikom pa\u017enjom posve\u0107enom detaljima, kroju i kvaliteti proizvoda.<\/p>\n<p>Djevojka na fotografiji je visoka 170 cm i nosi veli\u010dinu 36\/38 - za pomo\u0107 pri odabiru veli\u010dina, pogledajte dimenzije proizvoda.<\/p>\n<p>Proizvedeno u Srbiji.<\/p>","protected":false},"excerpt":{"rendered":"<p>Ljetne lagane viskozne \u0161orceve, idealne za visoke temperature i vru\u0107e ljetne no\u0107i.<\/p>","protected":false},"featured_media":40303,"comment_status":"open","ping_status":"closed","template":"","meta":{"_acf_changed":false},"product_brand":[],"product_cat":[92,279],"product_tag":[],"class_list":{"0":"post-25676","1":"product","2":"type-product","3":"status-publish","4":"has-post-thumbnail","6":"product_cat-sorcevi","7":"product_cat-outlet","8":"pa_kolekcije-leto","9":"pa_odaberi-velicinu-241","10":"pa_odaberi-velicinu-125","11":"pa_odaberi-velicinu-126","12":"pa_odaberi-velicinu-131","14":"first","15":"instock","16":"sale","17":"taxable","18":"shipping-taxable","19":"purchasable","20":"product-type-variable"},"acf":[],"_links":{"self":[{"href":"https:\/\/cozy2wear.com\/ba\/wp-json\/wp\/v2\/product\/25676","targetHints":{"allow":["GET"]}}],"collection":[{"href":"https:\/\/cozy2wear.com\/ba\/wp-json\/wp\/v2\/product"}],"about":[{"href":"https:\/\/cozy2wear.com\/ba\/wp-json\/wp\/v2\/types\/product"}],"replies":[{"embeddable":true,"href":"https:\/\/cozy2wear.com\/ba\/wp-json\/wp\/v2\/comments?post=25676"}],"version-history":[{"count":0,"href":"https:\/\/cozy2wear.com\/ba\/wp-json\/wp\/v2\/product\/25676\/revisions"}],"wp:featuredmedia":[{"embeddable":true,"href":"https:\/\/cozy2wear.com\/ba\/wp-json\/wp\/v2\/media\/40303"}],"wp:attachment":[{"href":"https:\/\/cozy2wear.com\/ba\/wp-json\/wp\/v2\/media?parent=25676"}],"wp:term":[{"taxonomy":"product_brand","embeddable":true,"href":"https:\/\/cozy2wear.com\/ba\/wp-json\/wp\/v2\/product_brand?post=25676"},{"taxonomy":"product_cat","embeddable":true,"href":"https:\/\/cozy2wear.com\/ba\/wp-json\/wp\/v2\/product_cat?post=25676"},{"taxonomy":"product_tag","embeddable":true,"href":"https:\/\/cozy2wear.com\/ba\/wp-json\/wp\/v2\/product_tag?post=25676"}],"curies":[{"name":"wp","href":"https:\/\/api.w.org\/{rel}","templated":true}]}}