{"id":25758,"date":"2026-04-21T08:15:36","date_gmt":"2026-04-21T06:15:36","guid":{"rendered":"https:\/\/cozy2wear.com\/?post_type=product&#038;p=25758"},"modified":"2026-04-25T17:03:39","modified_gmt":"2026-04-25T15:03:39","slug":"majica-laganini-lyocell-black","status":"publish","type":"product","link":"https:\/\/cozy2wear.com\/ba\/majice\/majica-laganini-lyocell-black\/","title":{"rendered":"MAJICA LAGANINI LYOCELL  BLACK"},"content":{"rendered":"<p>Majica Laganini na bretele od 50% Lyocella (Tencel\u00ae) i 50% Modala je oli\u010denje jednostavnosti i lako\u0107e. Sa elegantnim V-izrezom i tankim bretelama, ovaj model spaja minimalizam i sofisticiranost u svakodnevnom izdanju. Prozra\u010dan, svilenkast materijal prijatan je na ko\u017ei i idealan za sve prilike, dok opu\u0161ten kroj pru\u017ea potpunu slobodu pokreta.<\/p>\n<p>Liocel (Tencel\u00ae) je napredno vlakno proizvedeno od biorazgradivog materijala, ta\u010dnije od celuloze eukaliptusa, i zbog svojih prirodnih svojstava kao i metoda obrade, pogodan je materijal za okolinu. Vrlo je ugodan u kontaktu s ko\u017eom, tkanina je vrlo prozra\u010dna i odli\u010dno upija znoj i vlagu. Tako\u0111er je odli\u010dan materijal za sve s osjetljivom ko\u017eom. Modal je celulozno vlakno, sli\u010dno viskozi, samo ne\u0161to mek\u0161e.<\/p>\n<p>Proizvedeno u Srbiji.<\/p>\n<p>&nbsp;<\/p>","protected":false},"excerpt":{"rendered":"<p>Majica Laganini na bretele od 50% Lyocella (Tencel\u00ae) i 50% Modala sa V-izrezom i tankim bretelama. Laka, meka i elegantna \u2013 savr\u0161ena za svaki dan i svaku kombinaciju.<\/p>","protected":false},"featured_media":55285,"comment_status":"open","ping_status":"closed","template":"","meta":{"_acf_changed":false},"product_brand":[],"product_cat":[75,85,76],"product_tag":[],"class_list":{"0":"post-25758","1":"product","2":"type-product","3":"status-publish","4":"has-post-thumbnail","6":"product_cat-majice","7":"product_cat-bez-rukava","8":"product_cat-novo","9":"pa_kolekcije-studio","10":"pa_odaberi-velicinu-241","11":"pa_odaberi-velicinu-125","12":"pa_odaberi-velicinu-126","13":"pa_odaberi-velicinu-131","15":"first","16":"instock","17":"taxable","18":"shipping-taxable","19":"purchasable","20":"product-type-variable"},"acf":[],"_links":{"self":[{"href":"https:\/\/cozy2wear.com\/ba\/wp-json\/wp\/v2\/product\/25758","targetHints":{"allow":["GET"]}}],"collection":[{"href":"https:\/\/cozy2wear.com\/ba\/wp-json\/wp\/v2\/product"}],"about":[{"href":"https:\/\/cozy2wear.com\/ba\/wp-json\/wp\/v2\/types\/product"}],"replies":[{"embeddable":true,"href":"https:\/\/cozy2wear.com\/ba\/wp-json\/wp\/v2\/comments?post=25758"}],"version-history":[{"count":3,"href":"https:\/\/cozy2wear.com\/ba\/wp-json\/wp\/v2\/product\/25758\/revisions"}],"predecessor-version":[{"id":55813,"href":"https:\/\/cozy2wear.com\/ba\/wp-json\/wp\/v2\/product\/25758\/revisions\/55813"}],"wp:featuredmedia":[{"embeddable":true,"href":"https:\/\/cozy2wear.com\/ba\/wp-json\/wp\/v2\/media\/55285"}],"wp:attachment":[{"href":"https:\/\/cozy2wear.com\/ba\/wp-json\/wp\/v2\/media?parent=25758"}],"wp:term":[{"taxonomy":"product_brand","embeddable":true,"href":"https:\/\/cozy2wear.com\/ba\/wp-json\/wp\/v2\/product_brand?post=25758"},{"taxonomy":"product_cat","embeddable":true,"href":"https:\/\/cozy2wear.com\/ba\/wp-json\/wp\/v2\/product_cat?post=25758"},{"taxonomy":"product_tag","embeddable":true,"href":"https:\/\/cozy2wear.com\/ba\/wp-json\/wp\/v2\/product_tag?post=25758"}],"curies":[{"name":"wp","href":"https:\/\/api.w.org\/{rel}","templated":true}]}}