{"id":25854,"date":"2026-04-07T08:30:33","date_gmt":"2026-04-07T06:30:33","guid":{"rendered":"https:\/\/cozy2wear.com\/?post_type=product&#038;p=25854"},"modified":"2026-04-22T14:23:10","modified_gmt":"2026-04-22T12:23:10","slug":"kimono-latte-haljina","status":"publish","type":"product","link":"https:\/\/cozy2wear.com\/ba\/haljine\/haljina-kimono-latte\/","title":{"rendered":"HALJINA KIMONO LATTE"},"content":{"rendered":"<p><span style=\"font-weight: 400;\">Kimono haljina od viskoze 100%, izra\u0111ena u kimono stilu, otkriva neodoljivu kombinaciju suptilnosti i elegancije. <\/span><span style=\"font-weight: 400;\">Midi du\u017eina, \u0161iroki rukavi, tanak struk<\/span><span style=\"font-weight: 400;\">\u00a0koji ve\u017ee i obavija cijeli struk i tako se prilago\u0111ava \u0161irini va\u0161eg struka,<\/span><span style=\"font-weight: 400;\"> Dodaju da\u0161ak sofisticiranosti i le\u017eernosti, kako biste se istovremeno osje\u0107ali opu\u0161teno i ugodno.<\/span><\/p>\n<p>Materijal koji smo odabrali je viskoza 100%. Proizvedeno s ljubavlju u humanim radnim uslovima, s velikom pa\u017enjom posve\u0107enom detaljima, kroju i kvaliteti proizvoda.<\/p>\n<p>Devojka na fotografiji je visoka 175cm i nosi univerzalnu veli\u010dinu.<\/p>\n<p>Proizvedeno u Srbiji.<\/p>","protected":false},"excerpt":{"rendered":"<p><span style=\"font-weight: 400;\">Kimono haljina od viskoze 100%, izra\u0111ena u kimono stilu, otkriva neodoljivu kombinaciju suptilnosti i elegancije. <\/span><span style=\"font-weight: 400;\">Midi du\u017eina, \u0161iroki rukavi, tanak struk<\/span><span style=\"font-weight: 400;\">\u00a0koji ve\u017ee i obavija cijeli struk i tako se prilago\u0111ava \u0161irini va\u0161eg struka,<\/span><span style=\"font-weight: 400;\"> Dodaju da\u0161ak sofisticiranosti i le\u017eernosti, kako biste se istovremeno osje\u0107ali opu\u0161teno i ugodno.<\/span><\/p>","protected":false},"featured_media":54765,"comment_status":"open","ping_status":"closed","template":"","meta":{"_acf_changed":false},"product_brand":[],"product_cat":[82,76],"product_tag":[],"class_list":{"0":"post-25854","1":"product","2":"type-product","3":"status-publish","4":"has-post-thumbnail","6":"product_cat-haljine","7":"product_cat-novo","8":"pa_kolekcije-leto","9":"pa_odaberi-velicinu-one-size","11":"first","12":"instock","13":"taxable","14":"shipping-taxable","15":"purchasable","16":"product-type-variable"},"acf":[],"_links":{"self":[{"href":"https:\/\/cozy2wear.com\/ba\/wp-json\/wp\/v2\/product\/25854","targetHints":{"allow":["GET"]}}],"collection":[{"href":"https:\/\/cozy2wear.com\/ba\/wp-json\/wp\/v2\/product"}],"about":[{"href":"https:\/\/cozy2wear.com\/ba\/wp-json\/wp\/v2\/types\/product"}],"replies":[{"embeddable":true,"href":"https:\/\/cozy2wear.com\/ba\/wp-json\/wp\/v2\/comments?post=25854"}],"version-history":[{"count":0,"href":"https:\/\/cozy2wear.com\/ba\/wp-json\/wp\/v2\/product\/25854\/revisions"}],"wp:featuredmedia":[{"embeddable":true,"href":"https:\/\/cozy2wear.com\/ba\/wp-json\/wp\/v2\/media\/54765"}],"wp:attachment":[{"href":"https:\/\/cozy2wear.com\/ba\/wp-json\/wp\/v2\/media?parent=25854"}],"wp:term":[{"taxonomy":"product_brand","embeddable":true,"href":"https:\/\/cozy2wear.com\/ba\/wp-json\/wp\/v2\/product_brand?post=25854"},{"taxonomy":"product_cat","embeddable":true,"href":"https:\/\/cozy2wear.com\/ba\/wp-json\/wp\/v2\/product_cat?post=25854"},{"taxonomy":"product_tag","embeddable":true,"href":"https:\/\/cozy2wear.com\/ba\/wp-json\/wp\/v2\/product_tag?post=25854"}],"curies":[{"name":"wp","href":"https:\/\/api.w.org\/{rel}","templated":true}]}}