{"id":25986,"date":"2025-05-12T08:05:32","date_gmt":"2025-05-12T06:05:32","guid":{"rendered":"https:\/\/cozy2wear.com\/?post_type=product&#038;p=25986"},"modified":"2026-04-09T16:49:32","modified_gmt":"2026-04-09T14:49:32","slug":"haljina-mini-laganini","status":"publish","type":"product","link":"https:\/\/cozy2wear.com\/ba\/haljine\/haljina-mini-laganini\/","title":{"rendered":"HALJINA MINI LAGANINI BLACK"},"content":{"rendered":"<p>Uz svestranost i klasi\u010dnu eleganciju male crne haljine, haljina Mini Laganini donosi dodatni nivo komfora i samopouzdanja, stvaraju\u0107i savrsen spoj udobnosti i stila. Dovoljno duga da osigura va\u0161u udobnost, a istovremeno dovoljno kratka da privu\u010de pa\u017enju svih oko vas.<\/p>\n<p>Materijal koji smo odabrali je viskoza 100%. Proizvedeno s ljubavlju u humanim radnim uslovima, s velikom pa\u017enjom posve\u0107enom detaljima, kroju i kvaliteti proizvoda.<\/p>\n<p>Djevojka na fotografiji je visoka 170 cm i nosi veli\u010dinu 36\/38 - za pomo\u0107 pri odabiru veli\u010dina, pogledajte dimenzije proizvoda.<\/p>\n<p>Proizvedeno u Srbiji.<\/p>","protected":false},"excerpt":{"rendered":"<p>Uz svestranost i klasi\u010dnu eleganciju male crne haljine, haljina Mini Laganini donosi dodatni nivo komfora i samopouzdanja, stvaraju\u0107i savrsen spoj udobnosti i stila.<\/p>","protected":false},"featured_media":40561,"comment_status":"open","ping_status":"closed","template":"","meta":{"_acf_changed":false},"product_brand":[],"product_cat":[82],"product_tag":[],"class_list":{"0":"post-25986","1":"product","2":"type-product","3":"status-publish","4":"has-post-thumbnail","6":"product_cat-haljine","7":"pa_kolekcije-leto","8":"pa_odaberi-velicinu-241","9":"pa_odaberi-velicinu-125","10":"pa_odaberi-velicinu-126","12":"first","13":"outofstock","14":"taxable","15":"shipping-taxable","16":"purchasable","17":"product-type-variable"},"acf":[],"_links":{"self":[{"href":"https:\/\/cozy2wear.com\/ba\/wp-json\/wp\/v2\/product\/25986","targetHints":{"allow":["GET"]}}],"collection":[{"href":"https:\/\/cozy2wear.com\/ba\/wp-json\/wp\/v2\/product"}],"about":[{"href":"https:\/\/cozy2wear.com\/ba\/wp-json\/wp\/v2\/types\/product"}],"replies":[{"embeddable":true,"href":"https:\/\/cozy2wear.com\/ba\/wp-json\/wp\/v2\/comments?post=25986"}],"version-history":[{"count":0,"href":"https:\/\/cozy2wear.com\/ba\/wp-json\/wp\/v2\/product\/25986\/revisions"}],"wp:featuredmedia":[{"embeddable":true,"href":"https:\/\/cozy2wear.com\/ba\/wp-json\/wp\/v2\/media\/40561"}],"wp:attachment":[{"href":"https:\/\/cozy2wear.com\/ba\/wp-json\/wp\/v2\/media?parent=25986"}],"wp:term":[{"taxonomy":"product_brand","embeddable":true,"href":"https:\/\/cozy2wear.com\/ba\/wp-json\/wp\/v2\/product_brand?post=25986"},{"taxonomy":"product_cat","embeddable":true,"href":"https:\/\/cozy2wear.com\/ba\/wp-json\/wp\/v2\/product_cat?post=25986"},{"taxonomy":"product_tag","embeddable":true,"href":"https:\/\/cozy2wear.com\/ba\/wp-json\/wp\/v2\/product_tag?post=25986"}],"curies":[{"name":"wp","href":"https:\/\/api.w.org\/{rel}","templated":true}]}}