{"id":30574,"date":"2025-11-24T08:15:15","date_gmt":"2025-11-24T07:15:15","guid":{"rendered":"https:\/\/cozy2wear.com\/?post_type=product&#038;p=30574"},"modified":"2026-03-08T06:56:42","modified_gmt":"2026-03-08T05:56:42","slug":"carape-organska-vanilija-nebo","status":"publish","type":"product","link":"https:\/\/cozy2wear.com\/ba\/modni-dodaci\/carape\/carape-organic-vanilla-sky\/","title":{"rendered":"\u010cARAPE ORGANSKA VANILIJA SKY"},"content":{"rendered":"<p>Nje\u017ene \u010darape od organskog pamuka, ni tanke ni debele, idealne za sve vremenske uslove i sve kombinacije. Mogu se nositi u svim godi\u0161njim dobima. \u010carape su izra\u0111ene u jednoj univerzalnoj veli\u010dini 38-41. Proizvedene s ljubavlju u humanim radnim uslovima, te s velikom pa\u017enjom posve\u0107enom detaljima, kroju i kvaliteti proizvoda. Sadr\u017ee izuzetno visok postotak certificiranog organskog pamuka*, poliamida (koristi se prilikom pletenja pete i prstiju kako bi se pamuk dr\u017eao tako da se \u010darape ne raspadaju, a proizvodi ga doma\u0107i proizvo\u0111a\u010d) i elastana. *Organski pamuk se proizvodi na tradicionalan na\u010din, koji je, u pore\u0111enju s konvencionalnim pamukom, mnogo prihvatljiviji za globalni ekosistem i ljudsko zdravlje. Daleko je bolji izbor za ko\u017eu, posebno osjetljivu i sklonu alergijama, jer se za njegovu proizvodnju ne koriste hemikalije, herbicidi, pesticidi ili insekticidi, te stoga ne \u0161teti radnicima koji su uklju\u010deni u njegovu proizvodnju. Tako\u0111er, proizvodnja organskog pamuka koristi 70% manje vode i 60% manje energije od standardne proizvodnje pamuka.<\/p>\n<p>**GOTS certifikat garantuje da se proizvodnja pamuka temeljito provjerava i prati od izvora do kona\u010dnog proizvoda (dostupno na zahtjev).**.<\/p>\n<p>Proizvedeno u Srbiji.<\/p>\n<p>&nbsp;<\/p>\n<p>&nbsp;<\/p>","protected":false},"excerpt":{"rendered":"<p>Nje\u017ene \u010darape od organskog pamuka, ni tanke ni debele, idealne za sve vremenske uslove i sve kombinacije. Proizvedene s ljubavlju u humanim radnim uslovima.<\/p>","protected":false},"featured_media":48878,"comment_status":"open","ping_status":"closed","template":"","meta":{"_acf_changed":false},"product_brand":[],"product_cat":[105,298,76],"product_tag":[],"class_list":{"0":"post-30574","1":"product","2":"type-product","3":"status-publish","4":"has-post-thumbnail","6":"product_cat-carape","7":"product_cat-gift-shop","8":"product_cat-novo","9":"pa_kolekcije-organic","10":"pa_odaberi-velicinu-one-size","12":"first","13":"outofstock","14":"taxable","15":"shipping-taxable","16":"purchasable","17":"product-type-variable"},"acf":[],"_links":{"self":[{"href":"https:\/\/cozy2wear.com\/ba\/wp-json\/wp\/v2\/product\/30574","targetHints":{"allow":["GET"]}}],"collection":[{"href":"https:\/\/cozy2wear.com\/ba\/wp-json\/wp\/v2\/product"}],"about":[{"href":"https:\/\/cozy2wear.com\/ba\/wp-json\/wp\/v2\/types\/product"}],"replies":[{"embeddable":true,"href":"https:\/\/cozy2wear.com\/ba\/wp-json\/wp\/v2\/comments?post=30574"}],"version-history":[{"count":0,"href":"https:\/\/cozy2wear.com\/ba\/wp-json\/wp\/v2\/product\/30574\/revisions"}],"wp:featuredmedia":[{"embeddable":true,"href":"https:\/\/cozy2wear.com\/ba\/wp-json\/wp\/v2\/media\/48878"}],"wp:attachment":[{"href":"https:\/\/cozy2wear.com\/ba\/wp-json\/wp\/v2\/media?parent=30574"}],"wp:term":[{"taxonomy":"product_brand","embeddable":true,"href":"https:\/\/cozy2wear.com\/ba\/wp-json\/wp\/v2\/product_brand?post=30574"},{"taxonomy":"product_cat","embeddable":true,"href":"https:\/\/cozy2wear.com\/ba\/wp-json\/wp\/v2\/product_cat?post=30574"},{"taxonomy":"product_tag","embeddable":true,"href":"https:\/\/cozy2wear.com\/ba\/wp-json\/wp\/v2\/product_tag?post=30574"}],"curies":[{"name":"wp","href":"https:\/\/api.w.org\/{rel}","templated":true}]}}