{"id":30792,"date":"2026-01-22T08:00:24","date_gmt":"2026-01-22T07:00:24","guid":{"rendered":"https:\/\/cozy2wear.com\/?post_type=product&#038;p=30792"},"modified":"2026-04-23T12:50:29","modified_gmt":"2026-04-23T10:50:29","slug":"gumica-za-brisanje-maslina","status":"publish","type":"product","link":"https:\/\/cozy2wear.com\/ba\/modni-dodaci\/dodaci-za-kosu\/gumica-olive\/","title":{"rendered":"MASLINASTA GUMICA"},"content":{"rendered":"<p>Gumica za kosu je savr\u0161ena za svakodnevnu upotrebu, ne o\u0161te\u0107uje kosu i lako se uklapa u bilo koju frizuru.<\/p>\n<p>Ovaj proizvod su od ostataka na\u0161ih materijala napravile \u017eene iz \u017eenskog centra &quot;U\u017eice&quot;, koji se bavi ekonomskim osna\u017eivanjem \u017eena iz ranjivih grupa i pru\u017eanjem podr\u0161ke \u017eenama koje su pretrpjele nasilje u porodici.<\/p>\n<p>Proizvedeno u Srbiji.<\/p>","protected":false},"excerpt":{"rendered":"<p>Gumica za kosu je savr\u0161ena za svakodnevnu upotrebu, ne o\u0161te\u0107uje kosu i lako se uklapa u bilo koju frizuru.<\/p>","protected":false},"featured_media":51020,"comment_status":"open","ping_status":"closed","template":"","meta":{"_acf_changed":false},"product_brand":[],"product_cat":[104,298],"product_tag":[],"class_list":{"0":"post-30792","1":"product","2":"type-product","3":"status-publish","4":"has-post-thumbnail","6":"product_cat-dodaci-za-kosu","7":"product_cat-gift-shop","8":"pa_odaberi-velicinu-one-size","10":"first","11":"instock","12":"taxable","13":"shipping-taxable","14":"purchasable","15":"product-type-variable"},"acf":[],"_links":{"self":[{"href":"https:\/\/cozy2wear.com\/ba\/wp-json\/wp\/v2\/product\/30792","targetHints":{"allow":["GET"]}}],"collection":[{"href":"https:\/\/cozy2wear.com\/ba\/wp-json\/wp\/v2\/product"}],"about":[{"href":"https:\/\/cozy2wear.com\/ba\/wp-json\/wp\/v2\/types\/product"}],"replies":[{"embeddable":true,"href":"https:\/\/cozy2wear.com\/ba\/wp-json\/wp\/v2\/comments?post=30792"}],"version-history":[{"count":0,"href":"https:\/\/cozy2wear.com\/ba\/wp-json\/wp\/v2\/product\/30792\/revisions"}],"wp:featuredmedia":[{"embeddable":true,"href":"https:\/\/cozy2wear.com\/ba\/wp-json\/wp\/v2\/media\/51020"}],"wp:attachment":[{"href":"https:\/\/cozy2wear.com\/ba\/wp-json\/wp\/v2\/media?parent=30792"}],"wp:term":[{"taxonomy":"product_brand","embeddable":true,"href":"https:\/\/cozy2wear.com\/ba\/wp-json\/wp\/v2\/product_brand?post=30792"},{"taxonomy":"product_cat","embeddable":true,"href":"https:\/\/cozy2wear.com\/ba\/wp-json\/wp\/v2\/product_cat?post=30792"},{"taxonomy":"product_tag","embeddable":true,"href":"https:\/\/cozy2wear.com\/ba\/wp-json\/wp\/v2\/product_tag?post=30792"}],"curies":[{"name":"wp","href":"https:\/\/api.w.org\/{rel}","templated":true}]}}