{"id":31308,"date":"2025-01-30T08:00:17","date_gmt":"2025-01-30T07:00:17","guid":{"rendered":"https:\/\/cozy2wear.com\/?post_type=product&#038;p=31308"},"modified":"2025-08-12T09:57:13","modified_gmt":"2025-08-12T07:57:13","slug":"helanke-deborah","status":"publish","type":"product","link":"https:\/\/cozy2wear.com\/ba\/helanke\/helanke-deborah\/","title":{"rendered":"DEBORAH TAJICE"},"content":{"rendered":"<p>Tajice od rebrastog pamuka s elasti\u010dnom trakom na dnu vra\u0107aju nas u djetinjstvo i vrijeme bezbri\u017enosti, slipova, klikera i Shock \u017evaka\u0107ih guma. Savr\u0161ene za obuvanje u \u010dizme, no\u0161enje na \u0161tikli, hodanje u patici i uz mokasine.<\/p>\n<p>Materijal koji smo odabrali je najmek\u0161i pamuk s rebrastom strukturom i sastavom 95% pamuk \/ 5% elastan, jer va\u0161a ko\u017ea zaslu\u017euje najbolje. Proizvedeno s ljubavlju u humanim radnim uvjetima, uz veliku pa\u017enju posve\u0107enu detaljima, kroju i kvaliteti proizvoda.<\/p>\n<p>Djevojka na fotografiji je visoka 172 cm i nosi veli\u010dinu 36\/38 - za pomo\u0107 pri odabiru veli\u010dina, pogledajte dimenzije proizvoda.<\/p>\n<p>Proizvedeno u Srbiji.<\/p>\n<p>&nbsp;<\/p>","protected":false},"excerpt":{"rendered":"<p>Tajice od rebrastog pamuka s elasti\u010dnom trakom na dnu vra\u0107aju nas u djetinjstvo i vrijeme bezbri\u017enosti, slipova, klikera i Shock \u017evaka\u0107ih guma. Savr\u0161ene za obuvanje u \u010dizme, no\u0161enje na \u0161tikli, hodanje u patici i uz mokasine.<\/p>","protected":false},"featured_media":36588,"comment_status":"open","ping_status":"closed","template":"","meta":{"_acf_changed":false},"product_brand":[],"product_cat":[91],"product_tag":[],"class_list":{"0":"post-31308","1":"product","2":"type-product","3":"status-publish","4":"has-post-thumbnail","6":"product_cat-helanke","7":"pa_kolekcije-retro-vibes","8":"pa_kolekcije-studio","9":"pa_odaberi-velicinu-241","10":"pa_odaberi-velicinu-125","11":"pa_odaberi-velicinu-126","12":"pa_odaberi-velicinu-131","14":"first","15":"outofstock","16":"taxable","17":"shipping-taxable","18":"purchasable","19":"product-type-variable"},"acf":[],"_links":{"self":[{"href":"https:\/\/cozy2wear.com\/ba\/wp-json\/wp\/v2\/product\/31308","targetHints":{"allow":["GET"]}}],"collection":[{"href":"https:\/\/cozy2wear.com\/ba\/wp-json\/wp\/v2\/product"}],"about":[{"href":"https:\/\/cozy2wear.com\/ba\/wp-json\/wp\/v2\/types\/product"}],"replies":[{"embeddable":true,"href":"https:\/\/cozy2wear.com\/ba\/wp-json\/wp\/v2\/comments?post=31308"}],"version-history":[{"count":0,"href":"https:\/\/cozy2wear.com\/ba\/wp-json\/wp\/v2\/product\/31308\/revisions"}],"wp:featuredmedia":[{"embeddable":true,"href":"https:\/\/cozy2wear.com\/ba\/wp-json\/wp\/v2\/media\/36588"}],"wp:attachment":[{"href":"https:\/\/cozy2wear.com\/ba\/wp-json\/wp\/v2\/media?parent=31308"}],"wp:term":[{"taxonomy":"product_brand","embeddable":true,"href":"https:\/\/cozy2wear.com\/ba\/wp-json\/wp\/v2\/product_brand?post=31308"},{"taxonomy":"product_cat","embeddable":true,"href":"https:\/\/cozy2wear.com\/ba\/wp-json\/wp\/v2\/product_cat?post=31308"},{"taxonomy":"product_tag","embeddable":true,"href":"https:\/\/cozy2wear.com\/ba\/wp-json\/wp\/v2\/product_tag?post=31308"}],"curies":[{"name":"wp","href":"https:\/\/api.w.org\/{rel}","templated":true}]}}