{"id":33722,"date":"2025-09-09T08:04:28","date_gmt":"2025-09-09T06:04:28","guid":{"rendered":"https:\/\/cozy2wear.com\/?post_type=product&#038;p=33722"},"modified":"2026-04-16T11:41:29","modified_gmt":"2026-04-16T09:41:29","slug":"blejzer-cozy","status":"publish","type":"product","link":"https:\/\/cozy2wear.com\/ba\/kaputi-i-blejzeri\/blejzeri\/blejzer-cozy\/","title":{"rendered":"BLEJZER COTTON OVERSIZE"},"content":{"rendered":"<p>Blejzer Cotton oversized &#8211; besprekornog ravnog kroja sa naramenicama, d\u017eepovima sa patnama i unutra\u0161njim d\u017eepom i kao elegantni detalj na\u0161a Cozy etiketa. Napravljen od 100% prirodnih materijala, karakteri\u0161e ga evergreen stil, kao i savr\u0161ena izrada doma\u0107ih majstora krojenja i \u0161ivenja. Komad koji traje ve\u010dno i kojeg ne interesuju trendovi, jer on uvek izgleda mo\u0107no i moderno, a opet udobno i le\u017eerno. Kop\u010danje velikim dugmetom sa Cozy logotipom, unutar sakoa je i jedno veliko rezervno dugme kao i unutra\u0161nji d\u017eep.<\/p>\n<p>Izra\u0111en je od 100% pamu\u010dnog futera i postavljen viskozom. Predvi\u0111en za prelazno do hladno vreme kao elegantni dodatak autfitu. Sa ljubavlju proizveden pri humanim uslovima rada, i sa velikom pa\u017enjom posve\u0107enom detaljima, kroju i kvalitetu proizvoda.<\/p>\n<p>Devojka sa fotografije je visoka 173cm.<\/p>\n<p>Proizvedeno u Srbiji.<\/p>","protected":false},"excerpt":{"rendered":"<p>Blejzer Cotton oversized &#8211; besprekornog ravnog kroja sa naramenicama, d\u017eepovima sa patnama i unutra\u0161njim d\u017eepom i kao elegantni detalj na\u0161a Cozy etiketa.<\/p>","protected":false},"featured_media":52370,"comment_status":"open","ping_status":"closed","template":"","meta":{"_acf_changed":false},"product_brand":[],"product_cat":[281,251,298,77],"product_tag":[],"class_list":{"0":"post-33722","1":"product","2":"type-product","3":"status-publish","4":"has-post-thumbnail","6":"product_cat-bestsellers","7":"product_cat-blejzeri","8":"product_cat-gift-shop","9":"product_cat-kaputi-i-blejzeri","10":"pa_kolekcije-basic","11":"pa_odaberi-velicinu-one-size","13":"first","14":"instock","15":"purchasable","16":"product-type-variable"},"acf":[],"_links":{"self":[{"href":"https:\/\/cozy2wear.com\/ba\/wp-json\/wp\/v2\/product\/33722","targetHints":{"allow":["GET"]}}],"collection":[{"href":"https:\/\/cozy2wear.com\/ba\/wp-json\/wp\/v2\/product"}],"about":[{"href":"https:\/\/cozy2wear.com\/ba\/wp-json\/wp\/v2\/types\/product"}],"replies":[{"embeddable":true,"href":"https:\/\/cozy2wear.com\/ba\/wp-json\/wp\/v2\/comments?post=33722"}],"version-history":[{"count":0,"href":"https:\/\/cozy2wear.com\/ba\/wp-json\/wp\/v2\/product\/33722\/revisions"}],"wp:featuredmedia":[{"embeddable":true,"href":"https:\/\/cozy2wear.com\/ba\/wp-json\/wp\/v2\/media\/52370"}],"wp:attachment":[{"href":"https:\/\/cozy2wear.com\/ba\/wp-json\/wp\/v2\/media?parent=33722"}],"wp:term":[{"taxonomy":"product_brand","embeddable":true,"href":"https:\/\/cozy2wear.com\/ba\/wp-json\/wp\/v2\/product_brand?post=33722"},{"taxonomy":"product_cat","embeddable":true,"href":"https:\/\/cozy2wear.com\/ba\/wp-json\/wp\/v2\/product_cat?post=33722"},{"taxonomy":"product_tag","embeddable":true,"href":"https:\/\/cozy2wear.com\/ba\/wp-json\/wp\/v2\/product_tag?post=33722"}],"curies":[{"name":"wp","href":"https:\/\/api.w.org\/{rel}","templated":true}]}}