{"id":34504,"date":"2024-11-29T11:35:42","date_gmt":"2024-11-29T10:35:42","guid":{"rendered":"https:\/\/cozy2wear.com\/?post_type=product&#038;p=34504"},"modified":"2026-04-14T21:40:12","modified_gmt":"2026-04-14T19:40:12","slug":"brushalter-trouglic-organic-off-white","status":"publish","type":"product","link":"https:\/\/cozy2wear.com\/ba\/donji-ves\/brushalteri\/brushalter-trouglic-organic-off-white\/","title":{"rendered":"BRUSHALTER TROKUTASTI ORGANSKI PRLJAVI BIJELI"},"content":{"rendered":"<p>Proizvedeno u Srbiji od organskog pamuka sa certifikatom 100%* (GOTS**).<br \/>\n*Organski pamuk se proizvodi na tradicionalan na\u010din, koji je, u pore\u0111enju sa konvencionalnim pamukom, mnogo prihvatljiviji za globalni ekosistem i ljudsko zdravlje. Daleko je bolji izbor za ko\u017eu, posebno osjetljivu i sklonu alergijama, jer se za njegovu proizvodnju ne koriste hemikalije, herbicidi, pesticidi ili insekticidi, te stoga ne \u0161teti radnicima koji su uklju\u010deni u njegovu proizvodnju. Tako\u0111er, proizvodnja organskog pamuka koristi 70% manje vode i 60% manje energije od standardne proizvodnje pamuka.<br \/>\n**GOTS certifikat garantuje da se proizvodnja pamuka temeljito provjerava i prati od izvora do kona\u010dnog proizvoda (dostupno na zahtjev).**.<\/p>\n<p>Devojka na fotografiji nosi veli\u010dinu 36\/38.<\/p>","protected":false},"excerpt":{"rendered":"<p>Brushalter trougli\u0107 sa dubokim V izrezom, na preklop, bez \u017eica, izra\u0111en od organskog pamuka, ne\u017ean i neosetan prililikom no\u0161enja. Ukoliko \u017eeli\u0161 da se ose\u0107as lagodno tokom \u010ditavog dana ovaj brushalter trougli\u0107 je pravi izbor.<\/p>","protected":false},"featured_media":34096,"comment_status":"open","ping_status":"closed","template":"","meta":{"_acf_changed":false},"product_brand":[],"product_cat":[98,95,298,279,194],"product_tag":[],"class_list":{"0":"post-34504","1":"product","2":"type-product","3":"status-publish","4":"has-post-thumbnail","6":"product_cat-brushalteri","7":"product_cat-donji-ves","8":"product_cat-gift-shop","9":"product_cat-outlet","10":"product_cat-snizenje","11":"pa_kolekcije-organic","12":"pa_odaberi-velicinu-125","13":"pa_odaberi-velicinu-126","14":"pa_odaberi-velicinu-131","16":"first","17":"instock","18":"sale","19":"purchasable","20":"product-type-variable"},"acf":[],"_links":{"self":[{"href":"https:\/\/cozy2wear.com\/ba\/wp-json\/wp\/v2\/product\/34504","targetHints":{"allow":["GET"]}}],"collection":[{"href":"https:\/\/cozy2wear.com\/ba\/wp-json\/wp\/v2\/product"}],"about":[{"href":"https:\/\/cozy2wear.com\/ba\/wp-json\/wp\/v2\/types\/product"}],"replies":[{"embeddable":true,"href":"https:\/\/cozy2wear.com\/ba\/wp-json\/wp\/v2\/comments?post=34504"}],"version-history":[{"count":0,"href":"https:\/\/cozy2wear.com\/ba\/wp-json\/wp\/v2\/product\/34504\/revisions"}],"wp:featuredmedia":[{"embeddable":true,"href":"https:\/\/cozy2wear.com\/ba\/wp-json\/wp\/v2\/media\/34096"}],"wp:attachment":[{"href":"https:\/\/cozy2wear.com\/ba\/wp-json\/wp\/v2\/media?parent=34504"}],"wp:term":[{"taxonomy":"product_brand","embeddable":true,"href":"https:\/\/cozy2wear.com\/ba\/wp-json\/wp\/v2\/product_brand?post=34504"},{"taxonomy":"product_cat","embeddable":true,"href":"https:\/\/cozy2wear.com\/ba\/wp-json\/wp\/v2\/product_cat?post=34504"},{"taxonomy":"product_tag","embeddable":true,"href":"https:\/\/cozy2wear.com\/ba\/wp-json\/wp\/v2\/product_tag?post=34504"}],"curies":[{"name":"wp","href":"https:\/\/api.w.org\/{rel}","templated":true}]}}