{"id":34528,"date":"2026-01-23T08:00:42","date_gmt":"2026-01-23T07:00:42","guid":{"rendered":"https:\/\/cozy2wear.com\/?post_type=product&#038;p=34528"},"modified":"2026-04-08T10:03:44","modified_gmt":"2026-04-08T08:03:44","slug":"potkosulja-cozy-organic-off-white","status":"publish","type":"product","link":"https:\/\/cozy2wear.com\/ba\/donji-ves\/potkosulje\/potkosulja-cozy-organic-off-white\/","title":{"rendered":"UDOBNA ORGANSKA BIJELA POTPODNJA MAJICA"},"content":{"rendered":"<p>Proizvedeno u Srbiji od organskog pamuka sa certifikatom 100%* (GOTS**).<br \/>\n*Organski pamuk se proizvodi na tradicionalan na\u010din, koji je, u pore\u0111enju sa konvencionalnim pamukom, mnogo prihvatljiviji za globalni ekosistem i ljudsko zdravlje. Daleko je bolji izbor za ko\u017eu, posebno osjetljivu i sklonu alergijama, jer se za njegovu proizvodnju ne koriste hemikalije, herbicidi, pesticidi ili insekticidi, te stoga ne \u0161teti radnicima koji su uklju\u010deni u njegovu proizvodnju. Tako\u0111er, proizvodnja organskog pamuka koristi 70% manje vode i 60% manje energije od standardne proizvodnje pamuka.<br \/>\n**GOTS certifikat garantuje da se proizvodnja pamuka temeljito provjerava i prati od izvora do kona\u010dnog proizvoda (dostupno na zahtjev).**.<br \/>\nDjevojka na fotografiji je visoka 170 cm i nosi veli\u010dinu 36\/38.<\/p>","protected":false},"excerpt":{"rendered":"<p>Ova potko\u0161ulja od organskog pamuka je vanvremenski komad koji pru\u017ea maksimalnu udobnost i prijatan ose\u0107aj na ko\u017ei tokom no\u0161enja u svim godi\u0161njim dobima. \u010cuva na\u0161e zdravlje u zimskom i prelaznom periodu, a leti mo\u017ee da se nosi i kao majica na bretele. Izra\u0111ena od najkvalitetnijeg organskog pamuka, predstavlja savr\u0161eni spoj lepog i udobnog.<\/p>","protected":false},"featured_media":50922,"comment_status":"open","ping_status":"closed","template":"","meta":{"_acf_changed":false},"product_brand":[],"product_cat":[95,298,76,225],"product_tag":[],"class_list":{"0":"post-34528","1":"product","2":"type-product","3":"status-publish","4":"has-post-thumbnail","6":"product_cat-donji-ves","7":"product_cat-gift-shop","8":"product_cat-novo","9":"product_cat-potkosulje","10":"pa_kolekcije-organic","11":"pa_odaberi-velicinu-125","12":"pa_odaberi-velicinu-126","13":"pa_odaberi-velicinu-131","15":"first","16":"instock","17":"purchasable","18":"product-type-variable"},"acf":[],"_links":{"self":[{"href":"https:\/\/cozy2wear.com\/ba\/wp-json\/wp\/v2\/product\/34528","targetHints":{"allow":["GET"]}}],"collection":[{"href":"https:\/\/cozy2wear.com\/ba\/wp-json\/wp\/v2\/product"}],"about":[{"href":"https:\/\/cozy2wear.com\/ba\/wp-json\/wp\/v2\/types\/product"}],"replies":[{"embeddable":true,"href":"https:\/\/cozy2wear.com\/ba\/wp-json\/wp\/v2\/comments?post=34528"}],"version-history":[{"count":0,"href":"https:\/\/cozy2wear.com\/ba\/wp-json\/wp\/v2\/product\/34528\/revisions"}],"wp:featuredmedia":[{"embeddable":true,"href":"https:\/\/cozy2wear.com\/ba\/wp-json\/wp\/v2\/media\/50922"}],"wp:attachment":[{"href":"https:\/\/cozy2wear.com\/ba\/wp-json\/wp\/v2\/media?parent=34528"}],"wp:term":[{"taxonomy":"product_brand","embeddable":true,"href":"https:\/\/cozy2wear.com\/ba\/wp-json\/wp\/v2\/product_brand?post=34528"},{"taxonomy":"product_cat","embeddable":true,"href":"https:\/\/cozy2wear.com\/ba\/wp-json\/wp\/v2\/product_cat?post=34528"},{"taxonomy":"product_tag","embeddable":true,"href":"https:\/\/cozy2wear.com\/ba\/wp-json\/wp\/v2\/product_tag?post=34528"}],"curies":[{"name":"wp","href":"https:\/\/api.w.org\/{rel}","templated":true}]}}