{"id":34568,"date":"2025-11-17T08:00:17","date_gmt":"2025-11-17T07:00:17","guid":{"rendered":"https:\/\/cozy2wear.com\/?post_type=product&#038;p=34568"},"modified":"2026-04-08T09:44:15","modified_gmt":"2026-04-08T07:44:15","slug":"helanke-same-kod-kuce","status":"publish","type":"product","link":"https:\/\/cozy2wear.com\/ba\/helanke\/helanke-home-alone\/","title":{"rendered":"HELANKE HOME ALONE"},"content":{"rendered":"<p>Rebraste pamu\u010dne helanke s malim postotkom likre pravi su must-have u svakom ormaru, savr\u0161ene za udoban i opu\u0161ten dan. Lako se kombiniraju s va\u0161im omiljenim majicama, duksericama, pa \u010dak i du\u017eim tunikama, a jednostavan dizajn \u010dini ih idealnim za svakodnevni, opu\u0161teni stil.<\/p>\n<p>Materijal koji smo odabrali je rebrasti pamuk sa sastavom 95% pamuk \/ 5% elastan, jer va\u0161a ko\u017ea zaslu\u017euje najbolje. Proizvedeno s ljubavlju u humanim radnim uslovima, uz veliku pa\u017enju posve\u0107enu detaljima, kroju i kvaliteti proizvoda.<\/p>\n<p>Djevojka na fotografiji je visoka 170 cm i nosi veli\u010dinu 36\/38.<\/p>\n<p>Proizvedeno u Srbiji.<\/p>","protected":false},"excerpt":{"rendered":"<p>Rebraste pamu\u010dne helanke s malim postotkom likre pravi su must-have u svakom ormaru, savr\u0161ene za udoban i opu\u0161ten dan. Lako se kombiniraju s va\u0161im omiljenim majicama, duksericama, pa \u010dak i du\u017eim tunikama, a jednostavan dizajn \u010dini ih idealnim za svakodnevni, opu\u0161teni stil.<\/p>","protected":false},"featured_media":48037,"comment_status":"open","ping_status":"closed","template":"","meta":{"_acf_changed":false},"product_brand":[],"product_cat":[91,298],"product_tag":[],"class_list":{"0":"post-34568","1":"product","2":"type-product","3":"status-publish","4":"has-post-thumbnail","6":"product_cat-helanke","7":"product_cat-gift-shop","8":"pa_kolekcije-basic","9":"pa_odaberi-velicinu-241","10":"pa_odaberi-velicinu-125","11":"pa_odaberi-velicinu-126","12":"pa_odaberi-velicinu-131","14":"first","15":"outofstock","16":"purchasable","17":"product-type-variable"},"acf":[],"_links":{"self":[{"href":"https:\/\/cozy2wear.com\/ba\/wp-json\/wp\/v2\/product\/34568","targetHints":{"allow":["GET"]}}],"collection":[{"href":"https:\/\/cozy2wear.com\/ba\/wp-json\/wp\/v2\/product"}],"about":[{"href":"https:\/\/cozy2wear.com\/ba\/wp-json\/wp\/v2\/types\/product"}],"replies":[{"embeddable":true,"href":"https:\/\/cozy2wear.com\/ba\/wp-json\/wp\/v2\/comments?post=34568"}],"version-history":[{"count":0,"href":"https:\/\/cozy2wear.com\/ba\/wp-json\/wp\/v2\/product\/34568\/revisions"}],"wp:featuredmedia":[{"embeddable":true,"href":"https:\/\/cozy2wear.com\/ba\/wp-json\/wp\/v2\/media\/48037"}],"wp:attachment":[{"href":"https:\/\/cozy2wear.com\/ba\/wp-json\/wp\/v2\/media?parent=34568"}],"wp:term":[{"taxonomy":"product_brand","embeddable":true,"href":"https:\/\/cozy2wear.com\/ba\/wp-json\/wp\/v2\/product_brand?post=34568"},{"taxonomy":"product_cat","embeddable":true,"href":"https:\/\/cozy2wear.com\/ba\/wp-json\/wp\/v2\/product_cat?post=34568"},{"taxonomy":"product_tag","embeddable":true,"href":"https:\/\/cozy2wear.com\/ba\/wp-json\/wp\/v2\/product_tag?post=34568"}],"curies":[{"name":"wp","href":"https:\/\/api.w.org\/{rel}","templated":true}]}}