{"id":34618,"date":"2024-11-29T11:36:44","date_gmt":"2024-11-29T10:36:44","guid":{"rendered":"https:\/\/cozy2wear.com\/?post_type=product&#038;p=34618"},"modified":"2026-02-11T14:49:51","modified_gmt":"2026-02-11T13:49:51","slug":"udobna-organska-pidzama-tamno-sive-boje","status":"publish","type":"product","link":"https:\/\/cozy2wear.com\/ba\/pidzame\/pidzama-cozy-organic-dark-grey\/","title":{"rendered":"UDOBNA ORGANSKA TAMNOSIVA PI\u017dAMA"},"content":{"rendered":"<p>Najmek\u0161a pid\u017eama na svijetu garantuje udobnost i tokom spavanja i tokom budnosti. Sastoji se od dva dijela, udobne majice kratkih rukava od organskog pamuka i donjeg dijela sa d\u017eepovima i om\u010dom za kai\u0161 od keper trake sa na\u0161im logotipom. Kada odete u krevet \u010disti i miri\u0161ljavi, ova pid\u017eama je sve \u0161to vam treba za dodatni osje\u0107aj ugode.<br \/>\nMaterijal koji smo odabrali je najmek\u0161i Missoni pamu\u010dni singlet napravljen od 100% organskog pamuka, jer va\u0161a ko\u017ea zaslu\u017euje najbolje. Proizvedeno s ljubavlju u humanim radnim uslovima, s velikom pa\u017enjom posve\u0107enom detaljima, kroju i kvaliteti proizvoda. *Organski pamuk se proizvodi na tradicionalan na\u010din, koji je, u pore\u0111enju s konvencionalnim pamukom, mnogo prihvatljiviji za globalni ekosistem i ljudsko zdravlje. Daleko je bolji izbor za ko\u017eu, posebno osjetljivu i sklonu alergijama, jer se za njegovu proizvodnju ne koriste hemikalije, herbicidi, pesticidi ili insekticidi, te stoga ne \u0161teti radnicima koji su uklju\u010deni u njegovu proizvodnju. Tako\u0111er, proizvodnja organskog pamuka koristi 70% manje vode i 60% manje energije od standardne proizvodnje pamuka.<br \/>\n**GOTS certifikat garantuje da se proizvodnja pamuka temeljito provjerava i prati od izvora do kona\u010dnog proizvoda (dostupno na zahtjev).**.<br \/>\nDjevojka na fotografiji je visoka 170 cm i nosi veli\u010dinu 36\/38.<br \/>\nProizvedeno u Srbiji.<\/p>","protected":false},"excerpt":{"rendered":"<p>Najmek\u0161a pid\u017eama na svijetu garantuje udobnost i tokom spavanja i tokom budnosti. Sastoji se od dva dijela, udobne majice kratkih rukava od organskog pamuka i donjeg dijela sa d\u017eepovima i om\u010dom za kai\u0161 od keper trake sa na\u0161im logotipom. Kada odete u krevet \u010disti i miri\u0161ljavi, ova pid\u017eama je sve \u0161to vam treba za dodatni osje\u0107aj ugode.<\/p>","protected":false},"featured_media":34015,"comment_status":"open","ping_status":"closed","template":"","meta":{"_acf_changed":false},"product_brand":[],"product_cat":[94,194],"product_tag":[],"class_list":{"0":"post-34618","1":"product","2":"type-product","3":"status-publish","4":"has-post-thumbnail","6":"product_cat-pidzame","7":"product_cat-snizenje","8":"pa_kolekcije-organic","9":"pa_odaberi-velicinu-125","10":"pa_odaberi-velicinu-126","11":"pa_odaberi-velicinu-131","13":"first","14":"outofstock","15":"purchasable","16":"product-type-variable"},"acf":[],"_links":{"self":[{"href":"https:\/\/cozy2wear.com\/ba\/wp-json\/wp\/v2\/product\/34618","targetHints":{"allow":["GET"]}}],"collection":[{"href":"https:\/\/cozy2wear.com\/ba\/wp-json\/wp\/v2\/product"}],"about":[{"href":"https:\/\/cozy2wear.com\/ba\/wp-json\/wp\/v2\/types\/product"}],"replies":[{"embeddable":true,"href":"https:\/\/cozy2wear.com\/ba\/wp-json\/wp\/v2\/comments?post=34618"}],"version-history":[{"count":0,"href":"https:\/\/cozy2wear.com\/ba\/wp-json\/wp\/v2\/product\/34618\/revisions"}],"wp:featuredmedia":[{"embeddable":true,"href":"https:\/\/cozy2wear.com\/ba\/wp-json\/wp\/v2\/media\/34015"}],"wp:attachment":[{"href":"https:\/\/cozy2wear.com\/ba\/wp-json\/wp\/v2\/media?parent=34618"}],"wp:term":[{"taxonomy":"product_brand","embeddable":true,"href":"https:\/\/cozy2wear.com\/ba\/wp-json\/wp\/v2\/product_brand?post=34618"},{"taxonomy":"product_cat","embeddable":true,"href":"https:\/\/cozy2wear.com\/ba\/wp-json\/wp\/v2\/product_cat?post=34618"},{"taxonomy":"product_tag","embeddable":true,"href":"https:\/\/cozy2wear.com\/ba\/wp-json\/wp\/v2\/product_tag?post=34618"}],"curies":[{"name":"wp","href":"https:\/\/api.w.org\/{rel}","templated":true}]}}