{"id":37007,"date":"2025-06-20T08:00:08","date_gmt":"2025-06-20T06:00:08","guid":{"rendered":"https:\/\/cozy2wear.com\/?post_type=product&#038;p=37007"},"modified":"2026-04-29T11:12:28","modified_gmt":"2026-04-29T09:12:28","slug":"freya-haljina-svijetloplava","status":"publish","type":"product","link":"https:\/\/cozy2wear.com\/ba\/haljine\/haljina-freya-baby-blue\/","title":{"rendered":"FREYA PJE\u0160\u010cANA HALJINA"},"content":{"rendered":"<p data-start=\"326\" data-end=\"841\">Freya haljina odi\u0161e jednostavnom elegancijom i bezvremenskim \u0161armom. Njena midi du\u017eina i prirodni viskozni materijal 100% pru\u017eaju lepr\u0161av osje\u0107aj i cjelodnevnu udobnost. Carneric naramenice dodaju romanti\u010dnu notu, dok otvorena le\u0111a s vezicama nagla\u0161avaju \u017eenstvenost i daju mogu\u0107nost prilago\u0111avanja figuri. Bilo da se nosi sa sandalama za opu\u0161teni ljetni izgled ili elegantnim cipelama i nakitom za ve\u010dernji izlazak, ova haljina je jednostavan favorit u garderobi.<\/p>\n<p data-start=\"326\" data-end=\"841\">Materijal koji smo odabrali je viskoza 100%. Proizvedeno s ljubavlju u humanim radnim uslovima, s velikom pa\u017enjom posve\u0107enom detaljima, kroju i kvaliteti proizvoda.<\/p>\n<p>Djevojka na fotografiji je visoka 176 cm i nosi veli\u010dinu 36\/38 - za pomo\u0107 pri odabiru veli\u010dina, pogledajte dimenzije proizvoda.<\/p>\n<p>Proizvedeno u Srbiji.<\/p>","protected":false},"excerpt":{"rendered":"<p>Haljina Freya midi du\u017eine donosi lepr\u0161av i romanti\u010dan izgled zahvaljuju\u0107i naramenicama i otvorenim le\u0111ima s pojasom za vezanje. Izra\u0111ena od viskoze 100%, udobna je i elegantna - savr\u0161en izbor za svaki dan ili posebnu priliku.<\/p>","protected":false},"featured_media":42238,"comment_status":"open","ping_status":"closed","template":"","meta":{"_acf_changed":false},"product_brand":[],"product_cat":[82],"product_tag":[],"class_list":{"0":"post-37007","1":"product","2":"type-product","3":"status-publish","4":"has-post-thumbnail","6":"product_cat-haljine","7":"pa_kolekcije-leto","8":"pa_odaberi-velicinu-125","9":"pa_odaberi-velicinu-126","10":"pa_odaberi-velicinu-131","12":"first","13":"instock","14":"taxable","15":"shipping-taxable","16":"purchasable","17":"product-type-variable"},"acf":[],"_links":{"self":[{"href":"https:\/\/cozy2wear.com\/ba\/wp-json\/wp\/v2\/product\/37007","targetHints":{"allow":["GET"]}}],"collection":[{"href":"https:\/\/cozy2wear.com\/ba\/wp-json\/wp\/v2\/product"}],"about":[{"href":"https:\/\/cozy2wear.com\/ba\/wp-json\/wp\/v2\/types\/product"}],"replies":[{"embeddable":true,"href":"https:\/\/cozy2wear.com\/ba\/wp-json\/wp\/v2\/comments?post=37007"}],"version-history":[{"count":0,"href":"https:\/\/cozy2wear.com\/ba\/wp-json\/wp\/v2\/product\/37007\/revisions"}],"wp:featuredmedia":[{"embeddable":true,"href":"https:\/\/cozy2wear.com\/ba\/wp-json\/wp\/v2\/media\/42238"}],"wp:attachment":[{"href":"https:\/\/cozy2wear.com\/ba\/wp-json\/wp\/v2\/media?parent=37007"}],"wp:term":[{"taxonomy":"product_brand","embeddable":true,"href":"https:\/\/cozy2wear.com\/ba\/wp-json\/wp\/v2\/product_brand?post=37007"},{"taxonomy":"product_cat","embeddable":true,"href":"https:\/\/cozy2wear.com\/ba\/wp-json\/wp\/v2\/product_cat?post=37007"},{"taxonomy":"product_tag","embeddable":true,"href":"https:\/\/cozy2wear.com\/ba\/wp-json\/wp\/v2\/product_tag?post=37007"}],"curies":[{"name":"wp","href":"https:\/\/api.w.org\/{rel}","templated":true}]}}