{"id":38097,"date":"2026-02-17T08:02:44","date_gmt":"2026-02-17T07:02:44","guid":{"rendered":"https:\/\/cozy2wear.com\/?post_type=product&#038;p=38097"},"modified":"2026-03-23T11:30:18","modified_gmt":"2026-03-23T10:30:18","slug":"lunarno-crna-suknja","status":"publish","type":"product","link":"https:\/\/cozy2wear.com\/ba\/suknje\/suknja-lunar-black\/","title":{"rendered":"SUKNJA LUNAR CRNE"},"content":{"rendered":"<p>Lunar suknja je savr\u0161en izbor za sve koji \u017eele dodati da\u0161ak elegancije svojoj garderobi, a istovremeno u\u017eivati u udobnosti i prakti\u010dnosti. Ova suknja srednje du\u017eine izra\u0111ena je od visokokvalitetne pamu\u010dne likre, koja joj daje meko\u0107u i ugodan osje\u0107aj na ko\u017ei. Njen \u0161iroki kroj i elasti\u010dni pojas omogu\u0107avaju slobodu kretanja. Bez obzira da li je nosite s majicom, topom ili ko\u0161uljom, Lunar suknja \u0107e vam pru\u017eiti savr\u0161enu ravnote\u017eu izme\u0111u udobnosti i stila.<\/p>\n<p>Materijal koji smo odabrali je pamuk 96% i elastan 4%. Proizvedeno s ljubavlju u humanim radnim uslovima, s velikom pa\u017enjom posve\u0107enom detaljima, kroju i kvaliteti proizvoda.<\/p>\n<p>Brineta na fotografiji je visoka 178cm i nosi veli\u010dinu 36\/38, plava devojka je visoka 172cm i nosi veli\u010dinu 36\/38 \u2013 za pomo\u0107 u odabiru veli\u010dina pogledajte dimenzije proizvoda.<\/p>\n<p>Proizvedeno u Srbiji.<\/p>","protected":false},"excerpt":{"rendered":"<p>Lunar suknja je savr\u0161en izbor za sve koji \u017eele dodati da\u0161ak elegancije svojoj garderobi, a istovremeno u\u017eivati u udobnosti i prakti\u010dnosti. Ova suknja srednje du\u017eine izra\u0111ena je od visokokvalitetne pamu\u010dne likre, koja joj daje meko\u0107u i ugodan osje\u0107aj na ko\u017ei. Njen \u0161iroki kroj i elasti\u010dni pojas omogu\u0107avaju slobodu kretanja. Bez obzira da li je nosite s majicom, topom ili ko\u0161uljom, Lunar suknja \u0107e vam pru\u017eiti savr\u0161enu ravnote\u017eu izme\u0111u udobnosti i stila.<\/p>","protected":false},"featured_media":51857,"comment_status":"open","ping_status":"closed","template":"","meta":{"_acf_changed":false},"product_brand":[],"product_cat":[93,76],"product_tag":[],"class_list":{"0":"post-38097","1":"product","2":"type-product","3":"status-publish","4":"has-post-thumbnail","6":"product_cat-suknje","7":"product_cat-novo","8":"pa_kolekcije-basic","9":"pa_odaberi-velicinu-125","10":"pa_odaberi-velicinu-126","12":"first","13":"outofstock","14":"taxable","15":"shipping-taxable","16":"purchasable","17":"product-type-variable"},"acf":[],"_links":{"self":[{"href":"https:\/\/cozy2wear.com\/ba\/wp-json\/wp\/v2\/product\/38097","targetHints":{"allow":["GET"]}}],"collection":[{"href":"https:\/\/cozy2wear.com\/ba\/wp-json\/wp\/v2\/product"}],"about":[{"href":"https:\/\/cozy2wear.com\/ba\/wp-json\/wp\/v2\/types\/product"}],"replies":[{"embeddable":true,"href":"https:\/\/cozy2wear.com\/ba\/wp-json\/wp\/v2\/comments?post=38097"}],"version-history":[{"count":0,"href":"https:\/\/cozy2wear.com\/ba\/wp-json\/wp\/v2\/product\/38097\/revisions"}],"wp:featuredmedia":[{"embeddable":true,"href":"https:\/\/cozy2wear.com\/ba\/wp-json\/wp\/v2\/media\/51857"}],"wp:attachment":[{"href":"https:\/\/cozy2wear.com\/ba\/wp-json\/wp\/v2\/media?parent=38097"}],"wp:term":[{"taxonomy":"product_brand","embeddable":true,"href":"https:\/\/cozy2wear.com\/ba\/wp-json\/wp\/v2\/product_brand?post=38097"},{"taxonomy":"product_cat","embeddable":true,"href":"https:\/\/cozy2wear.com\/ba\/wp-json\/wp\/v2\/product_cat?post=38097"},{"taxonomy":"product_tag","embeddable":true,"href":"https:\/\/cozy2wear.com\/ba\/wp-json\/wp\/v2\/product_tag?post=38097"}],"curies":[{"name":"wp","href":"https:\/\/api.w.org\/{rel}","templated":true}]}}