{"id":38256,"date":"2026-04-23T08:15:01","date_gmt":"2026-04-23T06:15:01","guid":{"rendered":"https:\/\/cozy2wear.com\/?post_type=product&#038;p=38256"},"modified":"2026-04-24T11:58:37","modified_gmt":"2026-04-24T09:58:37","slug":"monaco-pjescane-hlace","status":"publish","type":"product","link":"https:\/\/cozy2wear.com\/ba\/pantalone\/pantalone-monaco-sand\/","title":{"rendered":"MONACO SAND HLA\u010cE"},"content":{"rendered":"<p>Lagane pantalone od 50% Lyocela (Tencel\u00ae) i 50% modala, predvi\u0111ene du\u017eine do malo iznad \u010dlanaka, carrot kroja sa suptilnim faltama na prednjem delu, sa d\u017eepovima sa strane i skrivenim kop\u010danjem, idealne su za sve prilike i stilove. Savr\u0161eno stoje razli\u010ditim tipovima gra\u0111e.<\/p>\n<p>Liocel (Tencel\u00ae) je napredno vlakno proizvedeno od biorazgradivog materijala, ta\u010dnije od celuloze eukaliptusa, i zbog svojih prirodnih svojstava kao i metoda obrade, pogodan je materijal za okolinu. Vrlo je ugodan u kontaktu s ko\u017eom, tkanina je vrlo prozra\u010dna i odli\u010dno upija znoj i vlagu. Tako\u0111er je odli\u010dan materijal za sve s osjetljivom ko\u017eom. Modal je celulozno vlakno, sli\u010dno viskozi, samo ne\u0161to mek\u0161e.<\/p>\n<p>Proizvedeno u Srbiji.<\/p>","protected":false},"excerpt":{"rendered":"<p>Pantalone Monaco lagane pantalone od 50% Lyocela (Tencel\u00ae) i 50% modala, predvi\u0111ene du\u017eine do malo iznad \u010dlanaka, carrot kroja sa suptilnim faltama na prednjem delu, sa d\u017eepovima sa strane i skrivenim kop\u010danjem, idealne su za sve prilike i stilove. Savr\u0161eno stoje razli\u010ditim tipovima gra\u0111e.<\/p>","protected":false},"featured_media":55491,"comment_status":"open","ping_status":"closed","template":"","meta":{"_acf_changed":false},"product_brand":[],"product_cat":[90,76],"product_tag":[],"class_list":{"0":"post-38256","1":"product","2":"type-product","3":"status-publish","4":"has-post-thumbnail","6":"product_cat-pantalone","7":"product_cat-novo","8":"pa_kolekcije-studio","9":"pa_odaberi-velicinu-241","10":"pa_odaberi-velicinu-125","11":"pa_odaberi-velicinu-126","12":"pa_odaberi-velicinu-131","13":"c2w-loop-coming-soon","15":"first","16":"outofstock","17":"taxable","18":"shipping-taxable","19":"product-type-variable"},"acf":[],"_links":{"self":[{"href":"https:\/\/cozy2wear.com\/ba\/wp-json\/wp\/v2\/product\/38256","targetHints":{"allow":["GET"]}}],"collection":[{"href":"https:\/\/cozy2wear.com\/ba\/wp-json\/wp\/v2\/product"}],"about":[{"href":"https:\/\/cozy2wear.com\/ba\/wp-json\/wp\/v2\/types\/product"}],"replies":[{"embeddable":true,"href":"https:\/\/cozy2wear.com\/ba\/wp-json\/wp\/v2\/comments?post=38256"}],"version-history":[{"count":4,"href":"https:\/\/cozy2wear.com\/ba\/wp-json\/wp\/v2\/product\/38256\/revisions"}],"predecessor-version":[{"id":55800,"href":"https:\/\/cozy2wear.com\/ba\/wp-json\/wp\/v2\/product\/38256\/revisions\/55800"}],"wp:featuredmedia":[{"embeddable":true,"href":"https:\/\/cozy2wear.com\/ba\/wp-json\/wp\/v2\/media\/55491"}],"wp:attachment":[{"href":"https:\/\/cozy2wear.com\/ba\/wp-json\/wp\/v2\/media?parent=38256"}],"wp:term":[{"taxonomy":"product_brand","embeddable":true,"href":"https:\/\/cozy2wear.com\/ba\/wp-json\/wp\/v2\/product_brand?post=38256"},{"taxonomy":"product_cat","embeddable":true,"href":"https:\/\/cozy2wear.com\/ba\/wp-json\/wp\/v2\/product_cat?post=38256"},{"taxonomy":"product_tag","embeddable":true,"href":"https:\/\/cozy2wear.com\/ba\/wp-json\/wp\/v2\/product_tag?post=38256"}],"curies":[{"name":"wp","href":"https:\/\/api.w.org\/{rel}","templated":true}]}}