{"id":39658,"date":"2025-09-09T07:59:05","date_gmt":"2025-09-09T05:59:05","guid":{"rendered":"https:\/\/cozy2wear.com\/?post_type=product&#038;p=39658"},"modified":"2026-04-23T20:13:50","modified_gmt":"2026-04-23T18:13:50","slug":"boho-haljina","status":"publish","type":"product","link":"https:\/\/cozy2wear.com\/ba\/haljine\/haljina-boho\/","title":{"rendered":"BOHO HALJINA"},"content":{"rendered":"<p>Boho haljina ima \u0161iroki kroj s lepr\u0161avim volanima, \u0161irokim zvonastim rukavima i leptir-ma\u0161nom oko vrata, \u0161to joj daje romanti\u010dan i sofisticiran izgled. Zahvaljuju\u0107i laganom materijalu i fluidnoj silueti, idealna je za \u0161etnje uz more, ljetne ve\u010dere ili pauze za kafu u gradu. D\u017eepovi u \u0161avu i na\u0161a prepoznatljiva nijansa gline ve\u0107 je ne\u0161to \u0161to je dio na\u0161eg potpisa, kao i osje\u0107aj udobnosti i leta dok lepr\u0161ate u njoj.<\/p>\n<p>Materijal koji smo odabrali je viskoza 100%. Proizvedeno s ljubavlju u humanim radnim uslovima, s velikom pa\u017enjom posve\u0107enom detaljima, kroju i kvaliteti proizvoda.<\/p>\n<p>Djevojka na fotografiji je visoka 172 cm i nosi veli\u010dinu 36\/38 - za pomo\u0107 pri odabiru veli\u010dina, pogledajte dimenzije proizvoda.<\/p>\n<p>Proizvedeno u Srbiji.<\/p>\n<p>&nbsp;<\/p>","protected":false},"excerpt":{"rendered":"<p data-start=\"417\" data-end=\"561\">Pahuljasta boho haljina s volanima i zvonastim rukavima u nijansi gline. Izra\u0111ena od viskoze 100%, pru\u017ea udobnost i eleganciju za svaku priliku.<\/p>","protected":false},"featured_media":44097,"comment_status":"open","ping_status":"closed","template":"","meta":{"_acf_changed":false},"product_brand":[],"product_cat":[82,194],"product_tag":[],"class_list":{"0":"post-39658","1":"product","2":"type-product","3":"status-publish","4":"has-post-thumbnail","6":"product_cat-haljine","7":"product_cat-snizenje","8":"pa_kolekcije-studio","9":"pa_odaberi-velicinu-125","10":"pa_odaberi-velicinu-126","12":"first","13":"instock","14":"taxable","15":"shipping-taxable","16":"purchasable","17":"product-type-variable"},"acf":[],"_links":{"self":[{"href":"https:\/\/cozy2wear.com\/ba\/wp-json\/wp\/v2\/product\/39658","targetHints":{"allow":["GET"]}}],"collection":[{"href":"https:\/\/cozy2wear.com\/ba\/wp-json\/wp\/v2\/product"}],"about":[{"href":"https:\/\/cozy2wear.com\/ba\/wp-json\/wp\/v2\/types\/product"}],"replies":[{"embeddable":true,"href":"https:\/\/cozy2wear.com\/ba\/wp-json\/wp\/v2\/comments?post=39658"}],"version-history":[{"count":0,"href":"https:\/\/cozy2wear.com\/ba\/wp-json\/wp\/v2\/product\/39658\/revisions"}],"wp:featuredmedia":[{"embeddable":true,"href":"https:\/\/cozy2wear.com\/ba\/wp-json\/wp\/v2\/media\/44097"}],"wp:attachment":[{"href":"https:\/\/cozy2wear.com\/ba\/wp-json\/wp\/v2\/media?parent=39658"}],"wp:term":[{"taxonomy":"product_brand","embeddable":true,"href":"https:\/\/cozy2wear.com\/ba\/wp-json\/wp\/v2\/product_brand?post=39658"},{"taxonomy":"product_cat","embeddable":true,"href":"https:\/\/cozy2wear.com\/ba\/wp-json\/wp\/v2\/product_cat?post=39658"},{"taxonomy":"product_tag","embeddable":true,"href":"https:\/\/cozy2wear.com\/ba\/wp-json\/wp\/v2\/product_tag?post=39658"}],"curies":[{"name":"wp","href":"https:\/\/api.w.org\/{rel}","templated":true}]}}