{"id":39879,"date":"2025-06-07T08:00:48","date_gmt":"2025-06-07T06:00:48","guid":{"rendered":"https:\/\/cozy2wear.com\/?post_type=product&#038;p=39879"},"modified":"2025-11-10T11:24:35","modified_gmt":"2025-11-10T10:24:35","slug":"maxi-haljina-svijetlo-crna","status":"publish","type":"product","link":"https:\/\/cozy2wear.com\/ba\/haljine\/haljina-maxi-laganini-black\/","title":{"rendered":"MAXI HALJINA SVIJETLO CRNA"},"content":{"rendered":"<p>Maxi Laganini haljina u crnoj boji donosi lako\u0107u i eleganciju koja se osje\u0107a na prvi pogled. Lepr\u0161avi materijal prati pokrete i stvara \u017eenstveni efekat sa svakim korakom, dok prorez i diskretni d\u017eepovi dodaju da\u0161ak prakti\u010dnosti i opu\u0161tenog \u0161arma. Haljinu mo\u017eete prilagoditi svom stilu, tako da se podjednako dobro sla\u017ee sa dnevnim sandalama i elegantnijim ve\u010dernjim kombinacijama.<\/p>\n<p>Materijal koji smo odabrali je viskoza 100%. Proizvedeno s ljubavlju u humanim radnim uslovima, s velikom pa\u017enjom posve\u0107enom detaljima, kroju i kvaliteti proizvoda.<\/p>\n<p>Djevojka na fotografiji je visoka 170 cm i nosi veli\u010dinu 36\/38 - za pomo\u0107 pri odabiru veli\u010dina, pogledajte dimenzije proizvoda.<\/p>\n<p>Proizvedeno u Srbiji.<\/p>","protected":false},"excerpt":{"rendered":"<p><span style=\"font-weight: 400;\">Lagani pad materijala, ljepota svakog koraka, prorez i d\u017eepovi sa strane, prilagodljivost dekoltea - sve su to elementi koji \u010dine Maxi Laganini haljinu apsolutno neodoljivom.<\/span><\/p>","protected":false},"featured_media":39884,"comment_status":"open","ping_status":"closed","template":"","meta":{"_acf_changed":false},"product_brand":[],"product_cat":[82],"product_tag":[],"class_list":{"0":"post-39879","1":"product","2":"type-product","3":"status-publish","4":"has-post-thumbnail","6":"product_cat-haljine","7":"pa_kolekcije-leto","8":"pa_odaberi-velicinu-125","9":"pa_odaberi-velicinu-126","10":"pa_odaberi-velicinu-131","12":"first","13":"outofstock","14":"taxable","15":"shipping-taxable","16":"purchasable","17":"product-type-variable"},"acf":[],"_links":{"self":[{"href":"https:\/\/cozy2wear.com\/ba\/wp-json\/wp\/v2\/product\/39879","targetHints":{"allow":["GET"]}}],"collection":[{"href":"https:\/\/cozy2wear.com\/ba\/wp-json\/wp\/v2\/product"}],"about":[{"href":"https:\/\/cozy2wear.com\/ba\/wp-json\/wp\/v2\/types\/product"}],"replies":[{"embeddable":true,"href":"https:\/\/cozy2wear.com\/ba\/wp-json\/wp\/v2\/comments?post=39879"}],"version-history":[{"count":0,"href":"https:\/\/cozy2wear.com\/ba\/wp-json\/wp\/v2\/product\/39879\/revisions"}],"wp:featuredmedia":[{"embeddable":true,"href":"https:\/\/cozy2wear.com\/ba\/wp-json\/wp\/v2\/media\/39884"}],"wp:attachment":[{"href":"https:\/\/cozy2wear.com\/ba\/wp-json\/wp\/v2\/media?parent=39879"}],"wp:term":[{"taxonomy":"product_brand","embeddable":true,"href":"https:\/\/cozy2wear.com\/ba\/wp-json\/wp\/v2\/product_brand?post=39879"},{"taxonomy":"product_cat","embeddable":true,"href":"https:\/\/cozy2wear.com\/ba\/wp-json\/wp\/v2\/product_cat?post=39879"},{"taxonomy":"product_tag","embeddable":true,"href":"https:\/\/cozy2wear.com\/ba\/wp-json\/wp\/v2\/product_tag?post=39879"}],"curies":[{"name":"wp","href":"https:\/\/api.w.org\/{rel}","templated":true}]}}