{"id":39931,"date":"2025-11-20T08:05:50","date_gmt":"2025-11-20T07:05:50","guid":{"rendered":"https:\/\/cozy2wear.com\/?post_type=product&#038;p=39931"},"modified":"2026-04-07T09:14:42","modified_gmt":"2026-04-07T07:14:42","slug":"plava-kosulja","status":"publish","type":"product","link":"https:\/\/cozy2wear.com\/ba\/kosulje\/kosulja-azzuro\/","title":{"rendered":"PLAVA KO\u0160ULJA"},"content":{"rendered":"<p>Predimenzionirana ko\u0161ulja od svijetlog pamu\u010dnog poplina u nje\u017eno plavoj nijansi s krem bijelim prugama. Klasi\u010dan kroj s kragnom i dugmadima \u010dini je bezvremenskim komadom koji mo\u017eete nositi uz hla\u010de, kratke hla\u010de ili kao ogrta\u010d za pla\u017eu. Nezamjenjiva u svakom ljetnom ormaru, bilo da ste na moru ili u gradu.<\/p>\n<p>Materijal koji smo odabrali je pamu\u010dni poplin 100%. Proizveden s ljubavlju u humanim radnim uvjetima, s velikom pa\u017enjom posve\u0107enom detaljima, kroju i kvaliteti proizvoda.<\/p>\n<p>Djevojka na fotografiji je visoka 170 cm.<\/p>\n<p>Proizvedeno u Srbiji.<\/p>\n<p>&nbsp;<\/p>","protected":false},"excerpt":{"rendered":"<p>Predimenzionirana ko\u0161ulja od svijetlog pamu\u010dnog poplina u nje\u017eno plavoj nijansi s krem bijelim prugama. Klasi\u010dan kroj s kragnom i dugmadima \u010dini je bezvremenskim komadom koji mo\u017eete nositi uz hla\u010de, kratke hla\u010de ili kao ogrta\u010d za pla\u017eu. Nezamjenjiva u svakom ljetnom ormaru, bilo da ste na moru ili u gradu.<\/p>","protected":false},"featured_media":48865,"comment_status":"open","ping_status":"closed","template":"","meta":{"_acf_changed":false},"product_brand":[],"product_cat":[86,298,194],"product_tag":[],"class_list":{"0":"post-39931","1":"product","2":"type-product","3":"status-publish","4":"has-post-thumbnail","6":"product_cat-kosulje","7":"product_cat-gift-shop","8":"product_cat-snizenje","9":"pa_kolekcije-basic","10":"pa_odaberi-velicinu-one-size","12":"first","13":"instock","14":"taxable","15":"shipping-taxable","16":"purchasable","17":"product-type-variable"},"acf":[],"_links":{"self":[{"href":"https:\/\/cozy2wear.com\/ba\/wp-json\/wp\/v2\/product\/39931","targetHints":{"allow":["GET"]}}],"collection":[{"href":"https:\/\/cozy2wear.com\/ba\/wp-json\/wp\/v2\/product"}],"about":[{"href":"https:\/\/cozy2wear.com\/ba\/wp-json\/wp\/v2\/types\/product"}],"replies":[{"embeddable":true,"href":"https:\/\/cozy2wear.com\/ba\/wp-json\/wp\/v2\/comments?post=39931"}],"version-history":[{"count":0,"href":"https:\/\/cozy2wear.com\/ba\/wp-json\/wp\/v2\/product\/39931\/revisions"}],"wp:featuredmedia":[{"embeddable":true,"href":"https:\/\/cozy2wear.com\/ba\/wp-json\/wp\/v2\/media\/48865"}],"wp:attachment":[{"href":"https:\/\/cozy2wear.com\/ba\/wp-json\/wp\/v2\/media?parent=39931"}],"wp:term":[{"taxonomy":"product_brand","embeddable":true,"href":"https:\/\/cozy2wear.com\/ba\/wp-json\/wp\/v2\/product_brand?post=39931"},{"taxonomy":"product_cat","embeddable":true,"href":"https:\/\/cozy2wear.com\/ba\/wp-json\/wp\/v2\/product_cat?post=39931"},{"taxonomy":"product_tag","embeddable":true,"href":"https:\/\/cozy2wear.com\/ba\/wp-json\/wp\/v2\/product_tag?post=39931"}],"curies":[{"name":"wp","href":"https:\/\/api.w.org\/{rel}","templated":true}]}}