{"id":39946,"date":"2025-05-08T08:05:52","date_gmt":"2025-05-08T06:05:52","guid":{"rendered":"https:\/\/cozy2wear.com\/?post_type=product&#038;p=39946"},"modified":"2026-04-15T10:42:01","modified_gmt":"2026-04-15T08:42:01","slug":"plave-hlace","status":"publish","type":"product","link":"https:\/\/cozy2wear.com\/ba\/pantalone\/pantalone-azzuro\/","title":{"rendered":"PLAVE HLA\u010cE"},"content":{"rendered":"<p>Hla\u010de ravnog kroja od mekog i laganog pamu\u010dnog poplina, dizajnirane za udobnost i lako\u0107u kretanja. Plave boje s krem bijelim prugama, savr\u0161eno balansiraju izme\u0111u le\u017eernog i sofisticiranog stila. Elasti\u010dni struk garantuje udoban osje\u0107aj tokom cijelog dana, dok du\u017eina nogavica pru\u017ea elegantan pad. Kombinujte ih s ALLURE ko\u0161uljom za savr\u0161en ljetni \u0161ik izgled.<\/p>\n<p>Materijal koji smo odabrali je pamu\u010dni poplin 100%. Proizveden s ljubavlju u humanim radnim uvjetima, s velikom pa\u017enjom posve\u0107enom detaljima, kroju i kvaliteti proizvoda.<\/p>\n<p>Djevojka na fotografiji je visoka 170 cm i nosi veli\u010dinu 36\/38 - za pomo\u0107 pri odabiru veli\u010dina, pogledajte dimenzije proizvoda.<\/p>\n<p>Proizvedeno u Srbiji.<\/p>","protected":false},"excerpt":{"rendered":"<p>Hla\u010de ravnog kroja od mekog i laganog pamu\u010dnog poplina, dizajnirane za udobnost i lako\u0107u kretanja. Plave boje s krem bijelim prugama, savr\u0161eno balansiraju izme\u0111u le\u017eernog i sofisticiranog stila. Elasti\u010dni struk garantuje udoban osje\u0107aj tokom cijelog dana, dok du\u017eina nogavica pru\u017ea elegantan pad. Kombinujte ih s ALLURE ko\u0161uljom za savr\u0161en ljetni \u0161ik izgled.<\/p>","protected":false},"featured_media":40738,"comment_status":"open","ping_status":"closed","template":"","meta":{"_acf_changed":false},"product_brand":[],"product_cat":[90],"product_tag":[],"class_list":{"0":"post-39946","1":"product","2":"type-product","3":"status-publish","4":"has-post-thumbnail","6":"product_cat-pantalone","7":"pa_kolekcije-kolekcija-azzuro","8":"pa_kolekcije-leto","9":"pa_odaberi-velicinu-241","10":"pa_odaberi-velicinu-125","11":"pa_odaberi-velicinu-126","12":"pa_odaberi-velicinu-131","14":"first","15":"instock","16":"taxable","17":"shipping-taxable","18":"purchasable","19":"product-type-variable"},"acf":[],"_links":{"self":[{"href":"https:\/\/cozy2wear.com\/ba\/wp-json\/wp\/v2\/product\/39946","targetHints":{"allow":["GET"]}}],"collection":[{"href":"https:\/\/cozy2wear.com\/ba\/wp-json\/wp\/v2\/product"}],"about":[{"href":"https:\/\/cozy2wear.com\/ba\/wp-json\/wp\/v2\/types\/product"}],"replies":[{"embeddable":true,"href":"https:\/\/cozy2wear.com\/ba\/wp-json\/wp\/v2\/comments?post=39946"}],"version-history":[{"count":0,"href":"https:\/\/cozy2wear.com\/ba\/wp-json\/wp\/v2\/product\/39946\/revisions"}],"wp:featuredmedia":[{"embeddable":true,"href":"https:\/\/cozy2wear.com\/ba\/wp-json\/wp\/v2\/media\/40738"}],"wp:attachment":[{"href":"https:\/\/cozy2wear.com\/ba\/wp-json\/wp\/v2\/media?parent=39946"}],"wp:term":[{"taxonomy":"product_brand","embeddable":true,"href":"https:\/\/cozy2wear.com\/ba\/wp-json\/wp\/v2\/product_brand?post=39946"},{"taxonomy":"product_cat","embeddable":true,"href":"https:\/\/cozy2wear.com\/ba\/wp-json\/wp\/v2\/product_cat?post=39946"},{"taxonomy":"product_tag","embeddable":true,"href":"https:\/\/cozy2wear.com\/ba\/wp-json\/wp\/v2\/product_tag?post=39946"}],"curies":[{"name":"wp","href":"https:\/\/api.w.org\/{rel}","templated":true}]}}