{"id":39962,"date":"2025-05-26T08:00:32","date_gmt":"2025-05-26T06:00:32","guid":{"rendered":"https:\/\/cozy2wear.com\/?post_type=product&#038;p=39962"},"modified":"2025-11-10T11:24:35","modified_gmt":"2025-11-10T10:24:35","slug":"osnovna-maslinasta-majica","status":"publish","type":"product","link":"https:\/\/cozy2wear.com\/ba\/majice\/majica-essential-olive\/","title":{"rendered":"ESSENTIAL OLIVE MAJICA"},"content":{"rendered":"<p data-start=\"164\" data-end=\"459\">Majica Essential je ona koju \u0107ete birati iznova i iznova - \u0161iroka, lepr\u0161ava i udobna, a opet dovoljno posebna da nosi poruku stila. Ne\u0161to kra\u0107a sprijeda, du\u017ea straga, savr\u0161eno se uklapa u opu\u0161tene ljetne kombinacije, dok diskretni otvori na rukavima dodaju da\u0161ak \u017eenstvenosti.<\/p>\n<p>Materijal koji smo odabrali je viskoza 100%. Proizvedeno s ljubavlju u humanim radnim uslovima, s velikom pa\u017enjom posve\u0107enom detaljima, kroju i kvaliteti proizvoda.<\/p>\n<p>Djevojka na fotografiji je visoka 170 cm i nosi veli\u010dinu 36\/38 - za pomo\u0107 pri odabiru veli\u010dina, pogledajte dimenzije proizvoda.<\/p>\n<p>Proizvedeno u Srbiji.<\/p>","protected":false},"excerpt":{"rendered":"<p>Majica Essential je ona koju \u0107ete birati iznova i iznova - \u0161iroka, lepr\u0161ava i udobna, a opet dovoljno posebna da nosi poruku stila. Ne\u0161to kra\u0107a sprijeda, du\u017ea straga, savr\u0161eno se uklapa u opu\u0161tene ljetne kombinacije, dok diskretni otvori na rukavima dodaju da\u0161ak \u017eenstvenosti.<\/p>","protected":false},"featured_media":39967,"comment_status":"open","ping_status":"closed","template":"","meta":{"_acf_changed":false},"product_brand":[],"product_cat":[75,83],"product_tag":[],"class_list":{"0":"post-39962","1":"product","2":"type-product","3":"status-publish","4":"has-post-thumbnail","6":"product_cat-majice","7":"product_cat-kratak-rukav","8":"pa_kolekcije-leto","9":"pa_odaberi-velicinu-one-size","11":"first","12":"outofstock","13":"taxable","14":"shipping-taxable","15":"purchasable","16":"product-type-variable"},"acf":[],"_links":{"self":[{"href":"https:\/\/cozy2wear.com\/ba\/wp-json\/wp\/v2\/product\/39962","targetHints":{"allow":["GET"]}}],"collection":[{"href":"https:\/\/cozy2wear.com\/ba\/wp-json\/wp\/v2\/product"}],"about":[{"href":"https:\/\/cozy2wear.com\/ba\/wp-json\/wp\/v2\/types\/product"}],"replies":[{"embeddable":true,"href":"https:\/\/cozy2wear.com\/ba\/wp-json\/wp\/v2\/comments?post=39962"}],"version-history":[{"count":0,"href":"https:\/\/cozy2wear.com\/ba\/wp-json\/wp\/v2\/product\/39962\/revisions"}],"wp:featuredmedia":[{"embeddable":true,"href":"https:\/\/cozy2wear.com\/ba\/wp-json\/wp\/v2\/media\/39967"}],"wp:attachment":[{"href":"https:\/\/cozy2wear.com\/ba\/wp-json\/wp\/v2\/media?parent=39962"}],"wp:term":[{"taxonomy":"product_brand","embeddable":true,"href":"https:\/\/cozy2wear.com\/ba\/wp-json\/wp\/v2\/product_brand?post=39962"},{"taxonomy":"product_cat","embeddable":true,"href":"https:\/\/cozy2wear.com\/ba\/wp-json\/wp\/v2\/product_cat?post=39962"},{"taxonomy":"product_tag","embeddable":true,"href":"https:\/\/cozy2wear.com\/ba\/wp-json\/wp\/v2\/product_tag?post=39962"}],"curies":[{"name":"wp","href":"https:\/\/api.w.org\/{rel}","templated":true}]}}