{"id":39987,"date":"2026-04-21T08:18:22","date_gmt":"2026-04-21T06:18:22","guid":{"rendered":"https:\/\/cozy2wear.com\/?post_type=product&#038;p=39987"},"modified":"2026-04-24T13:46:36","modified_gmt":"2026-04-24T11:46:36","slug":"majica-essential-lyocell-ivory","status":"publish","type":"product","link":"https:\/\/cozy2wear.com\/ba\/majice\/majica-essential-lyocell-ivory\/","title":{"rendered":"MAJICA ESSENTIAL LYOCELL IVORY"},"content":{"rendered":"<p>Majica Essential je ona stvar koju \u0107ete uvek iznova birati \u2014 \u0161iroka, lepr\u0161ava i udobna, a opet dovoljno posebna da nosi poruku stila. Napred blago kra\u0107a, pozadi produ\u017eena, savr\u0161eno se uklapa u opu\u0161tene letnje kombinacije.<\/p>\n<p>Liocel (Tencel\u00ae) je napredno vlakno proizvedeno od biorazgradivog materijala, ta\u010dnije od celuloze eukaliptusa, i zbog svojih prirodnih svojstava kao i metoda obrade, pogodan je materijal za okolinu. Vrlo je ugodan u kontaktu s ko\u017eom, tkanina je vrlo prozra\u010dna i odli\u010dno upija znoj i vlagu. Tako\u0111er je odli\u010dan materijal za sve s osjetljivom ko\u017eom. Modal je celulozno vlakno, sli\u010dno viskozi, samo ne\u0161to mek\u0161e.<\/p>\n<p>Proizvedeno u Srbiji.<\/p>","protected":false},"excerpt":{"rendered":"<p>Majica Essential je ona stvar koju \u0107ete uvek iznova birati \u2014 \u0161iroka, lepr\u0161ava i udobna, a opet dovoljno posebna da nosi poruku stila. Napred blago kra\u0107a, pozadi produ\u017eena, savr\u0161eno se uklapa u opu\u0161tene letnje kombinacije.<\/p>","protected":false},"featured_media":55363,"comment_status":"open","ping_status":"closed","template":"","meta":{"_acf_changed":false},"product_brand":[],"product_cat":[75,83,76],"product_tag":[],"class_list":{"0":"post-39987","1":"product","2":"type-product","3":"status-publish","4":"has-post-thumbnail","6":"product_cat-majice","7":"product_cat-kratak-rukav","8":"product_cat-novo","9":"pa_kolekcije-studio","10":"pa_odaberi-velicinu-one-size","12":"first","13":"instock","14":"taxable","15":"shipping-taxable","16":"purchasable","17":"product-type-variable"},"acf":[],"_links":{"self":[{"href":"https:\/\/cozy2wear.com\/ba\/wp-json\/wp\/v2\/product\/39987","targetHints":{"allow":["GET"]}}],"collection":[{"href":"https:\/\/cozy2wear.com\/ba\/wp-json\/wp\/v2\/product"}],"about":[{"href":"https:\/\/cozy2wear.com\/ba\/wp-json\/wp\/v2\/types\/product"}],"replies":[{"embeddable":true,"href":"https:\/\/cozy2wear.com\/ba\/wp-json\/wp\/v2\/comments?post=39987"}],"version-history":[{"count":4,"href":"https:\/\/cozy2wear.com\/ba\/wp-json\/wp\/v2\/product\/39987\/revisions"}],"predecessor-version":[{"id":55774,"href":"https:\/\/cozy2wear.com\/ba\/wp-json\/wp\/v2\/product\/39987\/revisions\/55774"}],"wp:featuredmedia":[{"embeddable":true,"href":"https:\/\/cozy2wear.com\/ba\/wp-json\/wp\/v2\/media\/55363"}],"wp:attachment":[{"href":"https:\/\/cozy2wear.com\/ba\/wp-json\/wp\/v2\/media?parent=39987"}],"wp:term":[{"taxonomy":"product_brand","embeddable":true,"href":"https:\/\/cozy2wear.com\/ba\/wp-json\/wp\/v2\/product_brand?post=39987"},{"taxonomy":"product_cat","embeddable":true,"href":"https:\/\/cozy2wear.com\/ba\/wp-json\/wp\/v2\/product_cat?post=39987"},{"taxonomy":"product_tag","embeddable":true,"href":"https:\/\/cozy2wear.com\/ba\/wp-json\/wp\/v2\/product_tag?post=39987"}],"curies":[{"name":"wp","href":"https:\/\/api.w.org\/{rel}","templated":true}]}}