{"id":40142,"date":"2025-05-28T08:00:32","date_gmt":"2025-05-28T06:00:32","guid":{"rendered":"https:\/\/cozy2wear.com\/?post_type=product&#038;p=40142"},"modified":"2026-04-19T20:07:47","modified_gmt":"2026-04-19T18:07:47","slug":"majica-aura-latte","status":"publish","type":"product","link":"https:\/\/cozy2wear.com\/ba\/majice\/bez-rukava\/majica-aura-latte\/","title":{"rendered":"MAJICA AURA LATTE"},"content":{"rendered":"<p>Majica Aura na jedno rame, \u0161iroka je, lepr\u0161ava i izra\u0111ena od lagane viskoze. Asimetri\u010dnog je kroja, idealna za tople dane. Stvorena za \u017eene koje vole jednostavnost s karakterom, koje se najbolje ose\u0107aju kad im je udobno \u2014 i kad to udobno izgleda sjajno.<\/p>\n<p>Materijal koji smo odabrali je viskoza 100%. Proizvedeno s ljubavlju u humanim radnim uslovima, s velikom pa\u017enjom posve\u0107enom detaljima, kroju i kvaliteti proizvoda.<\/p>\n<p>Djevojka na fotografiji je visoka 170 cm i nosi veli\u010dinu 36\/38 - za pomo\u0107 pri odabiru veli\u010dina, pogledajte dimenzije proizvoda.<\/p>\n<p>Proizvedeno u Srbiji.<\/p>","protected":false},"excerpt":{"rendered":"<p>Majica Aura na jedno rame, \u0161iroka je, lepr\u0161ava i izra\u0111ena od lagane viskoze. Asimetri\u010dnog je kroja, idealna za tople dane. Stvorena za \u017eene koje vole jednostavnost s karakterom, koje se najbolje ose\u0107aju kad im je udobno \u2014 i kad to udobno izgleda sjajno.<\/p>","protected":false},"featured_media":40750,"comment_status":"open","ping_status":"closed","template":"","meta":{"_acf_changed":false},"product_brand":[],"product_cat":[85,83,75,279],"product_tag":[],"class_list":{"0":"post-40142","1":"product","2":"type-product","3":"status-publish","4":"has-post-thumbnail","6":"product_cat-bez-rukava","7":"product_cat-kratak-rukav","8":"product_cat-majice","9":"product_cat-outlet","10":"pa_kolekcije-leto","11":"pa_odaberi-velicinu-125","12":"pa_odaberi-velicinu-126","13":"pa_odaberi-velicinu-131","15":"first","16":"instock","17":"sale","18":"taxable","19":"shipping-taxable","20":"purchasable","21":"product-type-variable"},"acf":[],"_links":{"self":[{"href":"https:\/\/cozy2wear.com\/ba\/wp-json\/wp\/v2\/product\/40142","targetHints":{"allow":["GET"]}}],"collection":[{"href":"https:\/\/cozy2wear.com\/ba\/wp-json\/wp\/v2\/product"}],"about":[{"href":"https:\/\/cozy2wear.com\/ba\/wp-json\/wp\/v2\/types\/product"}],"replies":[{"embeddable":true,"href":"https:\/\/cozy2wear.com\/ba\/wp-json\/wp\/v2\/comments?post=40142"}],"version-history":[{"count":0,"href":"https:\/\/cozy2wear.com\/ba\/wp-json\/wp\/v2\/product\/40142\/revisions"}],"wp:featuredmedia":[{"embeddable":true,"href":"https:\/\/cozy2wear.com\/ba\/wp-json\/wp\/v2\/media\/40750"}],"wp:attachment":[{"href":"https:\/\/cozy2wear.com\/ba\/wp-json\/wp\/v2\/media?parent=40142"}],"wp:term":[{"taxonomy":"product_brand","embeddable":true,"href":"https:\/\/cozy2wear.com\/ba\/wp-json\/wp\/v2\/product_brand?post=40142"},{"taxonomy":"product_cat","embeddable":true,"href":"https:\/\/cozy2wear.com\/ba\/wp-json\/wp\/v2\/product_cat?post=40142"},{"taxonomy":"product_tag","embeddable":true,"href":"https:\/\/cozy2wear.com\/ba\/wp-json\/wp\/v2\/product_tag?post=40142"}],"curies":[{"name":"wp","href":"https:\/\/api.w.org\/{rel}","templated":true}]}}