{"id":40182,"date":"2025-05-12T08:04:39","date_gmt":"2025-05-12T06:04:39","guid":{"rendered":"https:\/\/cozy2wear.com\/?post_type=product&#038;p=40182"},"modified":"2026-04-08T10:46:52","modified_gmt":"2026-04-08T08:46:52","slug":"majica-classy-off-white","status":"publish","type":"product","link":"https:\/\/cozy2wear.com\/ba\/majice\/bez-rukava\/majica-classy-off-white\/","title":{"rendered":"MAJICA CLASSY IVORY"},"content":{"rendered":"<p>Majica koja di\u0161e s vama - mekana, nje\u017ena viskoza i naramenice koje pru\u017eaju potpunu udobnost i lako\u0107u kretanja. Okrugli izrez daje joj klasi\u010dan osje\u0107aj, a jednostavan kroj \u010dini je laskavim komadom za svaku priliku. Mo\u017eete je nositi uz svoje omiljene kratke hla\u010de, \u0161iroke hla\u010de ili slojevito - ispod jakne ili kardigana. Tako jednostavna, a tako nosiva. Na\u0161 tihi favorit za svaki dan - i one posebne trenutke izme\u0111u.<\/p>\n<p>Materijal koji smo odabrali je viskoza 100%. Proizvedeno s ljubavlju u humanim radnim uslovima, s velikom pa\u017enjom posve\u0107enom detaljima, kroju i kvaliteti proizvoda.<\/p>\n<p>Djevojka na fotografiji je visoka 170 cm i nosi veli\u010dinu 36\/38 - za pomo\u0107 pri odabiru veli\u010dina, pogledajte dimenzije proizvoda.<\/p>\n<p>Proizvedeno u Srbiji.<\/p>","protected":false},"excerpt":{"rendered":"<p>Majica koja di\u0161e s vama - mekana, nje\u017ena viskoza i naramenice koje pru\u017eaju potpunu udobnost i lako\u0107u kretanja.<\/p>","protected":false},"featured_media":40188,"comment_status":"open","ping_status":"closed","template":"","meta":{"_acf_changed":false},"product_brand":[],"product_cat":[85,75,279],"product_tag":[],"class_list":{"0":"post-40182","1":"product","2":"type-product","3":"status-publish","4":"has-post-thumbnail","6":"product_cat-bez-rukava","7":"product_cat-majice","8":"product_cat-outlet","9":"pa_kolekcije-leto","10":"pa_odaberi-velicinu-125","11":"pa_odaberi-velicinu-126","12":"pa_odaberi-velicinu-131","14":"first","15":"instock","16":"sale","17":"taxable","18":"shipping-taxable","19":"purchasable","20":"product-type-variable"},"acf":[],"_links":{"self":[{"href":"https:\/\/cozy2wear.com\/ba\/wp-json\/wp\/v2\/product\/40182","targetHints":{"allow":["GET"]}}],"collection":[{"href":"https:\/\/cozy2wear.com\/ba\/wp-json\/wp\/v2\/product"}],"about":[{"href":"https:\/\/cozy2wear.com\/ba\/wp-json\/wp\/v2\/types\/product"}],"replies":[{"embeddable":true,"href":"https:\/\/cozy2wear.com\/ba\/wp-json\/wp\/v2\/comments?post=40182"}],"version-history":[{"count":0,"href":"https:\/\/cozy2wear.com\/ba\/wp-json\/wp\/v2\/product\/40182\/revisions"}],"wp:featuredmedia":[{"embeddable":true,"href":"https:\/\/cozy2wear.com\/ba\/wp-json\/wp\/v2\/media\/40188"}],"wp:attachment":[{"href":"https:\/\/cozy2wear.com\/ba\/wp-json\/wp\/v2\/media?parent=40182"}],"wp:term":[{"taxonomy":"product_brand","embeddable":true,"href":"https:\/\/cozy2wear.com\/ba\/wp-json\/wp\/v2\/product_brand?post=40182"},{"taxonomy":"product_cat","embeddable":true,"href":"https:\/\/cozy2wear.com\/ba\/wp-json\/wp\/v2\/product_cat?post=40182"},{"taxonomy":"product_tag","embeddable":true,"href":"https:\/\/cozy2wear.com\/ba\/wp-json\/wp\/v2\/product_tag?post=40182"}],"curies":[{"name":"wp","href":"https:\/\/api.w.org\/{rel}","templated":true}]}}