{"id":40238,"date":"2026-04-29T07:00:04","date_gmt":"2026-04-29T05:00:04","guid":{"rendered":"https:\/\/cozy2wear.com\/?post_type=product&#038;p=40238"},"modified":"2026-04-29T22:50:52","modified_gmt":"2026-04-29T20:50:52","slug":"majica-laganini-lux-sand","status":"publish","type":"product","link":"https:\/\/cozy2wear.com\/ba\/majice\/majica-laganini-lux-sand\/","title":{"rendered":"MAJICA LAGANINI LUX SAND"},"content":{"rendered":"<p><span style=\"font-weight: 400;\">Majica Laganini Lux, lagana letnja majica sa \u0161irokim bretelama, idealna za kombinaciju sa pantalonama i \u0161orcem Laganini. Nazad je malo du\u017ea. Ovaj top je stvarno top, stvoren je i za dan i za no\u0107, mo\u017ee da se nosi \u010dak i zimi u izlasku uz neki dobar oversize blejzer. Na\u0161 vilin konjic je za\u0161iven na le\u0111ima, kao podsetnik na nas.<\/span><\/p>\n<p>Materijal koji smo odabrali je viskoza 100%. Proizvedeno s ljubavlju u humanim radnim uslovima, s velikom pa\u017enjom posve\u0107enom detaljima, kroju i kvaliteti proizvoda.<\/p>\n<p>Proizvedeno u Srbiji.<\/p>","protected":false},"excerpt":{"rendered":"<p><span style=\"font-weight: 400;\">Majica Laganini Lux, lagana letnja majica sa \u0161irokim bretelama.<\/span><\/p>","protected":false},"featured_media":40735,"comment_status":"open","ping_status":"closed","template":"","meta":{"_acf_changed":false},"product_brand":[],"product_cat":[75,85,76],"product_tag":[],"class_list":{"0":"post-40238","1":"product","2":"type-product","3":"status-publish","4":"has-post-thumbnail","6":"product_cat-majice","7":"product_cat-bez-rukava","8":"product_cat-novo","9":"pa_kolekcije-laganini","10":"pa_odaberi-velicinu-125","11":"pa_odaberi-velicinu-126","12":"pa_odaberi-velicinu-131","14":"first","15":"instock","16":"taxable","17":"shipping-taxable","18":"purchasable","19":"product-type-variable"},"acf":[],"_links":{"self":[{"href":"https:\/\/cozy2wear.com\/ba\/wp-json\/wp\/v2\/product\/40238","targetHints":{"allow":["GET"]}}],"collection":[{"href":"https:\/\/cozy2wear.com\/ba\/wp-json\/wp\/v2\/product"}],"about":[{"href":"https:\/\/cozy2wear.com\/ba\/wp-json\/wp\/v2\/types\/product"}],"replies":[{"embeddable":true,"href":"https:\/\/cozy2wear.com\/ba\/wp-json\/wp\/v2\/comments?post=40238"}],"version-history":[{"count":2,"href":"https:\/\/cozy2wear.com\/ba\/wp-json\/wp\/v2\/product\/40238\/revisions"}],"predecessor-version":[{"id":55996,"href":"https:\/\/cozy2wear.com\/ba\/wp-json\/wp\/v2\/product\/40238\/revisions\/55996"}],"wp:featuredmedia":[{"embeddable":true,"href":"https:\/\/cozy2wear.com\/ba\/wp-json\/wp\/v2\/media\/40735"}],"wp:attachment":[{"href":"https:\/\/cozy2wear.com\/ba\/wp-json\/wp\/v2\/media?parent=40238"}],"wp:term":[{"taxonomy":"product_brand","embeddable":true,"href":"https:\/\/cozy2wear.com\/ba\/wp-json\/wp\/v2\/product_brand?post=40238"},{"taxonomy":"product_cat","embeddable":true,"href":"https:\/\/cozy2wear.com\/ba\/wp-json\/wp\/v2\/product_cat?post=40238"},{"taxonomy":"product_tag","embeddable":true,"href":"https:\/\/cozy2wear.com\/ba\/wp-json\/wp\/v2\/product_tag?post=40238"}],"curies":[{"name":"wp","href":"https:\/\/api.w.org\/{rel}","templated":true}]}}