{"id":41364,"date":"2025-06-03T08:00:11","date_gmt":"2025-06-03T06:00:11","guid":{"rendered":"https:\/\/cozy2wear.com\/?post_type=product&#038;p=41364"},"modified":"2026-04-22T08:19:46","modified_gmt":"2026-04-22T06:19:46","slug":"haljina-basic-stripe","status":"publish","type":"product","link":"https:\/\/cozy2wear.com\/ba\/haljine\/haljina-basic-stripe\/","title":{"rendered":"HALJINA BASIC STRIPE"},"content":{"rendered":"<p><span style=\"font-weight: 400;\">Pamu\u010dna Basic Stripe haljina za apsolutno svaki dan. Ima d\u017eepove za hitna odlaganja, taman je kratka da mogu nogice da se sun\u010daju, ali ne prekratka, ako je iskombinuje\u0161 ovako sa sakoom dobije\u0161 jedan daily poslovni look.<\/span><\/p>\n<p>Materijal koji smo odabrali je 100% pamu\u010dni single missoni. Proizveden s ljubavlju u humanim radnim uslovima, s velikom pa\u017enjom posve\u0107enom detaljima, kroju i kvaliteti proizvoda.<\/p>\n<p>Djevojka na fotografiji je visoka 170 cm i nosi veli\u010dinu 36\/38.<\/p>\n<p>Proizvedeno u Srbiji.<\/p>","protected":false},"excerpt":{"rendered":"<p><span style=\"font-weight: 400;\">Pamu\u010dna Basic Stripe haljina za apsolutno svaki dan. Ima d\u017eepove za hitna odlaganja, taman je kratka da mogu nogice da se sun\u010daju, ali ne prekratka, ako je iskombinuje\u0161 ovako sa sakoom dobije\u0161 jedan daily poslovni look.<\/span><\/p>","protected":false},"featured_media":41370,"comment_status":"open","ping_status":"closed","template":"","meta":{"_acf_changed":false},"product_brand":[],"product_cat":[82,279],"product_tag":[],"class_list":{"0":"post-41364","1":"product","2":"type-product","3":"status-publish","4":"has-post-thumbnail","6":"product_cat-haljine","7":"product_cat-outlet","8":"pa_kolekcije-basic","9":"pa_kolekcije-leto","10":"pa_odaberi-velicinu-125","11":"pa_odaberi-velicinu-126","12":"pa_odaberi-velicinu-131","14":"first","15":"instock","16":"sale","17":"taxable","18":"shipping-taxable","19":"purchasable","20":"product-type-variable"},"acf":[],"_links":{"self":[{"href":"https:\/\/cozy2wear.com\/ba\/wp-json\/wp\/v2\/product\/41364","targetHints":{"allow":["GET"]}}],"collection":[{"href":"https:\/\/cozy2wear.com\/ba\/wp-json\/wp\/v2\/product"}],"about":[{"href":"https:\/\/cozy2wear.com\/ba\/wp-json\/wp\/v2\/types\/product"}],"replies":[{"embeddable":true,"href":"https:\/\/cozy2wear.com\/ba\/wp-json\/wp\/v2\/comments?post=41364"}],"version-history":[{"count":0,"href":"https:\/\/cozy2wear.com\/ba\/wp-json\/wp\/v2\/product\/41364\/revisions"}],"wp:featuredmedia":[{"embeddable":true,"href":"https:\/\/cozy2wear.com\/ba\/wp-json\/wp\/v2\/media\/41370"}],"wp:attachment":[{"href":"https:\/\/cozy2wear.com\/ba\/wp-json\/wp\/v2\/media?parent=41364"}],"wp:term":[{"taxonomy":"product_brand","embeddable":true,"href":"https:\/\/cozy2wear.com\/ba\/wp-json\/wp\/v2\/product_brand?post=41364"},{"taxonomy":"product_cat","embeddable":true,"href":"https:\/\/cozy2wear.com\/ba\/wp-json\/wp\/v2\/product_cat?post=41364"},{"taxonomy":"product_tag","embeddable":true,"href":"https:\/\/cozy2wear.com\/ba\/wp-json\/wp\/v2\/product_tag?post=41364"}],"curies":[{"name":"wp","href":"https:\/\/api.w.org\/{rel}","templated":true}]}}