{"id":42029,"date":"2025-06-20T08:00:34","date_gmt":"2025-06-20T06:00:34","guid":{"rendered":"https:\/\/cozy2wear.com\/?post_type=product&#038;p=42029"},"modified":"2025-11-10T11:24:35","modified_gmt":"2025-11-10T10:24:35","slug":"haljina-s-bijelom-ljiljanom","status":"publish","type":"product","link":"https:\/\/cozy2wear.com\/ba\/haljine\/haljina-ljiljana-off-white\/","title":{"rendered":"HALJINA LJILJANA OFF WHITE"},"content":{"rendered":"<p data-start=\"110\" data-end=\"449\">Na\u0161a kultna haljina Ljiljana je model koji odi\u0161e elegancijom i klasi\u010dnom elegancijom. Ko\u0161ulja-haljina na kop\u010danje s kratkim rukavima i V-izrezom, koja se lako uklapa u svaki dan i svaku priliku. Poseban \u0161arm daju tufne koje nikad ne izlaze iz mode, dok kai\u0161 u struku mo\u017eete podesiti i promijeniti stil - od le\u017eernog do definiranog.<\/p>\n<p data-start=\"451\" data-end=\"655\">Haljina ima prakti\u010dne d\u017eepove i bo\u010dne proreze, \u0161to je \u010dini udobnom i funkcionalnom za svakodnevno no\u0161enje. Savr\u0161ena je za \u0161etnje gradom, ljetna popodneva u prirodi ili romanti\u010dne zalaske sunca.<\/p>\n<p>Materijal koji smo odabrali je viskoza 100%. Proizvedeno s ljubavlju u humanim radnim uslovima, s velikom pa\u017enjom posve\u0107enom detaljima, kroju i kvaliteti proizvoda.<\/p>\n<p>Djevojka na fotografiji je visoka 172 cm i nosi veli\u010dinu 36\/38 - za pomo\u0107 pri odabiru veli\u010dina, pogledajte dimenzije proizvoda.<\/p>\n<p>Proizvedeno u Srbiji.<\/p>","protected":false},"excerpt":{"rendered":"<p>Haljina Ljiljana je na\u0161a kultna ko\u0161ulja-haljina s \u010dupavim detaljima koja spaja le\u017eernost i eleganciju. S V-izrezom, kratkim rukavima, pojasom u struku i bo\u010dnim d\u017eepovima, nudi udobnost i stil u isto vrijeme. Napravljena od viskoze 100%, idealna je za ljetne dane, \u0161etnje gradom ili opu\u0161tene ve\u010dernje trenutke.<\/p>\n<p>&nbsp;<\/p>","protected":false},"featured_media":42033,"comment_status":"open","ping_status":"closed","template":"","meta":{"_acf_changed":false},"product_brand":[],"product_cat":[82],"product_tag":[],"class_list":{"0":"post-42029","1":"product","2":"type-product","3":"status-publish","4":"has-post-thumbnail","6":"product_cat-haljine","7":"pa_kolekcije-leto","8":"pa_odaberi-velicinu-125","9":"pa_odaberi-velicinu-126","10":"pa_odaberi-velicinu-131","12":"first","13":"outofstock","14":"taxable","15":"shipping-taxable","16":"purchasable","17":"product-type-variable"},"acf":[],"_links":{"self":[{"href":"https:\/\/cozy2wear.com\/ba\/wp-json\/wp\/v2\/product\/42029","targetHints":{"allow":["GET"]}}],"collection":[{"href":"https:\/\/cozy2wear.com\/ba\/wp-json\/wp\/v2\/product"}],"about":[{"href":"https:\/\/cozy2wear.com\/ba\/wp-json\/wp\/v2\/types\/product"}],"replies":[{"embeddable":true,"href":"https:\/\/cozy2wear.com\/ba\/wp-json\/wp\/v2\/comments?post=42029"}],"version-history":[{"count":0,"href":"https:\/\/cozy2wear.com\/ba\/wp-json\/wp\/v2\/product\/42029\/revisions"}],"wp:featuredmedia":[{"embeddable":true,"href":"https:\/\/cozy2wear.com\/ba\/wp-json\/wp\/v2\/media\/42033"}],"wp:attachment":[{"href":"https:\/\/cozy2wear.com\/ba\/wp-json\/wp\/v2\/media?parent=42029"}],"wp:term":[{"taxonomy":"product_brand","embeddable":true,"href":"https:\/\/cozy2wear.com\/ba\/wp-json\/wp\/v2\/product_brand?post=42029"},{"taxonomy":"product_cat","embeddable":true,"href":"https:\/\/cozy2wear.com\/ba\/wp-json\/wp\/v2\/product_cat?post=42029"},{"taxonomy":"product_tag","embeddable":true,"href":"https:\/\/cozy2wear.com\/ba\/wp-json\/wp\/v2\/product_tag?post=42029"}],"curies":[{"name":"wp","href":"https:\/\/api.w.org\/{rel}","templated":true}]}}