{"id":42042,"date":"2025-06-18T08:00:40","date_gmt":"2025-06-18T06:00:40","guid":{"rendered":"https:\/\/cozy2wear.com\/?post_type=product&#038;p=42042"},"modified":"2026-04-20T18:50:43","modified_gmt":"2026-04-20T16:50:43","slug":"haljina-annie","status":"publish","type":"product","link":"https:\/\/cozy2wear.com\/ba\/haljine\/haljina-annie\/","title":{"rendered":"HALJINA ANNIE"},"content":{"rendered":"<p><span style=\"font-weight: 400;\">Kad ti treba haljina koja ne tra\u017ei previ\u0161e razmi\u0161ljanja, ali izgleda kao da si se potrudila \u2013 tu je haljina Annie.<br data-start=\"357\" data-end=\"360\" \/>Klasi\u010dan prugasti dezen u kombinaciji sa V-izrezom i d\u017eepovima sa strane daje joj le\u017eeran, ali \u0161ik izgled. Bretelice mogu lako pode\u0161avati, ili za novope\u010dene mame skidati pa je savr\u0161ena i za dojenje.<\/span><\/p>\n<p>Materijal koji smo odabrali je 100% pamu\u010dni single missoni. Proizveden s ljubavlju u humanim radnim uslovima, s velikom pa\u017enjom posve\u0107enom detaljima, kroju i kvaliteti proizvoda.<\/p>\n<p>Djevojka na fotografiji je visoka 170 cm i nosi veli\u010dinu 36\/38.<\/p>\n<p>Proizvedeno u Srbiji.<\/p>","protected":false},"excerpt":{"rendered":"<p>Haljina Annie je savr\u0161ena kombinacija udobnosti i stila \u2013 prugasti dezen, V-izrez i prakti\u010dni d\u017eepovi \u010dine je idealnom za svaki dan. Podesive bretele pru\u017eaju fleksibilnost, a zahvaljuju\u0107i odvezivanju pogodna je i za mame koje doje. Izra\u0111ena od 100% pamuka, pru\u017ea ose\u0107aj lako\u0107e i prozra\u010dnosti.<\/p>","protected":false},"featured_media":42047,"comment_status":"open","ping_status":"closed","template":"","meta":{"_acf_changed":false},"product_brand":[],"product_cat":[82,279],"product_tag":[],"class_list":{"0":"post-42042","1":"product","2":"type-product","3":"status-publish","4":"has-post-thumbnail","6":"product_cat-haljine","7":"product_cat-outlet","8":"pa_kolekcije-basic","9":"pa_kolekcije-leto","10":"pa_odaberi-velicinu-125","11":"pa_odaberi-velicinu-126","13":"first","14":"instock","15":"sale","16":"taxable","17":"shipping-taxable","18":"purchasable","19":"product-type-variable"},"acf":[],"_links":{"self":[{"href":"https:\/\/cozy2wear.com\/ba\/wp-json\/wp\/v2\/product\/42042","targetHints":{"allow":["GET"]}}],"collection":[{"href":"https:\/\/cozy2wear.com\/ba\/wp-json\/wp\/v2\/product"}],"about":[{"href":"https:\/\/cozy2wear.com\/ba\/wp-json\/wp\/v2\/types\/product"}],"replies":[{"embeddable":true,"href":"https:\/\/cozy2wear.com\/ba\/wp-json\/wp\/v2\/comments?post=42042"}],"version-history":[{"count":0,"href":"https:\/\/cozy2wear.com\/ba\/wp-json\/wp\/v2\/product\/42042\/revisions"}],"wp:featuredmedia":[{"embeddable":true,"href":"https:\/\/cozy2wear.com\/ba\/wp-json\/wp\/v2\/media\/42047"}],"wp:attachment":[{"href":"https:\/\/cozy2wear.com\/ba\/wp-json\/wp\/v2\/media?parent=42042"}],"wp:term":[{"taxonomy":"product_brand","embeddable":true,"href":"https:\/\/cozy2wear.com\/ba\/wp-json\/wp\/v2\/product_brand?post=42042"},{"taxonomy":"product_cat","embeddable":true,"href":"https:\/\/cozy2wear.com\/ba\/wp-json\/wp\/v2\/product_cat?post=42042"},{"taxonomy":"product_tag","embeddable":true,"href":"https:\/\/cozy2wear.com\/ba\/wp-json\/wp\/v2\/product_tag?post=42042"}],"curies":[{"name":"wp","href":"https:\/\/api.w.org\/{rel}","templated":true}]}}