{"id":42075,"date":"2025-06-20T08:00:22","date_gmt":"2025-06-20T06:00:22","guid":{"rendered":"https:\/\/cozy2wear.com\/?post_type=product&#038;p=42075"},"modified":"2026-04-20T12:10:56","modified_gmt":"2026-04-20T10:10:56","slug":"haljina-bubble-off-white","status":"publish","type":"product","link":"https:\/\/cozy2wear.com\/ba\/haljine\/haljina-bubble-off-white\/","title":{"rendered":"HALJINA BUBBLE OFF WHITE"},"content":{"rendered":"<p data-start=\"82\" data-end=\"613\">Na\u0161a romanti\u010dna bubble haljina donosi bezvremenski \u0161arm i lako\u0107u. Kroja sa puf rukavima i kvadratnim izrezom, ona isti\u010de \u017eenstvenost i daje da\u0161ak retro inspiracije. Gornji deo je oblikovan tako da lepo prati liniju tela, dok se donji deo lagano \u0161iri u A kroj, stvaraju\u0107i ose\u0107aj lepr\u0161avosti i slobode pokreta. Haljina ima skriveni rajsfer\u0161lus na le\u0111ima i prakti\u010dne d\u017eepove u bo\u010dnim \u0161avovima. Idealna je za letnje dane, \u0161etnje uz more ili gradske ve\u010deri, a jednako dobro se kombinuje sa sandalama, patikama ili elegantnim cipelama.<\/p>\n<p>Materijal koji smo odabrali je pamuk 100%. Proizveden s ljubavlju u humanim radnim uvjetima, s velikom pa\u017enjom posve\u0107enom detaljima, kroju i kvaliteti proizvoda.<\/p>\n<p>Djevojka na fotografiji je visoka 172 cm i nosi veli\u010dinu 36\/38 - za pomo\u0107 pri odabiru veli\u010dina, pogledajte dimenzije proizvoda.<\/p>\n<p>Proizvedeno u Srbiji.<\/p>","protected":false},"excerpt":{"rendered":"<p>Romanti\u010dna, kratka, bela haljina Bubble, sa kvadratnim izrezom i puf rukavima donosi dozu \u017eenstvenosti i retro \u0161arma. Izra\u0111ena od 100% pamuka, lagana je i prozra\u010dna, idealna za letnje dane, gradske \u0161etnje ili opu\u0161tene ve\u010deri. Sa skrivenim rajsfer\u0161lusom i prakti\u010dnim d\u017eepovima, kombinuje udobnost i eleganciju u jednom.<\/p>","protected":false},"featured_media":42084,"comment_status":"open","ping_status":"closed","template":"","meta":{"_acf_changed":false},"product_brand":[],"product_cat":[82],"product_tag":[],"class_list":{"0":"post-42075","1":"product","2":"type-product","3":"status-publish","4":"has-post-thumbnail","6":"product_cat-haljine","7":"pa_kolekcije-leto","8":"pa_odaberi-velicinu-125","9":"pa_odaberi-velicinu-126","11":"first","12":"instock","13":"taxable","14":"shipping-taxable","15":"purchasable","16":"product-type-variable"},"acf":[],"_links":{"self":[{"href":"https:\/\/cozy2wear.com\/ba\/wp-json\/wp\/v2\/product\/42075","targetHints":{"allow":["GET"]}}],"collection":[{"href":"https:\/\/cozy2wear.com\/ba\/wp-json\/wp\/v2\/product"}],"about":[{"href":"https:\/\/cozy2wear.com\/ba\/wp-json\/wp\/v2\/types\/product"}],"replies":[{"embeddable":true,"href":"https:\/\/cozy2wear.com\/ba\/wp-json\/wp\/v2\/comments?post=42075"}],"version-history":[{"count":0,"href":"https:\/\/cozy2wear.com\/ba\/wp-json\/wp\/v2\/product\/42075\/revisions"}],"wp:featuredmedia":[{"embeddable":true,"href":"https:\/\/cozy2wear.com\/ba\/wp-json\/wp\/v2\/media\/42084"}],"wp:attachment":[{"href":"https:\/\/cozy2wear.com\/ba\/wp-json\/wp\/v2\/media?parent=42075"}],"wp:term":[{"taxonomy":"product_brand","embeddable":true,"href":"https:\/\/cozy2wear.com\/ba\/wp-json\/wp\/v2\/product_brand?post=42075"},{"taxonomy":"product_cat","embeddable":true,"href":"https:\/\/cozy2wear.com\/ba\/wp-json\/wp\/v2\/product_cat?post=42075"},{"taxonomy":"product_tag","embeddable":true,"href":"https:\/\/cozy2wear.com\/ba\/wp-json\/wp\/v2\/product_tag?post=42075"}],"curies":[{"name":"wp","href":"https:\/\/api.w.org\/{rel}","templated":true}]}}