{"id":44233,"date":"2025-09-09T08:00:40","date_gmt":"2025-09-09T06:00:40","guid":{"rendered":"https:\/\/cozy2wear.com\/?post_type=product&#038;p=44233"},"modified":"2026-04-24T08:24:36","modified_gmt":"2026-04-24T06:24:36","slug":"siam-oker-majica","status":"publish","type":"product","link":"https:\/\/cozy2wear.com\/ba\/majice\/dug-rukav\/majica-siam-oker\/","title":{"rendered":"MAJICA SIAM OKHER"},"content":{"rendered":"<p data-start=\"534\" data-end=\"844\">Siam majica je napravljena od pletene viskoze koja pru\u017ea udobnost, prozra\u010dnost i meko\u0107u na dodir. Jednostavan, asimetri\u010dan, ali moderan kroj s dugim rukavima i rebrastom teksturom \u010dini je savr\u0161enim komadom za svakodnevno no\u0161enje - bilo da se kombinira s farmerkama, trenirkom ili na\u0161im Derby hla\u010dama ili Eloise suknjom od istog materijala.<\/p>\n<p>Materijal koji smo odabrali je 97% viskoza i 3% elastana, pletena tako da pru\u017ea dodatnu meko\u0107u, fleksibilnost i prirodan pad. Sa ljubavlju proizvedena pri humanim uslovima rada, i sa velikom pa\u017enjom posve\u0107enom detaljima, kroju i kvalitetu proizvoda.<\/p>\n<p>Djevojka na fotografiji je visoka 173 cm i nosi veli\u010dinu 36\/38 - za pomo\u0107 pri odabiru veli\u010dina, pogledajte dimenzije proizvoda.<\/p>\n<p>Proizvedeno u Srbiji.<\/p>","protected":false},"excerpt":{"rendered":"<p data-start=\"352\" data-end=\"486\">Siam asimetri\u010dna prednja pletena viskozna majica kratkih rukava je udobna i mekana, s dugim rukavima i modernim krojem koji se lako kombinira sa svakodnevnim stilom.<\/p>","protected":false},"featured_media":44274,"comment_status":"open","ping_status":"closed","template":"","meta":{"_acf_changed":false},"product_brand":[],"product_cat":[84,75],"product_tag":[269,273,272,274],"class_list":{"0":"post-44233","1":"product","2":"type-product","3":"status-publish","4":"has-post-thumbnail","6":"product_cat-dug-rukav","7":"product_cat-majice","8":"product_tag-100-viskoza","9":"product_tag-fall-25","10":"product_tag-jesen-25","11":"product_tag-pletena-viskoza","12":"pa_kolekcije-tuesday","13":"pa_odaberi-velicinu-125","14":"pa_odaberi-velicinu-126","15":"pa_odaberi-velicinu-131","17":"first","18":"outofstock","19":"taxable","20":"shipping-taxable","21":"purchasable","22":"product-type-variable"},"acf":[],"_links":{"self":[{"href":"https:\/\/cozy2wear.com\/ba\/wp-json\/wp\/v2\/product\/44233","targetHints":{"allow":["GET"]}}],"collection":[{"href":"https:\/\/cozy2wear.com\/ba\/wp-json\/wp\/v2\/product"}],"about":[{"href":"https:\/\/cozy2wear.com\/ba\/wp-json\/wp\/v2\/types\/product"}],"replies":[{"embeddable":true,"href":"https:\/\/cozy2wear.com\/ba\/wp-json\/wp\/v2\/comments?post=44233"}],"version-history":[{"count":0,"href":"https:\/\/cozy2wear.com\/ba\/wp-json\/wp\/v2\/product\/44233\/revisions"}],"wp:featuredmedia":[{"embeddable":true,"href":"https:\/\/cozy2wear.com\/ba\/wp-json\/wp\/v2\/media\/44274"}],"wp:attachment":[{"href":"https:\/\/cozy2wear.com\/ba\/wp-json\/wp\/v2\/media?parent=44233"}],"wp:term":[{"taxonomy":"product_brand","embeddable":true,"href":"https:\/\/cozy2wear.com\/ba\/wp-json\/wp\/v2\/product_brand?post=44233"},{"taxonomy":"product_cat","embeddable":true,"href":"https:\/\/cozy2wear.com\/ba\/wp-json\/wp\/v2\/product_cat?post=44233"},{"taxonomy":"product_tag","embeddable":true,"href":"https:\/\/cozy2wear.com\/ba\/wp-json\/wp\/v2\/product_tag?post=44233"}],"curies":[{"name":"wp","href":"https:\/\/api.w.org\/{rel}","templated":true}]}}