{"id":44276,"date":"2025-09-09T08:00:33","date_gmt":"2025-09-09T06:00:33","guid":{"rendered":"https:\/\/cozy2wear.com\/?post_type=product&#038;p=44276"},"modified":"2026-03-26T12:10:35","modified_gmt":"2026-03-26T11:10:35","slug":"eloise-crna-majica","status":"publish","type":"product","link":"https:\/\/cozy2wear.com\/ba\/majice\/dug-rukav\/majica-eloise-black\/","title":{"rendered":"MAJICA ELOISE BLACK"},"content":{"rendered":"<p>Majica Eloise izra\u0111ena je od pletene viskoze 100% koja pru\u017ea meko\u0107u, udobnost i blagu elasti\u010dnost. Dizajnirana u kroju koji spu\u0161ta ramena, s dugim rukavima, diskretnom rebrastom teksturom i prepoznatljivim ukrasom vilinog konjica na le\u0111ima, ova majica nagla\u0161ava ramena i pru\u017ea elegantan izgled. Savr\u0161en je izbor za ve\u010dernje izlaske, posebne prilike ili kao statement komad u svakodnevnim kombinacijama. Lako se kombinira s Eloise suknjom za kompletan set, te \u010dizmama za urbaniji stil ili s Derby hla\u010dama.<\/p>\n<p>Materijal koji smo odabrali je 97% viskoza i 3% elastana, pletena tako da pru\u017ea dodatnu meko\u0107u, fleksibilnost i prirodan pad.Sa ljubavlju proizvedena pri humanim uslovima rada, i sa velikom pa\u017enjom posve\u0107enom detaljima, kroju i kvalitetu proizvoda.<\/p>\n<p>Djevojka na fotografiji je visoka 173 cm i nosi veli\u010dinu 36\/38 - za pomo\u0107 pri odabiru veli\u010dina, pogledajte dimenzije proizvoda.<\/p>\n<p>Proizvedeno u Srbiji.<\/p>","protected":false},"excerpt":{"rendered":"<p>Majica Eloise spu\u0161tenih ramena izra\u0111ena od pletene viskoze, s dugim rukavima i \u017eenstvenim krojem koji spaja udobnost i sofisticiranost.<\/p>","protected":false},"featured_media":48932,"comment_status":"open","ping_status":"closed","template":"","meta":{"_acf_changed":false},"product_brand":[],"product_cat":[84,75],"product_tag":[269,273,272,274],"class_list":{"0":"post-44276","1":"product","2":"type-product","3":"status-publish","4":"has-post-thumbnail","6":"product_cat-dug-rukav","7":"product_cat-majice","8":"product_tag-100-viskoza","9":"product_tag-fall-25","10":"product_tag-jesen-25","11":"product_tag-pletena-viskoza","12":"pa_kolekcije-tuesday","13":"pa_odaberi-velicinu-125","14":"pa_odaberi-velicinu-126","16":"first","17":"outofstock","18":"taxable","19":"shipping-taxable","20":"purchasable","21":"product-type-variable"},"acf":[],"_links":{"self":[{"href":"https:\/\/cozy2wear.com\/ba\/wp-json\/wp\/v2\/product\/44276","targetHints":{"allow":["GET"]}}],"collection":[{"href":"https:\/\/cozy2wear.com\/ba\/wp-json\/wp\/v2\/product"}],"about":[{"href":"https:\/\/cozy2wear.com\/ba\/wp-json\/wp\/v2\/types\/product"}],"replies":[{"embeddable":true,"href":"https:\/\/cozy2wear.com\/ba\/wp-json\/wp\/v2\/comments?post=44276"}],"version-history":[{"count":0,"href":"https:\/\/cozy2wear.com\/ba\/wp-json\/wp\/v2\/product\/44276\/revisions"}],"wp:featuredmedia":[{"embeddable":true,"href":"https:\/\/cozy2wear.com\/ba\/wp-json\/wp\/v2\/media\/48932"}],"wp:attachment":[{"href":"https:\/\/cozy2wear.com\/ba\/wp-json\/wp\/v2\/media?parent=44276"}],"wp:term":[{"taxonomy":"product_brand","embeddable":true,"href":"https:\/\/cozy2wear.com\/ba\/wp-json\/wp\/v2\/product_brand?post=44276"},{"taxonomy":"product_cat","embeddable":true,"href":"https:\/\/cozy2wear.com\/ba\/wp-json\/wp\/v2\/product_cat?post=44276"},{"taxonomy":"product_tag","embeddable":true,"href":"https:\/\/cozy2wear.com\/ba\/wp-json\/wp\/v2\/product_tag?post=44276"}],"curies":[{"name":"wp","href":"https:\/\/api.w.org\/{rel}","templated":true}]}}