{"id":44280,"date":"2025-09-09T08:01:52","date_gmt":"2025-09-09T06:01:52","guid":{"rendered":"https:\/\/cozy2wear.com\/?post_type=product&#038;p=44280"},"modified":"2026-04-18T15:46:52","modified_gmt":"2026-04-18T13:46:52","slug":"eloise-suknja-oker-boje","status":"publish","type":"product","link":"https:\/\/cozy2wear.com\/ba\/suknje\/suknja-eloise-oker\/","title":{"rendered":"SUKNJA ELOISE OKHER"},"content":{"rendered":"<p data-start=\"509\" data-end=\"729\">Suknja Eloise donosi da\u0161ak modernog minimalizma i \u017eenstvene elegancije. Asimetri\u010dan rub i blago lepr\u0161avi kroj \u010dine je upe\u010datljivom, dok pletena viskoza pru\u017ea maksimalnu udobnost i ugodan osje\u0107aj tokom cijelog dana. Dizajnirana da prati pokrete i oblikuje figuru, ova suknja je podjednako pogodna za svakodnevne prilike, kancelariju ili ve\u010dernji izlazak. Lako se kombinuje sa bluzama, ko\u0161uljama ili jednostavnim majicama, a sa \u010dizmama ili sandalama dobija potpuno druga\u010diji karakter.<\/p>\n<p>Materijal koji smo odabrali je 97% viskoza i 3% elastana, pletena tako da pru\u017ea dodatnu meko\u0107u, fleksibilnost i prirodan pad. Sa ljubavlju proizvedena pri humanim uslovima rada, i sa velikom pa\u017enjom posve\u0107enom detaljima, kroju i kvalitetu proizvoda.<\/p>\n<p>Djevojka na fotografiji je visoka 173 cm i nosi veli\u010dinu 36\/38 - za pomo\u0107 pri odabiru veli\u010dina, pogledajte dimenzije proizvoda.<\/p>\n<p>Proizvedeno u Srbiji.<\/p>","protected":false},"excerpt":{"rendered":"<p>Eloise suknja od pletene viskoze s asimetri\u010dnim rubom i lepr\u0161avim krojem. Savr\u0161ena kombinacija udobnosti i elegancije.<\/p>","protected":false},"featured_media":44284,"comment_status":"open","ping_status":"closed","template":"","meta":{"_acf_changed":false},"product_brand":[],"product_cat":[93,279],"product_tag":[269,273,272,274],"class_list":{"0":"post-44280","1":"product","2":"type-product","3":"status-publish","4":"has-post-thumbnail","6":"product_cat-suknje","7":"product_cat-outlet","8":"product_tag-100-viskoza","9":"product_tag-fall-25","10":"product_tag-jesen-25","11":"product_tag-pletena-viskoza","12":"pa_kolekcije-tuesday","13":"pa_odaberi-velicinu-125","14":"pa_odaberi-velicinu-126","16":"first","17":"instock","18":"sale","19":"taxable","20":"shipping-taxable","21":"purchasable","22":"product-type-variable"},"acf":[],"_links":{"self":[{"href":"https:\/\/cozy2wear.com\/ba\/wp-json\/wp\/v2\/product\/44280","targetHints":{"allow":["GET"]}}],"collection":[{"href":"https:\/\/cozy2wear.com\/ba\/wp-json\/wp\/v2\/product"}],"about":[{"href":"https:\/\/cozy2wear.com\/ba\/wp-json\/wp\/v2\/types\/product"}],"replies":[{"embeddable":true,"href":"https:\/\/cozy2wear.com\/ba\/wp-json\/wp\/v2\/comments?post=44280"}],"version-history":[{"count":0,"href":"https:\/\/cozy2wear.com\/ba\/wp-json\/wp\/v2\/product\/44280\/revisions"}],"wp:featuredmedia":[{"embeddable":true,"href":"https:\/\/cozy2wear.com\/ba\/wp-json\/wp\/v2\/media\/44284"}],"wp:attachment":[{"href":"https:\/\/cozy2wear.com\/ba\/wp-json\/wp\/v2\/media?parent=44280"}],"wp:term":[{"taxonomy":"product_brand","embeddable":true,"href":"https:\/\/cozy2wear.com\/ba\/wp-json\/wp\/v2\/product_brand?post=44280"},{"taxonomy":"product_cat","embeddable":true,"href":"https:\/\/cozy2wear.com\/ba\/wp-json\/wp\/v2\/product_cat?post=44280"},{"taxonomy":"product_tag","embeddable":true,"href":"https:\/\/cozy2wear.com\/ba\/wp-json\/wp\/v2\/product_tag?post=44280"}],"curies":[{"name":"wp","href":"https:\/\/api.w.org\/{rel}","templated":true}]}}