{"id":44292,"date":"2025-09-09T08:02:31","date_gmt":"2025-09-09T06:02:31","guid":{"rendered":"https:\/\/cozy2wear.com\/?post_type=product&#038;p=44292"},"modified":"2026-04-24T14:20:34","modified_gmt":"2026-04-24T12:20:34","slug":"derby-viskozne-hlace-oker-boje","status":"publish","type":"product","link":"https:\/\/cozy2wear.com\/ba\/pantalone\/pantalone-derby-viscose-oker\/","title":{"rendered":"PANTALONE DERBY VISCOSE OKER"},"content":{"rendered":"<p data-start=\"509\" data-end=\"729\">Derby viskozne hla\u010de kombiniraju jednostavnost i eleganciju u savr\u0161enom svakodnevnom komadu. Zahvaljuju\u0107i \u0161irokim nogavicama, prate pokret i pru\u017eaju osje\u0107aj lako\u0107e, dok elasti\u010dni pojas \u010dini no\u0161enje prakti\u010dnim i udobnim.<\/p>\n<p>Materijal koji smo odabrali je 97% viskoza i 3% elastana, pletena tako da pru\u017ea dodatnu meko\u0107u, fleksibilnost i prirodan pad. Sa ljubavlju proizvedena pri humanim uslovima rada, i sa velikom pa\u017enjom posve\u0107enom detaljima, kroju i kvalitetu proizvoda.<\/p>\n<p>Djevojka na fotografiji je visoka 173 cm i nosi veli\u010dinu 36\/38 - za pomo\u0107 pri odabiru veli\u010dina, pogledajte dimenzije proizvoda.<\/p>\n<p>Proizvedeno u Srbiji.<\/p>","protected":false},"excerpt":{"rendered":"<p>Derby hla\u010de su \u0161irokog kroja izra\u0111ene od lagane pletene viskoze. Minimalisti\u010dki dizajn i udobnost u jednom.<\/p>","protected":false},"featured_media":48085,"comment_status":"open","ping_status":"closed","template":"","meta":{"_acf_changed":false},"product_brand":[],"product_cat":[90,279],"product_tag":[269,273,272,274],"class_list":{"0":"post-44292","1":"product","2":"type-product","3":"status-publish","4":"has-post-thumbnail","6":"product_cat-pantalone","7":"product_cat-outlet","8":"product_tag-100-viskoza","9":"product_tag-fall-25","10":"product_tag-jesen-25","11":"product_tag-pletena-viskoza","12":"pa_kolekcije-tuesday","13":"pa_odaberi-velicinu-241","14":"pa_odaberi-velicinu-125","15":"pa_odaberi-velicinu-126","16":"pa_odaberi-velicinu-131","18":"first","19":"outofstock","20":"sale","21":"taxable","22":"shipping-taxable","23":"purchasable","24":"product-type-variable"},"acf":[],"_links":{"self":[{"href":"https:\/\/cozy2wear.com\/ba\/wp-json\/wp\/v2\/product\/44292","targetHints":{"allow":["GET"]}}],"collection":[{"href":"https:\/\/cozy2wear.com\/ba\/wp-json\/wp\/v2\/product"}],"about":[{"href":"https:\/\/cozy2wear.com\/ba\/wp-json\/wp\/v2\/types\/product"}],"replies":[{"embeddable":true,"href":"https:\/\/cozy2wear.com\/ba\/wp-json\/wp\/v2\/comments?post=44292"}],"version-history":[{"count":0,"href":"https:\/\/cozy2wear.com\/ba\/wp-json\/wp\/v2\/product\/44292\/revisions"}],"wp:featuredmedia":[{"embeddable":true,"href":"https:\/\/cozy2wear.com\/ba\/wp-json\/wp\/v2\/media\/48085"}],"wp:attachment":[{"href":"https:\/\/cozy2wear.com\/ba\/wp-json\/wp\/v2\/media?parent=44292"}],"wp:term":[{"taxonomy":"product_brand","embeddable":true,"href":"https:\/\/cozy2wear.com\/ba\/wp-json\/wp\/v2\/product_brand?post=44292"},{"taxonomy":"product_cat","embeddable":true,"href":"https:\/\/cozy2wear.com\/ba\/wp-json\/wp\/v2\/product_cat?post=44292"},{"taxonomy":"product_tag","embeddable":true,"href":"https:\/\/cozy2wear.com\/ba\/wp-json\/wp\/v2\/product_tag?post=44292"}],"curies":[{"name":"wp","href":"https:\/\/api.w.org\/{rel}","templated":true}]}}