{"id":44357,"date":"2025-09-09T08:03:17","date_gmt":"2025-09-09T06:03:17","guid":{"rendered":"https:\/\/cozy2wear.com\/?post_type=product&#038;p=44357"},"modified":"2026-04-06T12:09:36","modified_gmt":"2026-04-06T10:09:36","slug":"oli-kremasta-majica","status":"publish","type":"product","link":"https:\/\/cozy2wear.com\/ba\/majice\/dug-rukav\/majica-olie-cream\/","title":{"rendered":"MAJICA KREM BOJE OLIE"},"content":{"rendered":"<p data-start=\"237\" data-end=\"484\">Olie majica je komad koji osvaja na prvi pogled. Mi\u0161ji rukavi, le\u017eeran kroj i brodski izrez daju joj elegantnu siluetu koja se prilago\u0111ava svakom pokretu. Izra\u0111ena od pletene viskoze kako bi bila istovremeno udobna i sofisticirana. Olie majica je pravi &quot;statement&quot; komad u garderobi. Mo\u017eete je nositi na jednom ramenu za opu\u0161teni ve\u010dernji izgled ili je kombinovati sa farmerkama i patikama za \u0161ik dnevni stil.<\/p>\n<p>Materijal koji smo odabrali je pletena viskoza 100%. Proizvedeno s ljubavlju u humanim radnim uslovima, s velikom pa\u017enjom posve\u0107enom detaljima, kroju i kvaliteti proizvoda.<\/p>\n<p>Djevojka na fotografiji je visoka 173 cm i nosi veli\u010dinu 36\/38 - za pomo\u0107 pri odabiru veli\u010dina, pogledajte dimenzije proizvoda.<\/p>\n<p>Proizvedeno u Srbiji.<\/p>","protected":false},"excerpt":{"rendered":"<p>Olie majica je pravi &quot;statement&quot; komad u garderobi. Mo\u017eete je nositi na jednom ramenu za opu\u0161teni ve\u010dernji izgled ili je kombinovati sa farmerkama i patikama za \u0161ik dnevni stil.<\/p>","protected":false},"featured_media":44363,"comment_status":"open","ping_status":"closed","template":"","meta":{"_acf_changed":false},"product_brand":[],"product_cat":[84,75],"product_tag":[269,273,272,274],"class_list":{"0":"post-44357","1":"product","2":"type-product","3":"status-publish","4":"has-post-thumbnail","6":"product_cat-dug-rukav","7":"product_cat-majice","8":"product_tag-100-viskoza","9":"product_tag-fall-25","10":"product_tag-jesen-25","11":"product_tag-pletena-viskoza","12":"pa_kolekcije-tuesday","13":"pa_odaberi-velicinu-125","14":"pa_odaberi-velicinu-126","15":"pa_odaberi-velicinu-131","17":"first","18":"outofstock","19":"taxable","20":"shipping-taxable","21":"purchasable","22":"product-type-variable"},"acf":[],"_links":{"self":[{"href":"https:\/\/cozy2wear.com\/ba\/wp-json\/wp\/v2\/product\/44357","targetHints":{"allow":["GET"]}}],"collection":[{"href":"https:\/\/cozy2wear.com\/ba\/wp-json\/wp\/v2\/product"}],"about":[{"href":"https:\/\/cozy2wear.com\/ba\/wp-json\/wp\/v2\/types\/product"}],"replies":[{"embeddable":true,"href":"https:\/\/cozy2wear.com\/ba\/wp-json\/wp\/v2\/comments?post=44357"}],"version-history":[{"count":0,"href":"https:\/\/cozy2wear.com\/ba\/wp-json\/wp\/v2\/product\/44357\/revisions"}],"wp:featuredmedia":[{"embeddable":true,"href":"https:\/\/cozy2wear.com\/ba\/wp-json\/wp\/v2\/media\/44363"}],"wp:attachment":[{"href":"https:\/\/cozy2wear.com\/ba\/wp-json\/wp\/v2\/media?parent=44357"}],"wp:term":[{"taxonomy":"product_brand","embeddable":true,"href":"https:\/\/cozy2wear.com\/ba\/wp-json\/wp\/v2\/product_brand?post=44357"},{"taxonomy":"product_cat","embeddable":true,"href":"https:\/\/cozy2wear.com\/ba\/wp-json\/wp\/v2\/product_cat?post=44357"},{"taxonomy":"product_tag","embeddable":true,"href":"https:\/\/cozy2wear.com\/ba\/wp-json\/wp\/v2\/product_tag?post=44357"}],"curies":[{"name":"wp","href":"https:\/\/api.w.org\/{rel}","templated":true}]}}