{"id":44385,"date":"2025-09-09T08:03:11","date_gmt":"2025-09-09T06:03:11","guid":{"rendered":"https:\/\/cozy2wear.com\/?post_type=product&#038;p=44385"},"modified":"2026-04-06T08:55:19","modified_gmt":"2026-04-06T06:55:19","slug":"essence-crna-majica","status":"publish","type":"product","link":"https:\/\/cozy2wear.com\/ba\/majice\/dug-rukav\/majica-essence-black\/","title":{"rendered":"CRNA MAJICA ESSENCE"},"content":{"rendered":"<p data-start=\"129\" data-end=\"474\">Essence majica s asimetri\u010dnim izrezom diskretno otkriva liniju ramena, dok blago drapiranje prati siluetu tijela i daje \u017eenstven, profinjen izgled - suptilan, a opet upe\u010datljiv. Bilo da je kombinirate s farmerkama za dan ili s elegantnim hla\u010dama za ve\u010dernji izlazak, Essence majica je komad koji uvijek ostavlja utisak.<\/p>\n<p>Materijal koji smo odabrali je 96% viskoza i 4% elastana, pletena tako da pru\u017ea dodatnu meko\u0107u, fleksibilnost i prirodan pad. Sa ljubavlju proizvedena pri humanim uslovima rada, i sa velikom pa\u017enjom posve\u0107enom detaljima, kroju i kvalitetu proizvoda.<\/p>\n<p>Djevojka na fotografiji je visoka 173 cm i nosi veli\u010dinu 36\/38 - za pomo\u0107 pri odabiru veli\u010dina, pogledajte dimenzije proizvoda.<\/p>\n<p>Proizvedeno u Srbiji.<\/p>","protected":false},"excerpt":{"rendered":"<p>Essence majica s asimetri\u010dnim izrezom diskretno otkriva liniju ramena, dok lagano drapiranje prati siluetu tijela i daje \u017eenstven, profinjen izgled - suptilan, a opet upe\u010datljiv.<\/p>","protected":false},"featured_media":48926,"comment_status":"open","ping_status":"closed","template":"","meta":{"_acf_changed":false},"product_brand":[],"product_cat":[84,298,75],"product_tag":[269,273,272,274],"class_list":{"0":"post-44385","1":"product","2":"type-product","3":"status-publish","4":"has-post-thumbnail","6":"product_cat-dug-rukav","7":"product_cat-gift-shop","8":"product_cat-majice","9":"product_tag-100-viskoza","10":"product_tag-fall-25","11":"product_tag-jesen-25","12":"product_tag-pletena-viskoza","13":"pa_kolekcije-tuesday","14":"pa_odaberi-velicinu-125","15":"pa_odaberi-velicinu-126","16":"pa_odaberi-velicinu-131","18":"first","19":"outofstock","20":"taxable","21":"shipping-taxable","22":"purchasable","23":"product-type-variable"},"acf":[],"_links":{"self":[{"href":"https:\/\/cozy2wear.com\/ba\/wp-json\/wp\/v2\/product\/44385","targetHints":{"allow":["GET"]}}],"collection":[{"href":"https:\/\/cozy2wear.com\/ba\/wp-json\/wp\/v2\/product"}],"about":[{"href":"https:\/\/cozy2wear.com\/ba\/wp-json\/wp\/v2\/types\/product"}],"replies":[{"embeddable":true,"href":"https:\/\/cozy2wear.com\/ba\/wp-json\/wp\/v2\/comments?post=44385"}],"version-history":[{"count":0,"href":"https:\/\/cozy2wear.com\/ba\/wp-json\/wp\/v2\/product\/44385\/revisions"}],"wp:featuredmedia":[{"embeddable":true,"href":"https:\/\/cozy2wear.com\/ba\/wp-json\/wp\/v2\/media\/48926"}],"wp:attachment":[{"href":"https:\/\/cozy2wear.com\/ba\/wp-json\/wp\/v2\/media?parent=44385"}],"wp:term":[{"taxonomy":"product_brand","embeddable":true,"href":"https:\/\/cozy2wear.com\/ba\/wp-json\/wp\/v2\/product_brand?post=44385"},{"taxonomy":"product_cat","embeddable":true,"href":"https:\/\/cozy2wear.com\/ba\/wp-json\/wp\/v2\/product_cat?post=44385"},{"taxonomy":"product_tag","embeddable":true,"href":"https:\/\/cozy2wear.com\/ba\/wp-json\/wp\/v2\/product_tag?post=44385"}],"curies":[{"name":"wp","href":"https:\/\/api.w.org\/{rel}","templated":true}]}}