{"id":44424,"date":"2025-09-09T08:03:15","date_gmt":"2025-09-09T06:03:15","guid":{"rendered":"https:\/\/cozy2wear.com\/?post_type=product&#038;p=44424"},"modified":"2026-04-06T08:55:19","modified_gmt":"2026-04-06T06:55:19","slug":"majica-od-viskoze-nia","status":"publish","type":"product","link":"https:\/\/cozy2wear.com\/ba\/majice\/dug-rukav\/majica-nia-viscose\/","title":{"rendered":"MAJICA OD VISKOZE NIA"},"content":{"rendered":"<p data-start=\"237\" data-end=\"484\">Viskozna ko\u0161ulja Nia je neobi\u010dnog kroja od pletene viskoze, du\u017ea pozadi i kra\u0107a sprijeda, idealna i za dan i za ve\u010de. Jedna od onih stvari za koje \u0107e vas svi pitati &quot;Gdje si je kupila?&quot;\u201e<\/p>\n<p data-start=\"237\" data-end=\"484\">Materijal koji smo odabrali je 96% viskoza i 4% elastana, pletena tako da pru\u017ea dodatnu meko\u0107u, fleksibilnost i prirodan pad. Mo\u017ee da se nosi u svim godi\u0161njim dobima. Sa ljubavlju proizvedena pri humanim uslovima rada, i sa velikom pa\u017enjom posve\u0107enom detaljima, kroju i kvalitetu proizvoda.<\/p>\n<p>Djevojka na fotografiji je visoka 173 cm i nosi veli\u010dinu 36\/38 - za pomo\u0107 pri odabiru veli\u010dina, pogledajte dimenzije proizvoda.<\/p>\n<p>Proizvedeno u Srbiji.<\/p>","protected":false},"excerpt":{"rendered":"<p>Viskozna majica Nia je majica neobi\u010dnog kroja od pletene viskoze, du\u017ea pozadi i kra\u0107a sprijeda, idealna i za dan i za ve\u010de. Jedna od onih stvari za koje \u0107e vas svi pitati &quot;Gdje si je kupila?&quot;\u201e<\/p>","protected":false},"featured_media":44431,"comment_status":"open","ping_status":"closed","template":"","meta":{"_acf_changed":false},"product_brand":[],"product_cat":[84,75],"product_tag":[269,273,272,274],"class_list":{"0":"post-44424","1":"product","2":"type-product","3":"status-publish","4":"has-post-thumbnail","6":"product_cat-dug-rukav","7":"product_cat-majice","8":"product_tag-100-viskoza","9":"product_tag-fall-25","10":"product_tag-jesen-25","11":"product_tag-pletena-viskoza","12":"pa_kolekcije-tuesday","13":"pa_odaberi-velicinu-125","14":"pa_odaberi-velicinu-126","15":"pa_odaberi-velicinu-131","17":"first","18":"outofstock","19":"taxable","20":"shipping-taxable","21":"purchasable","22":"product-type-variable"},"acf":[],"_links":{"self":[{"href":"https:\/\/cozy2wear.com\/ba\/wp-json\/wp\/v2\/product\/44424","targetHints":{"allow":["GET"]}}],"collection":[{"href":"https:\/\/cozy2wear.com\/ba\/wp-json\/wp\/v2\/product"}],"about":[{"href":"https:\/\/cozy2wear.com\/ba\/wp-json\/wp\/v2\/types\/product"}],"replies":[{"embeddable":true,"href":"https:\/\/cozy2wear.com\/ba\/wp-json\/wp\/v2\/comments?post=44424"}],"version-history":[{"count":0,"href":"https:\/\/cozy2wear.com\/ba\/wp-json\/wp\/v2\/product\/44424\/revisions"}],"wp:featuredmedia":[{"embeddable":true,"href":"https:\/\/cozy2wear.com\/ba\/wp-json\/wp\/v2\/media\/44431"}],"wp:attachment":[{"href":"https:\/\/cozy2wear.com\/ba\/wp-json\/wp\/v2\/media?parent=44424"}],"wp:term":[{"taxonomy":"product_brand","embeddable":true,"href":"https:\/\/cozy2wear.com\/ba\/wp-json\/wp\/v2\/product_brand?post=44424"},{"taxonomy":"product_cat","embeddable":true,"href":"https:\/\/cozy2wear.com\/ba\/wp-json\/wp\/v2\/product_cat?post=44424"},{"taxonomy":"product_tag","embeddable":true,"href":"https:\/\/cozy2wear.com\/ba\/wp-json\/wp\/v2\/product_tag?post=44424"}],"curies":[{"name":"wp","href":"https:\/\/api.w.org\/{rel}","templated":true}]}}