{"id":44435,"date":"2026-02-17T08:02:37","date_gmt":"2026-02-17T07:02:37","guid":{"rendered":"https:\/\/cozy2wear.com\/?post_type=product&#038;p=44435"},"modified":"2026-04-24T10:59:19","modified_gmt":"2026-04-24T08:59:19","slug":"trenerka-april-broj-2-crna","status":"publish","type":"product","link":"https:\/\/cozy2wear.com\/ba\/trenerke\/trenerka-april-no-2-black\/","title":{"rendered":"TRENERKA APRIL BR. 2 CRNA"},"content":{"rendered":"<p>Trenerka April br. 2 je \u0161iroka trenerka ravnog kroja od organskog pamuka sa d\u017eepovima sa strane i elasti\u010dnim pojasom sa pri\u0161ivenom etiketom. Nabor u sredini i prorez sa strane daju joj poseban pe\u010dat. Izuzetno udobna i laka za kombinovanje.<\/p>\n<p>Materijal koji smo odabrali je mekana podstava od organskog pamuka 100%. Mo\u017ee se nositi u svim godi\u0161njim dobima. Proizvedeno s ljubavlju u humanim radnim uvjetima, s velikom pa\u017enjom posve\u0107enom detaljima, kroju i kvaliteti proizvoda.<\/p>\n<p>Djevojka na fotografiji je visoka 173 cm i nosi veli\u010dinu 36\/38 - za pomo\u0107 pri odabiru veli\u010dina, pogledajte dimenzije proizvoda.<\/p>\n<p>Proizvedeno u Srbiji.<\/p>","protected":false},"excerpt":{"rendered":"<p>Trenerka April br. 2 je \u0161iroka trenerka ravnog kroja od organskog pamuka sa d\u017eepovima sa strane i elasti\u010dnim pojasom sa pri\u0161ivenom etiketom. Nabor u sredini i prorez sa strane daju joj poseban pe\u010dat. Izuzetno udobna i laka za kombinovanje.<\/p>","protected":false},"featured_media":51835,"comment_status":"open","ping_status":"closed","template":"","meta":{"_acf_changed":false},"product_brand":[],"product_cat":[88,281,76],"product_tag":[266,273,272],"class_list":{"0":"post-44435","1":"product","2":"type-product","3":"status-publish","4":"has-post-thumbnail","6":"product_cat-trenerke","7":"product_cat-bestsellers","8":"product_cat-novo","9":"product_tag-100-pamuk","10":"product_tag-fall-25","11":"product_tag-jesen-25","12":"pa_kolekcije-basic","13":"pa_odaberi-velicinu-125","14":"pa_odaberi-velicinu-3638tall","15":"pa_odaberi-velicinu-126","16":"pa_odaberi-velicinu-4042tall","17":"pa_odaberi-velicinu-131","18":"pa_odaberi-velicinu-4446tall","20":"first","21":"instock","22":"taxable","23":"shipping-taxable","24":"purchasable","25":"product-type-variable"},"acf":[],"_links":{"self":[{"href":"https:\/\/cozy2wear.com\/ba\/wp-json\/wp\/v2\/product\/44435","targetHints":{"allow":["GET"]}}],"collection":[{"href":"https:\/\/cozy2wear.com\/ba\/wp-json\/wp\/v2\/product"}],"about":[{"href":"https:\/\/cozy2wear.com\/ba\/wp-json\/wp\/v2\/types\/product"}],"replies":[{"embeddable":true,"href":"https:\/\/cozy2wear.com\/ba\/wp-json\/wp\/v2\/comments?post=44435"}],"version-history":[{"count":0,"href":"https:\/\/cozy2wear.com\/ba\/wp-json\/wp\/v2\/product\/44435\/revisions"}],"wp:featuredmedia":[{"embeddable":true,"href":"https:\/\/cozy2wear.com\/ba\/wp-json\/wp\/v2\/media\/51835"}],"wp:attachment":[{"href":"https:\/\/cozy2wear.com\/ba\/wp-json\/wp\/v2\/media?parent=44435"}],"wp:term":[{"taxonomy":"product_brand","embeddable":true,"href":"https:\/\/cozy2wear.com\/ba\/wp-json\/wp\/v2\/product_brand?post=44435"},{"taxonomy":"product_cat","embeddable":true,"href":"https:\/\/cozy2wear.com\/ba\/wp-json\/wp\/v2\/product_cat?post=44435"},{"taxonomy":"product_tag","embeddable":true,"href":"https:\/\/cozy2wear.com\/ba\/wp-json\/wp\/v2\/product_tag?post=44435"}],"curies":[{"name":"wp","href":"https:\/\/api.w.org\/{rel}","templated":true}]}}