{"id":44547,"date":"2025-09-25T08:00:04","date_gmt":"2025-09-25T06:00:04","guid":{"rendered":"https:\/\/cozy2wear.com\/?post_type=product&#038;p=44547"},"modified":"2026-02-17T09:17:29","modified_gmt":"2026-02-17T08:17:29","slug":"udobna-moka-dukserica","status":"publish","type":"product","link":"https:\/\/cozy2wear.com\/ba\/duksevi\/duks-snugly-mocha\/","title":{"rendered":"UTJECNA MOCHA DUKSERICA"},"content":{"rendered":"<p>Dukserica Snugly u krem boji dizajnirana je kao kombinacija udobnosti i modernog dizajna. Kratki i \u0161iroki kroj daje joj le\u017eeran dodir, dok visoka kragna s rupicom za dugmad i d\u017eep od imitacije patne dodaju poseban \u0161tih. Lako se kombinira u razli\u010ditim prilikama i savr\u0161en je izbor za svakodnevni stil.<\/p>\n<p><span style=\"font-weight: 400;\">Materijal koji smo odabrali je mekana pamu\u010dna podstava od organskog pamuka 100%, dizajnirana za prelazno ka hladnom vremenu. Proizvedeno s ljubavlju u humanim radnim uslovima, s velikom pa\u017enjom posve\u0107enom detaljima, kroju i kvaliteti proizvoda.<\/span><\/p>\n<p><span style=\"font-weight: 400;\">Proizvedeno u Srbiji.<\/span><\/p>","protected":false},"excerpt":{"rendered":"<p><span style=\"font-weight: 400;\">Udobna dukserica krem boje izra\u0111ena je od organskog pamuka 100% koji pru\u017ea savr\u0161enu meko\u0107u i udobnost. S visokom kragnom, vezicom i modernim detaljima poput imitacije na\u0161ivenog d\u017eepa, ova dukserica je izuzetno udobna i jednostavna za kombiniranje.<\/span><\/p>","protected":false},"featured_media":44554,"comment_status":"open","ping_status":"closed","template":"","meta":{"_acf_changed":false},"product_brand":[],"product_cat":[87],"product_tag":[275,276,272],"class_list":{"0":"post-44547","1":"product","2":"type-product","3":"status-publish","4":"has-post-thumbnail","6":"product_cat-duksevi","7":"product_tag-100-organski-pamuk","8":"product_tag-fall25","9":"product_tag-jesen-25","10":"pa_kolekcije-organic","11":"pa_odaberi-velicinu-125","12":"pa_odaberi-velicinu-126","14":"first","15":"outofstock","16":"taxable","17":"shipping-taxable","18":"purchasable","19":"product-type-variable"},"acf":[],"_links":{"self":[{"href":"https:\/\/cozy2wear.com\/ba\/wp-json\/wp\/v2\/product\/44547","targetHints":{"allow":["GET"]}}],"collection":[{"href":"https:\/\/cozy2wear.com\/ba\/wp-json\/wp\/v2\/product"}],"about":[{"href":"https:\/\/cozy2wear.com\/ba\/wp-json\/wp\/v2\/types\/product"}],"replies":[{"embeddable":true,"href":"https:\/\/cozy2wear.com\/ba\/wp-json\/wp\/v2\/comments?post=44547"}],"version-history":[{"count":0,"href":"https:\/\/cozy2wear.com\/ba\/wp-json\/wp\/v2\/product\/44547\/revisions"}],"wp:featuredmedia":[{"embeddable":true,"href":"https:\/\/cozy2wear.com\/ba\/wp-json\/wp\/v2\/media\/44554"}],"wp:attachment":[{"href":"https:\/\/cozy2wear.com\/ba\/wp-json\/wp\/v2\/media?parent=44547"}],"wp:term":[{"taxonomy":"product_brand","embeddable":true,"href":"https:\/\/cozy2wear.com\/ba\/wp-json\/wp\/v2\/product_brand?post=44547"},{"taxonomy":"product_cat","embeddable":true,"href":"https:\/\/cozy2wear.com\/ba\/wp-json\/wp\/v2\/product_cat?post=44547"},{"taxonomy":"product_tag","embeddable":true,"href":"https:\/\/cozy2wear.com\/ba\/wp-json\/wp\/v2\/product_tag?post=44547"}],"curies":[{"name":"wp","href":"https:\/\/api.w.org\/{rel}","templated":true}]}}