{"id":44608,"date":"2025-09-25T08:01:09","date_gmt":"2025-09-25T06:01:09","guid":{"rendered":"https:\/\/cozy2wear.com\/?post_type=product&#038;p=44608"},"modified":"2026-04-06T08:55:19","modified_gmt":"2026-04-06T06:55:19","slug":"majica-nia-interlock-tamno-siva","status":"publish","type":"product","link":"https:\/\/cozy2wear.com\/ba\/majice\/majica-nia-interlock-dark-grey\/","title":{"rendered":"MAJICA NIA INTERLOCK DARK GREY"},"content":{"rendered":"<p><span style=\"font-weight: 400;\">Majica Nia s interlock uzorkom je neobi\u010dnog kroja od pletene viskoze, du\u017ea pozadi i kra\u0107a sprijeda, idealna i za dan i za ve\u010de. Jedna od onih stvari za koje \u0107e vas svi pitati &quot;Gdje si je kupila?&quot;\u201e<\/span><\/p>\n<p><span style=\"font-weight: 400;\">Materijal koji smo odabrali je mekan<\/span><span style=\"font-weight: 400;\">100% organski pamu\u010dni interlok, dizajniran za prelazno vrijeme. Mo\u017ee se <\/span><span style=\"font-weight: 400;\">Nosi se u svim godi\u0161njim dobima. Proizvedeno s ljubavlju u humanim radnim uvjetima i s velikom pa\u017enjom posve\u0107enom detaljima, kroju i kvaliteti proizvoda.<\/span><span style=\"font-weight: 400;\">.<\/span><\/p>\n<p>Djevojka na fotografiji je visoka 173 cm i nosi veli\u010dinu 36\/38 - za pomo\u0107 pri odabiru veli\u010dina, pogledajte dimenzije proizvoda.<\/p>\n<p><span style=\"font-weight: 400;\">Proizvedeno u Srbiji.<\/span><\/p>","protected":false},"excerpt":{"rendered":"<p><span style=\"font-weight: 400;\">Majica Nia s interlock uzorkom je neobi\u010dnog kroja od pletene viskoze, du\u017ea pozadi i kra\u0107a sprijeda, idealna i za dan i za ve\u010de. Jedna od onih stvari za koje \u0107e vas svi pitati &quot;Gdje si je kupila?&quot;\u201e<\/span><\/p>","protected":false},"featured_media":44615,"comment_status":"open","ping_status":"closed","template":"","meta":{"_acf_changed":false},"product_brand":[],"product_cat":[75,84],"product_tag":[275,276,272],"class_list":{"0":"post-44608","1":"product","2":"type-product","3":"status-publish","4":"has-post-thumbnail","6":"product_cat-majice","7":"product_cat-dug-rukav","8":"product_tag-100-organski-pamuk","9":"product_tag-fall25","10":"product_tag-jesen-25","11":"pa_kolekcije-organic","12":"pa_odaberi-velicinu-125","13":"pa_odaberi-velicinu-126","14":"pa_odaberi-velicinu-131","16":"first","17":"outofstock","18":"taxable","19":"shipping-taxable","20":"purchasable","21":"product-type-variable"},"acf":[],"_links":{"self":[{"href":"https:\/\/cozy2wear.com\/ba\/wp-json\/wp\/v2\/product\/44608","targetHints":{"allow":["GET"]}}],"collection":[{"href":"https:\/\/cozy2wear.com\/ba\/wp-json\/wp\/v2\/product"}],"about":[{"href":"https:\/\/cozy2wear.com\/ba\/wp-json\/wp\/v2\/types\/product"}],"replies":[{"embeddable":true,"href":"https:\/\/cozy2wear.com\/ba\/wp-json\/wp\/v2\/comments?post=44608"}],"version-history":[{"count":0,"href":"https:\/\/cozy2wear.com\/ba\/wp-json\/wp\/v2\/product\/44608\/revisions"}],"wp:featuredmedia":[{"embeddable":true,"href":"https:\/\/cozy2wear.com\/ba\/wp-json\/wp\/v2\/media\/44615"}],"wp:attachment":[{"href":"https:\/\/cozy2wear.com\/ba\/wp-json\/wp\/v2\/media?parent=44608"}],"wp:term":[{"taxonomy":"product_brand","embeddable":true,"href":"https:\/\/cozy2wear.com\/ba\/wp-json\/wp\/v2\/product_brand?post=44608"},{"taxonomy":"product_cat","embeddable":true,"href":"https:\/\/cozy2wear.com\/ba\/wp-json\/wp\/v2\/product_cat?post=44608"},{"taxonomy":"product_tag","embeddable":true,"href":"https:\/\/cozy2wear.com\/ba\/wp-json\/wp\/v2\/product_tag?post=44608"}],"curies":[{"name":"wp","href":"https:\/\/api.w.org\/{rel}","templated":true}]}}