{"id":44689,"date":"2025-09-25T08:03:33","date_gmt":"2025-09-25T06:03:33","guid":{"rendered":"https:\/\/cozy2wear.com\/?post_type=product&#038;p=44689"},"modified":"2026-04-06T08:55:19","modified_gmt":"2026-04-06T06:55:19","slug":"trenerka-april-mocca","status":"publish","type":"product","link":"https:\/\/cozy2wear.com\/ba\/trenerke\/trenerka-april-mocha\/","title":{"rendered":"TRENERKA APRIL MOCHA"},"content":{"rendered":"<p>Trenerka April kreirana je za maksimalnu udobnost i jednostavno kombinovanje. Napravljena od organskog pamuka 100%, pru\u017ea meko\u0107u i prozra\u010dnost tokom cijelog dana. Ravan kroj i \u0161iroke nogavice omogu\u0107avaju slobodu kretanja, dok bo\u010dni d\u017eepovi dodaju da\u0161ak prakti\u010dnosti. Elasti\u010dni pojas sa u\u0161ivenom etiketom brenda daje joj posebnu prepoznatljivost, a nitan na sredini nogavica dodaje da\u0161ak elegancije. Bez obzira da li je nosite za opu\u0161tene trenutke, \u0161etnju gradom ili u kombinaciji sa modernim duksericama, trenerka April je komad koji odgovara svakom stilu.<\/p>\n<p>Materijal koji smo odabrali je mekana pamu\u010dna podstava od organskog pamuka 100%, dizajnirana za prelazno ka hladnom vremenu. Proizvedeno s ljubavlju u humanim radnim uslovima, s velikom pa\u017enjom posve\u0107enom detaljima, kroju i kvaliteti proizvoda.<\/p>\n<p>Djevojka na fotografiji je visoka 173 cm i nosi veli\u010dinu 36\/38 - za pomo\u0107 pri odabiru veli\u010dina, pogledajte dimenzije proizvoda.<\/p>\n<p>Proizvedeno u Srbiji.<\/p>","protected":false},"excerpt":{"rendered":"<p>Trenerka \u0161irokog kroja od pamuka 100% sa bo\u010dnim d\u017eepovima i elasti\u010dnim pojasom sa pri\u0161ivenom etiketom. Spajalica u sredini daje joj poseban pe\u010dat. Udobna, moderna i lako se uklapa u svaki stil.<\/p>","protected":false},"featured_media":44865,"comment_status":"open","ping_status":"closed","template":"","meta":{"_acf_changed":false},"product_brand":[],"product_cat":[88],"product_tag":[275,276,272],"class_list":{"0":"post-44689","1":"product","2":"type-product","3":"status-publish","4":"has-post-thumbnail","6":"product_cat-trenerke","7":"product_tag-100-organski-pamuk","8":"product_tag-fall25","9":"product_tag-jesen-25","10":"pa_kolekcije-organic","11":"pa_odaberi-velicinu-125","12":"pa_odaberi-velicinu-126","14":"first","15":"outofstock","16":"taxable","17":"shipping-taxable","18":"purchasable","19":"product-type-variable"},"acf":[],"_links":{"self":[{"href":"https:\/\/cozy2wear.com\/ba\/wp-json\/wp\/v2\/product\/44689","targetHints":{"allow":["GET"]}}],"collection":[{"href":"https:\/\/cozy2wear.com\/ba\/wp-json\/wp\/v2\/product"}],"about":[{"href":"https:\/\/cozy2wear.com\/ba\/wp-json\/wp\/v2\/types\/product"}],"replies":[{"embeddable":true,"href":"https:\/\/cozy2wear.com\/ba\/wp-json\/wp\/v2\/comments?post=44689"}],"version-history":[{"count":0,"href":"https:\/\/cozy2wear.com\/ba\/wp-json\/wp\/v2\/product\/44689\/revisions"}],"wp:featuredmedia":[{"embeddable":true,"href":"https:\/\/cozy2wear.com\/ba\/wp-json\/wp\/v2\/media\/44865"}],"wp:attachment":[{"href":"https:\/\/cozy2wear.com\/ba\/wp-json\/wp\/v2\/media?parent=44689"}],"wp:term":[{"taxonomy":"product_brand","embeddable":true,"href":"https:\/\/cozy2wear.com\/ba\/wp-json\/wp\/v2\/product_brand?post=44689"},{"taxonomy":"product_cat","embeddable":true,"href":"https:\/\/cozy2wear.com\/ba\/wp-json\/wp\/v2\/product_cat?post=44689"},{"taxonomy":"product_tag","embeddable":true,"href":"https:\/\/cozy2wear.com\/ba\/wp-json\/wp\/v2\/product_tag?post=44689"}],"curies":[{"name":"wp","href":"https:\/\/api.w.org\/{rel}","templated":true}]}}