{"id":44874,"date":"2025-09-25T08:07:01","date_gmt":"2025-09-25T06:07:01","guid":{"rendered":"https:\/\/cozy2wear.com\/?post_type=product&#038;p=44874"},"modified":"2026-02-17T09:13:19","modified_gmt":"2026-02-17T08:13:19","slug":"majica-viola-crna","status":"publish","type":"product","link":"https:\/\/cozy2wear.com\/ba\/majice\/majica-viola-black\/","title":{"rendered":"MAJICA VIOLA CRNA"},"content":{"rendered":"<p data-start=\"187\" data-end=\"528\">Majica Viola, izra\u0111ena od organskog pamuka 100%, dokazuje da jednostavnost nikad ne izlazi iz mode. S profinjenim V-izrezom i klasi\u010dnim krojem, odi\u0161e svestrano\u0161\u0107u i elegancijom. Prati liniju tijela i istovremeno je udobna. To je onaj osnovni komad garderobe koji ne zahtijeva previ\u0161e razmi\u0161ljanja i uvijek izgleda savr\u0161eno.<\/p>\n<p>Materijal koji smo odabrali je najmek\u0161i organski pamu\u010dni piling 100%, koji se obi\u010dno koristi za dje\u010dje bodije, jer va\u0161a ko\u017ea zaslu\u017euje najbolje. Mo\u017ee se nositi u svim godi\u0161njim dobima. Proizvedeno s ljubavlju u humanim radnim uvjetima, s velikom pa\u017enjom posve\u0107enom detaljima, kroju i kvaliteti proizvoda.<\/p>\n<p>Djevojka na fotografiji je visoka 173 cm i nosi veli\u010dinu 36\/38 - za pomo\u0107 pri odabiru veli\u010dina, pogledajte dimenzije proizvoda.<\/p>\n<p>Proizvedeno u Srbiji.<\/p>","protected":false},"excerpt":{"rendered":"<p>Majica s V-izrezom koja spaja udobnost i eleganciju. Idealan izbor kako za svakodnevne aktivnosti, tako i za ve\u010dernje prilike kada \u017eelite izgledati posebno.<\/p>","protected":false},"featured_media":44878,"comment_status":"open","ping_status":"closed","template":"","meta":{"_acf_changed":false},"product_brand":[],"product_cat":[75,84],"product_tag":[275,273,272],"class_list":{"0":"post-44874","1":"product","2":"type-product","3":"status-publish","4":"has-post-thumbnail","6":"product_cat-majice","7":"product_cat-dug-rukav","8":"product_tag-100-organski-pamuk","9":"product_tag-fall-25","10":"product_tag-jesen-25","11":"pa_kolekcije-organic","12":"pa_odaberi-velicinu-125","13":"pa_odaberi-velicinu-126","15":"first","16":"outofstock","17":"taxable","18":"shipping-taxable","19":"purchasable","20":"product-type-variable"},"acf":[],"_links":{"self":[{"href":"https:\/\/cozy2wear.com\/ba\/wp-json\/wp\/v2\/product\/44874","targetHints":{"allow":["GET"]}}],"collection":[{"href":"https:\/\/cozy2wear.com\/ba\/wp-json\/wp\/v2\/product"}],"about":[{"href":"https:\/\/cozy2wear.com\/ba\/wp-json\/wp\/v2\/types\/product"}],"replies":[{"embeddable":true,"href":"https:\/\/cozy2wear.com\/ba\/wp-json\/wp\/v2\/comments?post=44874"}],"version-history":[{"count":0,"href":"https:\/\/cozy2wear.com\/ba\/wp-json\/wp\/v2\/product\/44874\/revisions"}],"wp:featuredmedia":[{"embeddable":true,"href":"https:\/\/cozy2wear.com\/ba\/wp-json\/wp\/v2\/media\/44878"}],"wp:attachment":[{"href":"https:\/\/cozy2wear.com\/ba\/wp-json\/wp\/v2\/media?parent=44874"}],"wp:term":[{"taxonomy":"product_brand","embeddable":true,"href":"https:\/\/cozy2wear.com\/ba\/wp-json\/wp\/v2\/product_brand?post=44874"},{"taxonomy":"product_cat","embeddable":true,"href":"https:\/\/cozy2wear.com\/ba\/wp-json\/wp\/v2\/product_cat?post=44874"},{"taxonomy":"product_tag","embeddable":true,"href":"https:\/\/cozy2wear.com\/ba\/wp-json\/wp\/v2\/product_tag?post=44874"}],"curies":[{"name":"wp","href":"https:\/\/api.w.org\/{rel}","templated":true}]}}