{"id":44903,"date":"2025-09-25T08:06:13","date_gmt":"2025-09-25T06:06:13","guid":{"rendered":"https:\/\/cozy2wear.com\/?post_type=product&#038;p=44903"},"modified":"2026-04-18T15:36:24","modified_gmt":"2026-04-18T13:36:24","slug":"aspen-moka-trenirka","status":"publish","type":"product","link":"https:\/\/cozy2wear.com\/ba\/trenerke\/trenerka-aspen-mocha\/","title":{"rendered":"ASPEN MOCHA PATIKE"},"content":{"rendered":"<p>Aspen trenerka izra\u0111ena od organskog pamuka donosi osje\u0107aj lako\u0107e i slobode pokreta, dok \u0161iroki kroj stvara opu\u0161ten, ali istovremeno i \u0161ik izgled. Elasti\u010dni pojas i diskretni detalji dodaju prakti\u010dnost, dok se neutralni tonovi lako mogu kombinirati s drugim Cozy komadima. Idealna je kako za svakodnevne aktivnosti i \u0161etnje gradom, tako i za ugodne trenutke kod ku\u0107e.<\/p>\n<p>Materijal koji smo odabrali je mekana pamu\u010dna podstava od organskog pamuka 100%, dizajnirana za prelazno ka hladnom vremenu. Proizvedeno s ljubavlju u humanim radnim uslovima, s velikom pa\u017enjom posve\u0107enom detaljima, kroju i kvaliteti proizvoda.<\/p>\n<p>Djevojka na fotografiji je visoka 172 cm i nosi veli\u010dinu 36\/38 - za pomo\u0107 pri odabiru veli\u010dina, pogledajte dimenzije proizvoda.<\/p>\n<p>Proizvedeno u Srbiji.<\/p>","protected":false},"excerpt":{"rendered":"<p>Aspen trenerka - udobnost i stil u jednom komadu. Predimenzionirani kroj, organski pamuk 100% i boja koja se lako kombinuje za svaki trenutak.<\/p>","protected":false},"featured_media":44908,"comment_status":"open","ping_status":"closed","template":"","meta":{"_acf_changed":false},"product_brand":[],"product_cat":[88,279],"product_tag":[275,273,272],"class_list":{"0":"post-44903","1":"product","2":"type-product","3":"status-publish","4":"has-post-thumbnail","6":"product_cat-trenerke","7":"product_cat-outlet","8":"product_tag-100-organski-pamuk","9":"product_tag-fall-25","10":"product_tag-jesen-25","11":"pa_kolekcije-organic","12":"pa_odaberi-velicinu-125","13":"pa_odaberi-velicinu-126","15":"first","16":"instock","17":"sale","18":"taxable","19":"shipping-taxable","20":"purchasable","21":"product-type-variable"},"acf":[],"_links":{"self":[{"href":"https:\/\/cozy2wear.com\/ba\/wp-json\/wp\/v2\/product\/44903","targetHints":{"allow":["GET"]}}],"collection":[{"href":"https:\/\/cozy2wear.com\/ba\/wp-json\/wp\/v2\/product"}],"about":[{"href":"https:\/\/cozy2wear.com\/ba\/wp-json\/wp\/v2\/types\/product"}],"replies":[{"embeddable":true,"href":"https:\/\/cozy2wear.com\/ba\/wp-json\/wp\/v2\/comments?post=44903"}],"version-history":[{"count":0,"href":"https:\/\/cozy2wear.com\/ba\/wp-json\/wp\/v2\/product\/44903\/revisions"}],"wp:featuredmedia":[{"embeddable":true,"href":"https:\/\/cozy2wear.com\/ba\/wp-json\/wp\/v2\/media\/44908"}],"wp:attachment":[{"href":"https:\/\/cozy2wear.com\/ba\/wp-json\/wp\/v2\/media?parent=44903"}],"wp:term":[{"taxonomy":"product_brand","embeddable":true,"href":"https:\/\/cozy2wear.com\/ba\/wp-json\/wp\/v2\/product_brand?post=44903"},{"taxonomy":"product_cat","embeddable":true,"href":"https:\/\/cozy2wear.com\/ba\/wp-json\/wp\/v2\/product_cat?post=44903"},{"taxonomy":"product_tag","embeddable":true,"href":"https:\/\/cozy2wear.com\/ba\/wp-json\/wp\/v2\/product_tag?post=44903"}],"curies":[{"name":"wp","href":"https:\/\/api.w.org\/{rel}","templated":true}]}}