{"id":44916,"date":"2025-09-25T08:00:37","date_gmt":"2025-09-25T06:00:37","guid":{"rendered":"https:\/\/cozy2wear.com\/?post_type=product&#038;p=44916"},"modified":"2026-02-17T09:16:43","modified_gmt":"2026-02-17T08:16:43","slug":"lezerna-tamno-siva-trenerka","status":"publish","type":"product","link":"https:\/\/cozy2wear.com\/ba\/trenerke\/trenerka-casual-dark-grey\/","title":{"rendered":"LE\u017dERNA TAMNOSIVA TRENERKA"},"content":{"rendered":"<p>Le\u017eerna trenerka dizajnirana je za one dane kada \u017eelite maksimalnu udobnost, ali bez \u017ertvovanja stila. Krojena je tako da prati liniju tijela, ali s dovoljno prostora za osje\u0107aj opu\u0161tenosti tokom cijelog dana. Elasti\u010dni pojas s om\u010dom omogu\u0107ava lako pode\u0161avanje, dok elasti\u010dne nogavice daju sportski, ali uredan izgled. Mekana pamu\u010dna podstava osigurava ugodan osje\u0107aj na ko\u017ei, a neutralne boje olak\u0161avaju uklapanje u svaki ormar. Idealan izbor kako za \u0161etnju gradom i putovanja, tako i za opu\u0161tanje kod ku\u0107e.<\/p>\n<p>Materijal koji smo odabrali je mekana pamu\u010dna podstava od organskog pamuka 100%, dizajnirana za prelazno ka hladnom vremenu. Proizvedeno s ljubavlju u humanim radnim uslovima, s velikom pa\u017enjom posve\u0107enom detaljima, kroju i kvaliteti proizvoda.<\/p>\n<p>Djevojka na fotografiji je visoka 173 cm i nosi veli\u010dinu 36\/38 - za pomo\u0107 pri odabiru veli\u010dina, pogledajte dimenzije proizvoda.<\/p>\n<p>Proizvedeno u Srbiji.<\/p>","protected":false},"excerpt":{"rendered":"<p>Le\u017eerna trenerka je savr\u0161ena kombinacija udobnosti i modernog izgleda, idealna za opu\u0161tene trenutke i svakodnevne kombinacije.<\/p>","protected":false},"featured_media":44924,"comment_status":"open","ping_status":"closed","template":"","meta":{"_acf_changed":false},"product_brand":[],"product_cat":[88],"product_tag":[275,273,272],"class_list":{"0":"post-44916","1":"product","2":"type-product","3":"status-publish","4":"has-post-thumbnail","6":"product_cat-trenerke","7":"product_tag-100-organski-pamuk","8":"product_tag-fall-25","9":"product_tag-jesen-25","10":"pa_kolekcije-organic","11":"pa_odaberi-velicinu-125","12":"pa_odaberi-velicinu-126","14":"first","15":"outofstock","16":"taxable","17":"shipping-taxable","18":"purchasable","19":"product-type-variable"},"acf":[],"_links":{"self":[{"href":"https:\/\/cozy2wear.com\/ba\/wp-json\/wp\/v2\/product\/44916","targetHints":{"allow":["GET"]}}],"collection":[{"href":"https:\/\/cozy2wear.com\/ba\/wp-json\/wp\/v2\/product"}],"about":[{"href":"https:\/\/cozy2wear.com\/ba\/wp-json\/wp\/v2\/types\/product"}],"replies":[{"embeddable":true,"href":"https:\/\/cozy2wear.com\/ba\/wp-json\/wp\/v2\/comments?post=44916"}],"version-history":[{"count":0,"href":"https:\/\/cozy2wear.com\/ba\/wp-json\/wp\/v2\/product\/44916\/revisions"}],"wp:featuredmedia":[{"embeddable":true,"href":"https:\/\/cozy2wear.com\/ba\/wp-json\/wp\/v2\/media\/44924"}],"wp:attachment":[{"href":"https:\/\/cozy2wear.com\/ba\/wp-json\/wp\/v2\/media?parent=44916"}],"wp:term":[{"taxonomy":"product_brand","embeddable":true,"href":"https:\/\/cozy2wear.com\/ba\/wp-json\/wp\/v2\/product_brand?post=44916"},{"taxonomy":"product_cat","embeddable":true,"href":"https:\/\/cozy2wear.com\/ba\/wp-json\/wp\/v2\/product_cat?post=44916"},{"taxonomy":"product_tag","embeddable":true,"href":"https:\/\/cozy2wear.com\/ba\/wp-json\/wp\/v2\/product_tag?post=44916"}],"curies":[{"name":"wp","href":"https:\/\/api.w.org\/{rel}","templated":true}]}}