{"id":44993,"date":"2025-09-25T08:00:16","date_gmt":"2025-09-25T06:00:16","guid":{"rendered":"https:\/\/cozy2wear.com\/?post_type=product&#038;p=44993"},"modified":"2026-04-17T18:25:13","modified_gmt":"2026-04-17T16:25:13","slug":"tamno-siva-dukserica-denise","status":"publish","type":"product","link":"https:\/\/cozy2wear.com\/ba\/duksevi\/duks-denise-dark-grey\/","title":{"rendered":"DENISE TAMNO SIVA D\u017dUSTERICA"},"content":{"rendered":"<p>Denise dukserica je predimenzionirana dukserica s kapulja\u010dom i spu\u0161tenim ramenima za opu\u0161ten osje\u0107aj, dok elegantni metalni panel Cozy na prednjoj strani dodaje suptilan detalj. Napravljena od organskog pamuka, ova dukserica je savr\u0161ena za svakodnevno no\u0161enje, bilo da je kombinirate s trenerkom za sportski izgled ili s farmerkama i patikama za urbani le\u017eerni stil. S kapulja\u010dom i diskretnim \u0161avovima, dukserica je komad koji odi\u0161e jednostavno\u0161\u0107u i lako se uklapa u svaku garderobu.<\/p>\n<p>Materijal koji smo odabrali je mekana pamu\u010dna podstava od organskog pamuka 100%, dizajnirana za prelazno ka hladnom vremenu. Proizvedeno s ljubavlju u humanim radnim uslovima, s velikom pa\u017enjom posve\u0107enom detaljima, kroju i kvaliteti proizvoda.<\/p>\n<p>Djevojka na fotografiji je visoka 173 cm i nosi veli\u010dinu 36\/38 - za pomo\u0107 pri odabiru veli\u010dina, pogledajte dimenzije proizvoda.<\/p>\n<p>Proizvedeno u Srbiji.<\/p>","protected":false},"excerpt":{"rendered":"<p data-start=\"637\" data-end=\"758\">Denise dukserica - predimenzionirana dukserica s kapulja\u010dom i Cosy panelom, izra\u0111ena od organskog pamuka za savr\u0161enu udobnost i stil.<\/p>","protected":false},"featured_media":45002,"comment_status":"open","ping_status":"closed","template":"","meta":{"_acf_changed":false},"product_brand":[],"product_cat":[87,279],"product_tag":[275,273,272],"class_list":{"0":"post-44993","1":"product","2":"type-product","3":"status-publish","4":"has-post-thumbnail","6":"product_cat-duksevi","7":"product_cat-outlet","8":"product_tag-100-organski-pamuk","9":"product_tag-fall-25","10":"product_tag-jesen-25","11":"pa_kolekcije-organic","12":"pa_odaberi-velicinu-125","13":"pa_odaberi-velicinu-126","15":"first","16":"instock","17":"sale","18":"taxable","19":"shipping-taxable","20":"purchasable","21":"product-type-variable"},"acf":[],"_links":{"self":[{"href":"https:\/\/cozy2wear.com\/ba\/wp-json\/wp\/v2\/product\/44993","targetHints":{"allow":["GET"]}}],"collection":[{"href":"https:\/\/cozy2wear.com\/ba\/wp-json\/wp\/v2\/product"}],"about":[{"href":"https:\/\/cozy2wear.com\/ba\/wp-json\/wp\/v2\/types\/product"}],"replies":[{"embeddable":true,"href":"https:\/\/cozy2wear.com\/ba\/wp-json\/wp\/v2\/comments?post=44993"}],"version-history":[{"count":0,"href":"https:\/\/cozy2wear.com\/ba\/wp-json\/wp\/v2\/product\/44993\/revisions"}],"wp:featuredmedia":[{"embeddable":true,"href":"https:\/\/cozy2wear.com\/ba\/wp-json\/wp\/v2\/media\/45002"}],"wp:attachment":[{"href":"https:\/\/cozy2wear.com\/ba\/wp-json\/wp\/v2\/media?parent=44993"}],"wp:term":[{"taxonomy":"product_brand","embeddable":true,"href":"https:\/\/cozy2wear.com\/ba\/wp-json\/wp\/v2\/product_brand?post=44993"},{"taxonomy":"product_cat","embeddable":true,"href":"https:\/\/cozy2wear.com\/ba\/wp-json\/wp\/v2\/product_cat?post=44993"},{"taxonomy":"product_tag","embeddable":true,"href":"https:\/\/cozy2wear.com\/ba\/wp-json\/wp\/v2\/product_tag?post=44993"}],"curies":[{"name":"wp","href":"https:\/\/api.w.org\/{rel}","templated":true}]}}